{"id":1173,"date":"2025-11-21T22:11:02","date_gmt":"2025-11-21T22:11:02","guid":{"rendered":"https:\/\/audiobook-24.com\/?post_type=product&#038;p=1173"},"modified":"2025-11-21T22:11:02","modified_gmt":"2025-11-21T22:11:02","slug":"chatgpt-%f0%9f%93%9a-ebook-krimi-matthew-costello-cherringham-07-die-leiche-im-see-%f0%9f%93%9a","status":"publish","type":"product","link":"https:\/\/audiobook-24.com\/en\/product\/chatgpt-%f0%9f%93%9a-ebook-krimi-matthew-costello-cherringham-07-die-leiche-im-see-%f0%9f%93%9a\/","title":{"rendered":"ChatGPT:  \ud83d\udcda Ebook Krimi: Matthew Costello \u2013 Cherringham 07: Die Leiche im See \ud83d\udcda"},"content":{"rendered":"<p data-start=\"0\" data-end=\"79\">\ud83d\udcda <strong data-start=\"3\" data-end=\"74\">Ebook Krimi: Matthew Costello \u2013 <em data-start=\"37\" data-end=\"72\">Cherringham 07: Die Leiche im See<\/em><\/strong> \ud83d\udcda<\/p>\n<p data-start=\"81\" data-end=\"453\">\ud83c\udf0a <strong data-start=\"84\" data-end=\"169\">Ein stiller See. Eine tote Frau. Und ein Geheimnis, das an die Oberfl\u00e4che dr\u00e4ngt.<\/strong><br data-start=\"169\" data-end=\"172\" \/>In der siebten Folge der beliebten <em data-start=\"207\" data-end=\"220\">Cherringham<\/em>-Reihe sorgt ein grausiger Fund f\u00fcr Aufsehen: Im malerischen See am Rande des Dorfes wird die Leiche einer jungen Frau entdeckt. Was zun\u00e4chst wie ein tragischer Unfall wirkt, entpuppt sich schnell als <strong data-start=\"421\" data-end=\"450\">Mord mit klarer Botschaft<\/strong>.<\/p>\n<p data-start=\"455\" data-end=\"666\">\ud83d\udd75\ufe0f\u200d\u2640\ufe0f <strong data-start=\"462\" data-end=\"479\">Sarah Edwards<\/strong> und \ud83d\udd75\ufe0f\u200d\u2642\ufe0f <strong data-start=\"491\" data-end=\"507\">Jack Brennan<\/strong> beginnen zu ermitteln \u2013 und sto\u00dfen bald auf ein Geflecht aus <strong data-start=\"569\" data-end=\"641\">zerbrochenen Beziehungen, heimlichen Treffen und einer Vergangenheit<\/strong>, die nicht ruhen will.<\/p>\n<p data-start=\"668\" data-end=\"913\">\ud83d\udd0e St\u00fcck f\u00fcr St\u00fcck rekonstruieren sie die letzten Stunden der Toten und merken:<br data-start=\"747\" data-end=\"750\" \/><strong data-start=\"750\" data-end=\"815\">Jemand aus Cherringham hat mehr zu verbergen, als er vorgibt.<\/strong><br data-start=\"815\" data-end=\"818\" \/>Und der See, so friedlich er scheint, hat viel l\u00e4nger geschwiegen, als gut f\u00fcr das Dorf war \u2026<\/p>\n<p data-start=\"915\" data-end=\"1107\">\ud83d\udc80 <strong data-start=\"918\" data-end=\"969\">Wer hatte ein Motiv? Wer hatte die Gelegenheit?<\/strong><br data-start=\"969\" data-end=\"972\" \/>Sarah und Jack m\u00fcssen tiefer graben als je zuvor, um die Wahrheit ans Licht zu bringen \u2013 bevor weitere Geheimnisse im Wasser versinken.<\/p>\n<p data-start=\"1109\" data-end=\"1207\">\u2728 <strong data-start=\"1111\" data-end=\"1207\">Atmosph\u00e4risch, mysteri\u00f6s und voller Spannung \u2013 klassischer Cosy Crime mit G\u00e4nsehautmomenten!<\/strong><\/p>\n<hr data-start=\"1209\" data-end=\"1212\" \/>\n<p data-start=\"1214\" data-end=\"1382\">\ud83d\udcb3 <strong data-start=\"1217\" data-end=\"1236\">Nach Bezahlung:<\/strong><br data-start=\"1236\" data-end=\"1239\" \/>\ud83d\udcbb Sofortiger Download f\u00fcr PC<br data-start=\"1268\" data-end=\"1271\" \/>\ud83d\udcf1 Sofortiger Download f\u00fcrs Handy<br data-start=\"1304\" data-end=\"1307\" \/>\ud83d\udda5\ufe0f Sofortiger Download f\u00fcrs Tablet<br data-start=\"1342\" data-end=\"1345\" \/>\ud83d\udcda Sofortiger Download f\u00fcr E-Reader<\/p>\n<p data-start=\"1384\" data-end=\"1427\" data-is-last-node=\"\" data-is-only-node=\"\">\ud83d\udca5 <strong data-start=\"1387\" data-end=\"1424\">Einmal gekauft \u2013 f\u00fcr immer deins!<\/strong> \ud83d\udca5<\/p>","protected":false},"excerpt":{"rendered":"<p>\ud83d\udcda Ebook Krimi: Matthew Costello \u2013 Cherringham 07: Die Leiche im See \ud83d\udcda \ud83c\udf0a Ein stiller See. Eine tote Frau. Und ein Geheimnis, das an die Oberfl\u00e4che dr\u00e4ngt.In der siebten Folge der beliebten Cherringham-Reihe sorgt ein grausiger Fund f\u00fcr Aufsehen: Im malerischen See am Rande des Dorfes wird die Leiche einer jungen Frau entdeckt. Was [&hellip;]<\/p>\n","protected":false},"featured_media":1174,"comment_status":"open","ping_status":"closed","template":"","meta":[],"product_brand":[],"product_cat":[39],"product_tag":[],"class_list":{"0":"post-1173","1":"product","2":"type-product","3":"status-publish","4":"has-post-thumbnail","6":"product_cat-e-book-krimi","8":"first","9":"instock","10":"sale","11":"shipping-taxable","12":"purchasable","13":"product-type-simple"},"jetpack_sharing_enabled":true,"_links":{"self":[{"href":"https:\/\/audiobook-24.com\/en\/wp-json\/wp\/v2\/product\/1173","targetHints":{"allow":["GET"]}}],"collection":[{"href":"https:\/\/audiobook-24.com\/en\/wp-json\/wp\/v2\/product"}],"about":[{"href":"https:\/\/audiobook-24.com\/en\/wp-json\/wp\/v2\/types\/product"}],"replies":[{"embeddable":true,"href":"https:\/\/audiobook-24.com\/en\/wp-json\/wp\/v2\/comments?post=1173"}],"wp:featuredmedia":[{"embeddable":true,"href":"https:\/\/audiobook-24.com\/en\/wp-json\/wp\/v2\/media\/1174"}],"wp:attachment":[{"href":"https:\/\/audiobook-24.com\/en\/wp-json\/wp\/v2\/media?parent=1173"}],"wp:term":[{"taxonomy":"product_brand","embeddable":true,"href":"https:\/\/audiobook-24.com\/en\/wp-json\/wp\/v2\/product_brand?post=1173"},{"taxonomy":"product_cat","embeddable":true,"href":"https:\/\/audiobook-24.com\/en\/wp-json\/wp\/v2\/product_cat?post=1173"},{"taxonomy":"product_tag","embeddable":true,"href":"https:\/\/audiobook-24.com\/en\/wp-json\/wp\/v2\/product_tag?post=1173"}],"curies":[{"name":"wp","href":"https:\/\/api.w.org\/{rel}","templated":true}]}}