{"id":1168,"date":"2025-11-21T22:05:03","date_gmt":"2025-11-21T22:05:03","guid":{"rendered":"https:\/\/audiobook-24.com\/?post_type=product&#038;p=1168"},"modified":"2025-11-21T22:05:03","modified_gmt":"2025-11-21T22:05:03","slug":"chatgpt-%f0%9f%93%9a-ebook-krimi-matthew-costello-cherringham-05-letzter-zug-nach-london-%f0%9f%93%9a","status":"publish","type":"product","link":"https:\/\/audiobook-24.com\/en\/product\/chatgpt-%f0%9f%93%9a-ebook-krimi-matthew-costello-cherringham-05-letzter-zug-nach-london-%f0%9f%93%9a\/","title":{"rendered":"ChatGPT:  \ud83d\udcda Ebook Krimi: Matthew Costello \u2013 Cherringham 05: Letzter Zug nach London \ud83d\udcda"},"content":{"rendered":"<p data-start=\"0\" data-end=\"85\">\ud83d\udcda <strong data-start=\"3\" data-end=\"80\">Ebook Krimi: Matthew Costello \u2013 <em data-start=\"37\" data-end=\"78\">Cherringham 05: Letzter Zug nach London<\/em><\/strong> \ud83d\udcda<\/p>\n<p data-start=\"87\" data-end=\"434\">\ud83d\ude86 <strong data-start=\"90\" data-end=\"155\">Ein Zug verschwindet in der Nacht \u2013 und mit ihm die Wahrheit.<\/strong><br data-start=\"155\" data-end=\"158\" \/>Im f\u00fcnften Teil der beliebten <em data-start=\"188\" data-end=\"201\">Cherringham<\/em>-Reihe wird das ruhige Dorf erneut ersch\u00fcttert. Ein angesehener Gesch\u00e4ftsmann steigt abends in den Zug nach London \u2013 doch dort kommt er <strong data-start=\"337\" data-end=\"347\">nie an<\/strong>. Kurz darauf wird seine Leiche entdeckt, und schnell wird klar: Das war kein Unfall.<\/p>\n<p data-start=\"436\" data-end=\"664\">\ud83d\udd75\ufe0f\u200d\u2640\ufe0f <strong data-start=\"443\" data-end=\"460\">Sarah Edwards<\/strong> und \ud83d\udd75\ufe0f\u200d\u2642\ufe0f <strong data-start=\"472\" data-end=\"488\">Jack Brennan<\/strong> nehmen die Ermittlungen auf und folgen den Spuren bis zur Bahnlinie, zu zwielichtigen Gesch\u00e4ftspartnern und zu Menschen, die mehr zu verlieren haben, als sie zugeben wollen.<\/p>\n<p data-start=\"666\" data-end=\"894\">\ud83d\udd0e <strong data-start=\"669\" data-end=\"708\">Was geschah wirklich in diesem Zug?<\/strong><br data-start=\"708\" data-end=\"711\" \/>W\u00e4hrend Sarah und Jack die letzten Stunden des Opfers rekonstruieren, sto\u00dfen sie auf ein Netz aus <strong data-start=\"809\" data-end=\"861\">Intrigen, versteckten Rivalit\u00e4ten und einer L\u00fcge<\/strong>, die alles ins Rollen brachte.<\/p>\n<p data-start=\"896\" data-end=\"990\">\ud83d\udc80 <strong data-start=\"899\" data-end=\"990\">Ein Mord, der aus dem Dunkel kam \u2013 und ein T\u00e4ter, der alles auf eine Karte gesetzt hat.<\/strong><\/p>\n<p data-start=\"992\" data-end=\"1087\">\u2728 <strong data-start=\"994\" data-end=\"1087\">Spannend, britisch-atmosph\u00e4risch und voller cleverer Wendungen \u2013 Cosy Crime vom Feinsten!<\/strong><\/p>\n<hr data-start=\"1089\" data-end=\"1092\" \/>\n<p data-start=\"1094\" data-end=\"1262\">\ud83d\udcb3 <strong data-start=\"1097\" data-end=\"1116\">Nach Bezahlung:<\/strong><br data-start=\"1116\" data-end=\"1119\" \/>\ud83d\udcbb Sofortiger Download f\u00fcr PC<br data-start=\"1148\" data-end=\"1151\" \/>\ud83d\udcf1 Sofortiger Download f\u00fcrs Handy<br data-start=\"1184\" data-end=\"1187\" \/>\ud83d\udda5\ufe0f Sofortiger Download f\u00fcrs Tablet<br data-start=\"1222\" data-end=\"1225\" \/>\ud83d\udcda Sofortiger Download f\u00fcr E-Reader<\/p>\n<p data-start=\"1264\" data-end=\"1307\" data-is-last-node=\"\" data-is-only-node=\"\">\ud83d\udca5 <strong data-start=\"1267\" data-end=\"1304\">Einmal gekauft \u2013 f\u00fcr immer deins!<\/strong> \ud83d\udca5<\/p>","protected":false},"excerpt":{"rendered":"<p>\ud83d\udcda Ebook Krimi: Matthew Costello \u2013 Cherringham 05: Letzter Zug nach London \ud83d\udcda \ud83d\ude86 Ein Zug verschwindet in der Nacht \u2013 und mit ihm die Wahrheit.Im f\u00fcnften Teil der beliebten Cherringham-Reihe wird das ruhige Dorf erneut ersch\u00fcttert. Ein angesehener Gesch\u00e4ftsmann steigt abends in den Zug nach London \u2013 doch dort kommt er nie an. Kurz [&hellip;]<\/p>\n","protected":false},"featured_media":1169,"comment_status":"open","ping_status":"closed","template":"","meta":[],"product_brand":[],"product_cat":[39],"product_tag":[],"class_list":{"0":"post-1168","1":"product","2":"type-product","3":"status-publish","4":"has-post-thumbnail","6":"product_cat-e-book-krimi","8":"first","9":"instock","10":"sale","11":"virtual","12":"purchasable","13":"product-type-simple"},"jetpack_sharing_enabled":true,"_links":{"self":[{"href":"https:\/\/audiobook-24.com\/en\/wp-json\/wp\/v2\/product\/1168","targetHints":{"allow":["GET"]}}],"collection":[{"href":"https:\/\/audiobook-24.com\/en\/wp-json\/wp\/v2\/product"}],"about":[{"href":"https:\/\/audiobook-24.com\/en\/wp-json\/wp\/v2\/types\/product"}],"replies":[{"embeddable":true,"href":"https:\/\/audiobook-24.com\/en\/wp-json\/wp\/v2\/comments?post=1168"}],"wp:featuredmedia":[{"embeddable":true,"href":"https:\/\/audiobook-24.com\/en\/wp-json\/wp\/v2\/media\/1169"}],"wp:attachment":[{"href":"https:\/\/audiobook-24.com\/en\/wp-json\/wp\/v2\/media?parent=1168"}],"wp:term":[{"taxonomy":"product_brand","embeddable":true,"href":"https:\/\/audiobook-24.com\/en\/wp-json\/wp\/v2\/product_brand?post=1168"},{"taxonomy":"product_cat","embeddable":true,"href":"https:\/\/audiobook-24.com\/en\/wp-json\/wp\/v2\/product_cat?post=1168"},{"taxonomy":"product_tag","embeddable":true,"href":"https:\/\/audiobook-24.com\/en\/wp-json\/wp\/v2\/product_tag?post=1168"}],"curies":[{"name":"wp","href":"https:\/\/api.w.org\/{rel}","templated":true}]}}