{"id":1166,"date":"2025-11-21T21:58:16","date_gmt":"2025-11-21T21:58:16","guid":{"rendered":"https:\/\/audiobook-24.com\/?post_type=product&#038;p=1166"},"modified":"2025-11-21T21:58:16","modified_gmt":"2025-11-21T21:58:16","slug":"%f0%9f%93%9a-ebook-krimi-matthew-costello-cherringham-04-die-nacht-der-langfinger-%f0%9f%93%9a","status":"publish","type":"product","link":"https:\/\/audiobook-24.com\/en\/product\/%f0%9f%93%9a-ebook-krimi-matthew-costello-cherringham-04-die-nacht-der-langfinger-%f0%9f%93%9a\/","title":{"rendered":"\ud83d\udcda Ebook Krimi: Matthew Costello \u2013 Cherringham 04: Die Nacht der Langfinger \ud83d\udcda"},"content":{"rendered":"<article class=\"text-token-text-primary w-full focus:outline-none [--shadow-height:45px] has-data-writing-block:pointer-events-none has-data-writing-block:-mt-(--shadow-height) has-data-writing-block:pt-(--shadow-height) [&amp;:has([data-writing-block])&gt;*]:pointer-events-auto [content-visibility:auto] supports-[content-visibility:auto]:[contain-intrinsic-size:auto_100lvh] scroll-mt-[calc(var(--header-height)+min(200px,max(70px,20svh)))]\" dir=\"auto\" tabindex=\"-1\" data-turn-id=\"request-WEB:7d0a695c-ec09-4340-8d06-c4f63e05a2cb-6\" data-testid=\"conversation-turn-14\" data-scroll-anchor=\"true\" data-turn=\"assistant\">\n<div class=\"text-base my-auto mx-auto pb-10 [--thread-content-margin:--spacing(4)] thread-sm:[--thread-content-margin:--spacing(6)] thread-lg:[--thread-content-margin:--spacing(16)] px-(--thread-content-margin)\">\n<div class=\"[--thread-content-max-width:40rem] thread-lg:[--thread-content-max-width:48rem] mx-auto max-w-(--thread-content-max-width) flex-1 group\/turn-messages focus-visible:outline-hidden relative flex w-full min-w-0 flex-col agent-turn\" tabindex=\"-1\">\n<div class=\"flex max-w-full flex-col grow\">\n<div class=\"min-h-8 text-message relative flex w-full flex-col items-end gap-2 text-start break-words whitespace-normal [.text-message+&amp;]:mt-1\" dir=\"auto\" data-message-author-role=\"assistant\" data-message-id=\"e15733ed-399b-424c-9fd4-2a5f492ba7b4\" data-message-model-slug=\"gpt-5-1\">\n<div class=\"flex w-full flex-col gap-1 empty:hidden first:pt-[1px]\">\n<div class=\"markdown prose dark:prose-invert w-full break-words light markdown-new-styling\">\n<p data-start=\"0\" data-end=\"86\">\ud83d\udcda <strong data-start=\"3\" data-end=\"81\">Ebook Krimi: Matthew Costello \u2013 <em data-start=\"37\" data-end=\"79\">Cherringham 04: Die Nacht der Langfinger<\/em><\/strong> \ud83d\udcda<\/p>\n<p data-start=\"88\" data-end=\"500\">\ud83c\udfad <strong data-start=\"91\" data-end=\"195\">Ein Wohlt\u00e4tigkeitsevent, ein wertvolles Erbst\u00fcck \u2013 und ein Dieb, der schneller ist als der Schatten.<\/strong><br data-start=\"195\" data-end=\"198\" \/>In der vierten Folge der beliebten <em data-start=\"233\" data-end=\"246\">Cherringham<\/em>-Reihe herrscht im Dorf festliche Stimmung: Bei einem eleganten Benefizabend soll ein kostbares Schmuckst\u00fcck pr\u00e4sentiert werden. Doch als der Vorhang aufgeht, ist das gute St\u00fcck <strong data-start=\"424\" data-end=\"448\">spurlos verschwunden<\/strong> \u2013 und der Galaabend verwandelt sich in ein Chaos.<\/p>\n<p data-start=\"502\" data-end=\"666\">\ud83d\udd75\ufe0f\u200d\u2642\ufe0f <strong data-start=\"509\" data-end=\"525\">Jack Brennan<\/strong>, Ex-Cop mit messerscharfem Blick, und<br data-start=\"563\" data-end=\"566\" \/>\ud83d\udd75\ufe0f\u200d\u2640\ufe0f <strong data-start=\"573\" data-end=\"590\">Sarah Edwards<\/strong>, kluge Hobbydetektivin mit technischem Know-how, werden um Hilfe gebeten.<\/p>\n<p data-start=\"668\" data-end=\"946\">\ud83d\udd0e Was als einfacher Diebstahl beginnt, entpuppt sich schnell als ein perfekt orchestrierter Coup. Die beiden Ermittler sto\u00dfen auf <strong data-start=\"799\" data-end=\"890\">falsche Alibis, verschlungene Motive und ein raffiniert vorbereitetes Ablenkungsman\u00f6ver<\/strong>, das nur jemand mit viel Insiderwissen planen konnte.<\/p>\n<p data-start=\"948\" data-end=\"1145\">\ud83d\udcbc <strong data-start=\"951\" data-end=\"1002\">Wer steckt hinter dem ausgekl\u00fcgelten Diebstahl?<\/strong><br data-start=\"1002\" data-end=\"1005\" \/>W\u00e4hrend Jack und Sarah die Puzzleteile zusammensetzen, zeigen sich die wahren Abgr\u00fcnde hinter Cherringhams ansonsten so charmanten Kulissen.<\/p>\n<p data-start=\"1147\" data-end=\"1230\">\u2728 <strong data-start=\"1149\" data-end=\"1230\">Pfiffig, spannend und typisch britisch \u2013 ideal f\u00fcr Fans cleverer Cosy Crimes!<\/strong><\/p>\n<hr data-start=\"1232\" data-end=\"1235\" \/>\n<p data-start=\"1237\" data-end=\"1405\">\ud83d\udcb3 <strong data-start=\"1240\" data-end=\"1259\">Nach Bezahlung:<\/strong><br data-start=\"1259\" data-end=\"1262\" \/>\ud83d\udcbb Sofortiger Download f\u00fcr PC<br data-start=\"1291\" data-end=\"1294\" \/>\ud83d\udcf1 Sofortiger Download f\u00fcrs Handy<br data-start=\"1327\" data-end=\"1330\" \/>\ud83d\udda5\ufe0f Sofortiger Download f\u00fcrs Tablet<br data-start=\"1365\" data-end=\"1368\" \/>\ud83d\udcda Sofortiger Download f\u00fcr E-Reader<\/p>\n<p data-start=\"1407\" data-end=\"1450\" data-is-last-node=\"\" data-is-only-node=\"\">\ud83d\udca5 <strong data-start=\"1410\" data-end=\"1447\">Einmal gekauft \u2013 f\u00fcr immer deins!<\/strong> \ud83d\udca5<\/p>\n<\/div>\n<\/div>\n<\/div>\n<\/div>\n<div class=\"z-0 flex min-h-[46px] justify-start\"><\/div>\n<div class=\"mt-3 w-full empty:hidden\">\n<div class=\"text-center\"><\/div>\n<\/div>\n<\/div>\n<\/div>\n<\/article>\n<div class=\"pointer-events-none h-px w-px\" aria-hidden=\"true\" data-edge=\"true\"><\/div>\n","protected":false},"excerpt":{"rendered":"<p>\ud83d\udcda Ebook Krimi: Matthew Costello \u2013 Cherringham 04: Die Nacht der Langfinger \ud83d\udcda \ud83c\udfad Ein Wohlt\u00e4tigkeitsevent, ein wertvolles Erbst\u00fcck \u2013 und ein Dieb, der schneller ist als der Schatten.In der vierten Folge der beliebten Cherringham-Reihe herrscht im Dorf festliche Stimmung: Bei einem eleganten Benefizabend soll ein kostbares Schmuckst\u00fcck pr\u00e4sentiert werden. Doch als der Vorhang aufgeht, [&hellip;]<\/p>\n","protected":false},"featured_media":1167,"comment_status":"open","ping_status":"closed","template":"","meta":[],"product_brand":[],"product_cat":[39],"product_tag":[],"class_list":{"0":"post-1166","1":"product","2":"type-product","3":"status-publish","4":"has-post-thumbnail","6":"product_cat-e-book-krimi","8":"first","9":"instock","10":"sale","11":"virtual","12":"purchasable","13":"product-type-simple"},"jetpack_sharing_enabled":true,"_links":{"self":[{"href":"https:\/\/audiobook-24.com\/en\/wp-json\/wp\/v2\/product\/1166","targetHints":{"allow":["GET"]}}],"collection":[{"href":"https:\/\/audiobook-24.com\/en\/wp-json\/wp\/v2\/product"}],"about":[{"href":"https:\/\/audiobook-24.com\/en\/wp-json\/wp\/v2\/types\/product"}],"replies":[{"embeddable":true,"href":"https:\/\/audiobook-24.com\/en\/wp-json\/wp\/v2\/comments?post=1166"}],"wp:featuredmedia":[{"embeddable":true,"href":"https:\/\/audiobook-24.com\/en\/wp-json\/wp\/v2\/media\/1167"}],"wp:attachment":[{"href":"https:\/\/audiobook-24.com\/en\/wp-json\/wp\/v2\/media?parent=1166"}],"wp:term":[{"taxonomy":"product_brand","embeddable":true,"href":"https:\/\/audiobook-24.com\/en\/wp-json\/wp\/v2\/product_brand?post=1166"},{"taxonomy":"product_cat","embeddable":true,"href":"https:\/\/audiobook-24.com\/en\/wp-json\/wp\/v2\/product_cat?post=1166"},{"taxonomy":"product_tag","embeddable":true,"href":"https:\/\/audiobook-24.com\/en\/wp-json\/wp\/v2\/product_tag?post=1166"}],"curies":[{"name":"wp","href":"https:\/\/api.w.org\/{rel}","templated":true}]}}