{"id":1164,"date":"2025-11-21T21:55:23","date_gmt":"2025-11-21T21:55:23","guid":{"rendered":"https:\/\/audiobook-24.com\/?post_type=product&#038;p=1164"},"modified":"2025-11-21T21:55:23","modified_gmt":"2025-11-21T21:55:23","slug":"chatgpt-%f0%9f%93%9a-ebook-krimi-matthew-costello-cherringham-03-mord-im-mondschein-%f0%9f%93%9a","status":"publish","type":"product","link":"https:\/\/audiobook-24.com\/en\/product\/chatgpt-%f0%9f%93%9a-ebook-krimi-matthew-costello-cherringham-03-mord-im-mondschein-%f0%9f%93%9a\/","title":{"rendered":"ChatGPT:  \ud83d\udcda Ebook Krimi: Matthew Costello \u2013 Cherringham 03: Mord im Mondschein \ud83d\udcda"},"content":{"rendered":"<article class=\"text-token-text-primary w-full focus:outline-none [--shadow-height:45px] has-data-writing-block:pointer-events-none has-data-writing-block:-mt-(--shadow-height) has-data-writing-block:pt-(--shadow-height) [&amp;:has([data-writing-block])&gt;*]:pointer-events-auto [content-visibility:auto] supports-[content-visibility:auto]:[contain-intrinsic-size:auto_100lvh] scroll-mt-[calc(var(--header-height)+min(200px,max(70px,20svh)))]\" dir=\"auto\" tabindex=\"-1\" data-turn-id=\"request-WEB:7d0a695c-ec09-4340-8d06-c4f63e05a2cb-5\" data-testid=\"conversation-turn-12\" data-scroll-anchor=\"true\" data-turn=\"assistant\">\n<div class=\"text-base my-auto mx-auto pb-10 [--thread-content-margin:--spacing(4)] thread-sm:[--thread-content-margin:--spacing(6)] thread-lg:[--thread-content-margin:--spacing(16)] px-(--thread-content-margin)\">\n<div class=\"[--thread-content-max-width:40rem] thread-lg:[--thread-content-max-width:48rem] mx-auto max-w-(--thread-content-max-width) flex-1 group\/turn-messages focus-visible:outline-hidden relative flex w-full min-w-0 flex-col agent-turn\" tabindex=\"-1\">\n<div class=\"flex max-w-full flex-col grow\">\n<div class=\"min-h-8 text-message relative flex w-full flex-col items-end gap-2 text-start break-words whitespace-normal [.text-message+&amp;]:mt-1\" dir=\"auto\" data-message-author-role=\"assistant\" data-message-id=\"20aa0ece-e268-421f-945f-56982c904c74\" data-message-model-slug=\"gpt-5-1\">\n<div class=\"flex w-full flex-col gap-1 empty:hidden first:pt-[1px]\">\n<div class=\"markdown prose dark:prose-invert w-full break-words light markdown-new-styling\">\n<p data-start=\"0\" data-end=\"80\">\ud83d\udcda <strong data-start=\"3\" data-end=\"75\">Ebook Krimi: Matthew Costello \u2013 <em data-start=\"37\" data-end=\"73\">Cherringham 03: Mord im Mondschein<\/em><\/strong> \ud83d\udcda<\/p>\n<p data-start=\"82\" data-end=\"393\">\ud83c\udf15 <strong data-start=\"85\" data-end=\"139\">Ein m\u00f6rderischer Abend unter silbernem Mondlicht \u2026<\/strong><br data-start=\"139\" data-end=\"142\" \/>In der dritten Folge der beliebten <em data-start=\"177\" data-end=\"190\">Cherringham<\/em>-Reihe kehrt die Ruhe im idyllischen englischen Dorf nur scheinbar zur\u00fcck. Doch dann wird eine junge Frau tot aufgefunden \u2013 <strong data-start=\"314\" data-end=\"390\">in einer Nacht, in der der Vollmond unheimlich hell \u00fcber dem Fluss steht<\/strong>.<\/p>\n<p data-start=\"395\" data-end=\"713\">\ud83d\udd75\ufe0f\u200d\u2640\ufe0f <strong data-start=\"402\" data-end=\"419\">Sarah Edwards<\/strong> und \ud83d\udd75\ufe0f\u200d\u2642\ufe0f <strong data-start=\"431\" data-end=\"447\">Jack Brennan<\/strong> werden schnell misstrauisch: Der Fundort wirkt inszeniert, die Spurenlage widerspr\u00fcchlich. W\u00e4hrend sie tiefer in das Leben der Toten eintauchen, sto\u00dfen sie auf <strong data-start=\"608\" data-end=\"671\">versteckte Aff\u00e4ren, alte Rivalit\u00e4ten und dunkle Geheimnisse<\/strong>, die das gesamte Dorf mit hineinziehen.<\/p>\n<p data-start=\"715\" data-end=\"956\">\ud83d\udc80 <strong data-start=\"718\" data-end=\"807\">War es ein Zufall? Ein Ritual? Oder ein kaltbl\u00fctiger Mord, der perfekt getarnt wurde?<\/strong><br data-start=\"807\" data-end=\"810\" \/>Je n\u00e4her Sarah und Jack der Wahrheit kommen, desto klarer wird: Der T\u00e4ter hat mit bedacht zugeschlagen \u2013 und k\u00f6nnte jederzeit wieder zuschlagen.<\/p>\n<p data-start=\"958\" data-end=\"1037\">\u2728 <strong data-start=\"960\" data-end=\"1037\">Britischer Cosy-Crime mit Spannung, Atmosph\u00e4re und einem Hauch G\u00e4nsehaut!<\/strong><\/p>\n<hr data-start=\"1039\" data-end=\"1042\" \/>\n<p data-start=\"1044\" data-end=\"1212\">\ud83d\udcb3 <strong data-start=\"1047\" data-end=\"1066\">Nach Bezahlung:<\/strong><br data-start=\"1066\" data-end=\"1069\" \/>\ud83d\udcbb Sofortiger Download f\u00fcr PC<br data-start=\"1098\" data-end=\"1101\" \/>\ud83d\udcf1 Sofortiger Download f\u00fcrs Handy<br data-start=\"1134\" data-end=\"1137\" \/>\ud83d\udda5\ufe0f Sofortiger Download f\u00fcrs Tablet<br data-start=\"1172\" data-end=\"1175\" \/>\ud83d\udcda Sofortiger Download f\u00fcr E-Reader<\/p>\n<p data-start=\"1214\" data-end=\"1257\" data-is-last-node=\"\" data-is-only-node=\"\">\ud83d\udca5 <strong data-start=\"1217\" data-end=\"1254\">Einmal gekauft \u2013 f\u00fcr immer deins!<\/strong> \ud83d\udca5<\/p>\n<\/div>\n<\/div>\n<\/div>\n<\/div>\n<div class=\"z-0 flex min-h-[46px] justify-start\"><\/div>\n<div class=\"mt-3 w-full empty:hidden\">\n<div class=\"text-center\"><\/div>\n<\/div>\n<\/div>\n<\/div>\n<\/article>\n<div class=\"pointer-events-none h-px w-px\" aria-hidden=\"true\" data-edge=\"true\"><\/div>\n","protected":false},"excerpt":{"rendered":"<p>\ud83d\udcda Ebook Krimi: Matthew Costello \u2013 Cherringham 03: Mord im Mondschein \ud83d\udcda \ud83c\udf15 Ein m\u00f6rderischer Abend unter silbernem Mondlicht \u2026In der dritten Folge der beliebten Cherringham-Reihe kehrt die Ruhe im idyllischen englischen Dorf nur scheinbar zur\u00fcck. Doch dann wird eine junge Frau tot aufgefunden \u2013 in einer Nacht, in der der Vollmond unheimlich hell \u00fcber [&hellip;]<\/p>\n","protected":false},"featured_media":1165,"comment_status":"open","ping_status":"closed","template":"","meta":[],"product_brand":[],"product_cat":[39],"product_tag":[],"class_list":{"0":"post-1164","1":"product","2":"type-product","3":"status-publish","4":"has-post-thumbnail","6":"product_cat-e-book-krimi","8":"first","9":"instock","10":"sale","11":"virtual","12":"purchasable","13":"product-type-simple"},"jetpack_sharing_enabled":true,"_links":{"self":[{"href":"https:\/\/audiobook-24.com\/en\/wp-json\/wp\/v2\/product\/1164","targetHints":{"allow":["GET"]}}],"collection":[{"href":"https:\/\/audiobook-24.com\/en\/wp-json\/wp\/v2\/product"}],"about":[{"href":"https:\/\/audiobook-24.com\/en\/wp-json\/wp\/v2\/types\/product"}],"replies":[{"embeddable":true,"href":"https:\/\/audiobook-24.com\/en\/wp-json\/wp\/v2\/comments?post=1164"}],"wp:featuredmedia":[{"embeddable":true,"href":"https:\/\/audiobook-24.com\/en\/wp-json\/wp\/v2\/media\/1165"}],"wp:attachment":[{"href":"https:\/\/audiobook-24.com\/en\/wp-json\/wp\/v2\/media?parent=1164"}],"wp:term":[{"taxonomy":"product_brand","embeddable":true,"href":"https:\/\/audiobook-24.com\/en\/wp-json\/wp\/v2\/product_brand?post=1164"},{"taxonomy":"product_cat","embeddable":true,"href":"https:\/\/audiobook-24.com\/en\/wp-json\/wp\/v2\/product_cat?post=1164"},{"taxonomy":"product_tag","embeddable":true,"href":"https:\/\/audiobook-24.com\/en\/wp-json\/wp\/v2\/product_tag?post=1164"}],"curies":[{"name":"wp","href":"https:\/\/api.w.org\/{rel}","templated":true}]}}