{"id":1162,"date":"2025-11-21T21:51:48","date_gmt":"2025-11-21T21:51:48","guid":{"rendered":"https:\/\/audiobook-24.com\/?post_type=product&#038;p=1162"},"modified":"2025-11-21T21:51:49","modified_gmt":"2025-11-21T21:51:49","slug":"%f0%9f%93%9a-ebook-krimi-matthew-costello-cherringham-02-das-geheimnis-von-mogdon-manor-%f0%9f%93%9a","status":"publish","type":"product","link":"https:\/\/audiobook-24.com\/en\/product\/%f0%9f%93%9a-ebook-krimi-matthew-costello-cherringham-02-das-geheimnis-von-mogdon-manor-%f0%9f%93%9a\/","title":{"rendered":"\ud83d\udcda Ebook Krimi: Matthew Costello \u2013 Cherringham 02: Das Geheimnis von Mogdon Manor \ud83d\udcda"},"content":{"rendered":"<p data-start=\"0\" data-end=\"92\">\ud83d\udcda <strong data-start=\"3\" data-end=\"87\">Ebook Krimi: Matthew Costello \u2013 <em data-start=\"37\" data-end=\"85\">Cherringham 02: Das Geheimnis von Mogdon Manor<\/em><\/strong> \ud83d\udcda<\/p>\n<p data-start=\"94\" data-end=\"514\">\ud83c\udff0 <strong data-start=\"97\" data-end=\"191\">Ein altes Herrenhaus. Eine Familie voller Geheimnisse. Ein Todesfall, der Fragen aufwirft.<\/strong><br data-start=\"191\" data-end=\"194\" \/>In der zweiten Cherringham-Folge wird das idyllische englische Dorf erneut zum Schauplatz eines mysteri\u00f6sen Falls: Auf <strong data-start=\"313\" data-end=\"329\">Mogdon Manor<\/strong>, einem traditionsreichen Anwesen, stirbt ein Familienmitglied unter r\u00e4tselhaften Umst\u00e4nden. Was zuerst wie ein tragischer Unfall aussieht, entpuppt sich bald als etwas ganz anderes \u2026<\/p>\n<p data-start=\"516\" data-end=\"782\">\ud83d\udd75\ufe0f\u200d\u2642\ufe0f <strong data-start=\"523\" data-end=\"539\">Jack Brennan<\/strong>, Ex-Cop aus den USA, und <strong data-start=\"565\" data-end=\"582\">Sarah Edwards<\/strong>, smarte Online-Expertin aus Cherringham, nehmen die Ermittlungen auf. Sie sto\u00dfen auf ein Geflecht aus <strong data-start=\"685\" data-end=\"728\">Neid, Geldgier und alten Familienfehden<\/strong>, das tief in die Vergangenheit des Anwesens reicht.<\/p>\n<p data-start=\"784\" data-end=\"961\">\ud83d\udd0e Doch je weiter sie graben, desto klarer wird:<br data-start=\"832\" data-end=\"835\" \/>Auf Mogdon Manor ist <strong data-start=\"856\" data-end=\"866\">nichts<\/strong>, wie es scheint \u2013 und jemand ist bereit, \u00fcber Leichen zu gehen, um die Wahrheit zu begraben.<\/p>\n<p data-start=\"963\" data-end=\"1066\">\ud83c\udf2b\ufe0f <strong data-start=\"967\" data-end=\"1066\">Atmosph\u00e4risch, clever und typisch britisch \u2013 ein Krimi, der dich von der ersten Seite an packt!<\/strong><\/p>\n<hr data-start=\"1068\" data-end=\"1071\" \/>\n<p data-start=\"1073\" data-end=\"1241\">\ud83d\udcb3 <strong data-start=\"1076\" data-end=\"1095\">Nach Bezahlung:<\/strong><br data-start=\"1095\" data-end=\"1098\" \/>\ud83d\udcbb Sofortiger Download f\u00fcr PC<br data-start=\"1127\" data-end=\"1130\" \/>\ud83d\udcf1 Sofortiger Download f\u00fcrs Handy<br data-start=\"1163\" data-end=\"1166\" \/>\ud83d\udda5\ufe0f Sofortiger Download f\u00fcrs Tablet<br data-start=\"1201\" data-end=\"1204\" \/>\ud83d\udcda Sofortiger Download f\u00fcr E-Reader<\/p>\n<p data-start=\"1243\" data-end=\"1286\" data-is-last-node=\"\" data-is-only-node=\"\">\ud83d\udca5 <strong data-start=\"1246\" data-end=\"1283\">Einmal gekauft \u2013 f\u00fcr immer deins!<\/strong> \ud83d\udca5<\/p>","protected":false},"excerpt":{"rendered":"<p>\ud83d\udcda Ebook Krimi: Matthew Costello \u2013 Cherringham 02: Das Geheimnis von Mogdon Manor \ud83d\udcda \ud83c\udff0 Ein altes Herrenhaus. Eine Familie voller Geheimnisse. Ein Todesfall, der Fragen aufwirft.In der zweiten Cherringham-Folge wird das idyllische englische Dorf erneut zum Schauplatz eines mysteri\u00f6sen Falls: Auf Mogdon Manor, einem traditionsreichen Anwesen, stirbt ein Familienmitglied unter r\u00e4tselhaften Umst\u00e4nden. Was zuerst [&hellip;]<\/p>\n","protected":false},"featured_media":1163,"comment_status":"open","ping_status":"closed","template":"","meta":[],"product_brand":[],"product_cat":[39],"product_tag":[],"class_list":{"0":"post-1162","1":"product","2":"type-product","3":"status-publish","4":"has-post-thumbnail","6":"product_cat-e-book-krimi","8":"first","9":"instock","10":"sale","11":"virtual","12":"purchasable","13":"product-type-simple"},"jetpack_sharing_enabled":true,"_links":{"self":[{"href":"https:\/\/audiobook-24.com\/en\/wp-json\/wp\/v2\/product\/1162","targetHints":{"allow":["GET"]}}],"collection":[{"href":"https:\/\/audiobook-24.com\/en\/wp-json\/wp\/v2\/product"}],"about":[{"href":"https:\/\/audiobook-24.com\/en\/wp-json\/wp\/v2\/types\/product"}],"replies":[{"embeddable":true,"href":"https:\/\/audiobook-24.com\/en\/wp-json\/wp\/v2\/comments?post=1162"}],"wp:featuredmedia":[{"embeddable":true,"href":"https:\/\/audiobook-24.com\/en\/wp-json\/wp\/v2\/media\/1163"}],"wp:attachment":[{"href":"https:\/\/audiobook-24.com\/en\/wp-json\/wp\/v2\/media?parent=1162"}],"wp:term":[{"taxonomy":"product_brand","embeddable":true,"href":"https:\/\/audiobook-24.com\/en\/wp-json\/wp\/v2\/product_brand?post=1162"},{"taxonomy":"product_cat","embeddable":true,"href":"https:\/\/audiobook-24.com\/en\/wp-json\/wp\/v2\/product_cat?post=1162"},{"taxonomy":"product_tag","embeddable":true,"href":"https:\/\/audiobook-24.com\/en\/wp-json\/wp\/v2\/product_tag?post=1162"}],"curies":[{"name":"wp","href":"https:\/\/api.w.org\/{rel}","templated":true}]}}