{"id":1160,"date":"2025-11-21T21:49:11","date_gmt":"2025-11-21T21:49:11","guid":{"rendered":"https:\/\/audiobook-24.com\/?post_type=product&#038;p=1160"},"modified":"2025-11-21T21:49:12","modified_gmt":"2025-11-21T21:49:12","slug":"%f0%9f%93%9a-ebook-krimi-cossel-bettina-von-totkaeppchen-%f0%9f%93%9a","status":"publish","type":"product","link":"https:\/\/audiobook-24.com\/en\/product\/%f0%9f%93%9a-ebook-krimi-cossel-bettina-von-totkaeppchen-%f0%9f%93%9a\/","title":{"rendered":"\ud83d\udcda Ebook Krimi: Cossel, Bettina von \u2013 Totk\u00e4ppchen \ud83d\udcda"},"content":{"rendered":"<p data-start=\"0\" data-end=\"59\">\ud83d\udcda <strong data-start=\"3\" data-end=\"54\">Ebook Krimi: Bettina von Cossel \u2013 <em data-start=\"39\" data-end=\"52\">Totk\u00e4ppchen<\/em><\/strong> \ud83d\udcda<\/p>\n<p data-start=\"61\" data-end=\"314\">\ud83e\ude78 <strong data-start=\"64\" data-end=\"122\">Atmosph\u00e4rischer Thriller trifft d\u00fcsteres M\u00e4rchenmotiv!<\/strong><br data-start=\"122\" data-end=\"125\" \/>In <em data-start=\"128\" data-end=\"143\">\u201eTotk\u00e4ppchen\u201c<\/em> verwandelt sich ein idyllisches Dorf in eine B\u00fchne des Schreckens: Eine junge Frau wird tot im Wald aufgefunden \u2013 sorgf\u00e4ltig arrangiert wie Rotk\u00e4ppchen aus dem M\u00e4rchen.<\/p>\n<p data-start=\"316\" data-end=\"696\">\ud83d\udc69\u200d\u2708\ufe0f <strong data-start=\"322\" data-end=\"348\">Ermittlerin Anna Linde<\/strong> steht vor einem Fall, der mehr Fragen als Antworten liefert. Bald zeigt sich: Hinter jeder Fassade lauert ein Geheimnis, und der M\u00f6rder hat seinen perfiden Plan bis ins Detail inszeniert. Mit jedem Schritt kommt Anna einem Netz aus L\u00fcgen, verborgenen Beziehungen und alten Konflikten n\u00e4her \u2013 und einem T\u00e4ter, der bereit ist, erneut zuzuschlagen.<\/p>\n<p data-start=\"698\" data-end=\"778\">\ud83c\udf32 <strong data-start=\"701\" data-end=\"778\">D\u00fcster, spannend, fesselnd \u2013 ein Krimi mit garantiertem G\u00e4nsehaut-Faktor!<\/strong><\/p>\n<hr data-start=\"780\" data-end=\"783\" \/>\n<p data-start=\"785\" data-end=\"944\">\ud83d\udcb3 <strong data-start=\"788\" data-end=\"807\">Nach Bezahlung:<\/strong><br data-start=\"807\" data-end=\"810\" \/>\ud83d\udcbb Sofort-Download f\u00fcr PC<br data-start=\"835\" data-end=\"838\" \/>\ud83d\udcf1 Sofort-Download f\u00fcrs Handy<br data-start=\"867\" data-end=\"870\" \/>\ud83d\udda5\ufe0f Sofort-Download f\u00fcrs Tablet<br data-start=\"901\" data-end=\"904\" \/>\ud83d\udcda Sofort-Download f\u00fcr deinen E-Reader<\/p>\n<p data-start=\"946\" data-end=\"990\" data-is-last-node=\"\" data-is-only-node=\"\">\ud83d\udca5 <strong data-start=\"949\" data-end=\"987\">Einmal gekauft \u2013 f\u00fcr immer deiner!<\/strong> \ud83d\udca5<\/p>","protected":false},"excerpt":{"rendered":"<p>\ud83d\udcda Ebook Krimi: Bettina von Cossel \u2013 Totk\u00e4ppchen \ud83d\udcda \ud83e\ude78 Atmosph\u00e4rischer Thriller trifft d\u00fcsteres M\u00e4rchenmotiv!In \u201eTotk\u00e4ppchen\u201c verwandelt sich ein idyllisches Dorf in eine B\u00fchne des Schreckens: Eine junge Frau wird tot im Wald aufgefunden \u2013 sorgf\u00e4ltig arrangiert wie Rotk\u00e4ppchen aus dem M\u00e4rchen. \ud83d\udc69\u200d\u2708\ufe0f Ermittlerin Anna Linde steht vor einem Fall, der mehr Fragen als Antworten [&hellip;]<\/p>\n","protected":false},"featured_media":1161,"comment_status":"open","ping_status":"closed","template":"","meta":[],"product_brand":[],"product_cat":[39],"product_tag":[],"class_list":{"0":"post-1160","1":"product","2":"type-product","3":"status-publish","4":"has-post-thumbnail","6":"product_cat-e-book-krimi","8":"first","9":"instock","10":"sale","11":"virtual","12":"purchasable","13":"product-type-simple"},"jetpack_sharing_enabled":true,"_links":{"self":[{"href":"https:\/\/audiobook-24.com\/en\/wp-json\/wp\/v2\/product\/1160","targetHints":{"allow":["GET"]}}],"collection":[{"href":"https:\/\/audiobook-24.com\/en\/wp-json\/wp\/v2\/product"}],"about":[{"href":"https:\/\/audiobook-24.com\/en\/wp-json\/wp\/v2\/types\/product"}],"replies":[{"embeddable":true,"href":"https:\/\/audiobook-24.com\/en\/wp-json\/wp\/v2\/comments?post=1160"}],"wp:featuredmedia":[{"embeddable":true,"href":"https:\/\/audiobook-24.com\/en\/wp-json\/wp\/v2\/media\/1161"}],"wp:attachment":[{"href":"https:\/\/audiobook-24.com\/en\/wp-json\/wp\/v2\/media?parent=1160"}],"wp:term":[{"taxonomy":"product_brand","embeddable":true,"href":"https:\/\/audiobook-24.com\/en\/wp-json\/wp\/v2\/product_brand?post=1160"},{"taxonomy":"product_cat","embeddable":true,"href":"https:\/\/audiobook-24.com\/en\/wp-json\/wp\/v2\/product_cat?post=1160"},{"taxonomy":"product_tag","embeddable":true,"href":"https:\/\/audiobook-24.com\/en\/wp-json\/wp\/v2\/product_tag?post=1160"}],"curies":[{"name":"wp","href":"https:\/\/api.w.org\/{rel}","templated":true}]}}