{"id":1156,"date":"2025-11-20T09:47:23","date_gmt":"2025-11-20T09:47:23","guid":{"rendered":"https:\/\/audiobook-24.com\/?post_type=product&#038;p=1156"},"modified":"2025-11-20T09:47:23","modified_gmt":"2025-11-20T09:47:23","slug":"%f0%9f%93%9a-ebook-krimi-cossel-bettina-von-tod-in-den-duenen-%f0%9f%93%9a","status":"publish","type":"product","link":"https:\/\/audiobook-24.com\/en\/product\/%f0%9f%93%9a-ebook-krimi-cossel-bettina-von-tod-in-den-duenen-%f0%9f%93%9a\/","title":{"rendered":"\ud83d\udcda Ebook Krimi: Cossel, Bettina von &#8211; Tod in den D\u00fcnen \ud83d\udcda"},"content":{"rendered":"<p data-start=\"72\" data-end=\"872\"><strong data-start=\"72\" data-end=\"133\">\ud83d\udcda Ebook Krimi: Cossel, Bettina von &#8211; Tod in den D\u00fcnen \ud83d\udcda<\/strong><br data-start=\"133\" data-end=\"136\" \/><strong data-start=\"136\" data-end=\"147\">Inhalt:<\/strong><br data-start=\"147\" data-end=\"150\" \/>\u201eTod in den D\u00fcnen\u201c entf\u00fchrt die Leser an die Nordsee, wo ein r\u00e4tselhafter Todesfall in den idyllischen D\u00fcnen das Leben eines kleinen K\u00fcstendorfes auf den Kopf stellt. Als die junge Ermittlerin Anna Linde in dem Fall involviert wird, st\u00f6\u00dft sie auf eine Spur, die tief in die Geschichte des Ortes und seiner Bewohner f\u00fchrt. Der Tote, ein zur\u00fcckgezogen lebender K\u00fcnstler, hinterl\u00e4sst mehr Fragen als Antworten. War sein Tod ein tragischer Unfall oder steckt mehr dahinter? W\u00e4hrend Anna Linde die F\u00e4den zieht, kommt sie einem dunklen Geheimnis auf die Spur \u2013 und einem M\u00f6rder, der alles daransetzt, nicht entdeckt zu werden. Ein packender Krimi, der mit seiner stimmungsvollen Kulisse und den \u00fcberraschenden Wendungen fesselt.<\/p>\n<p data-start=\"874\" data-end=\"1084\"><strong data-start=\"874\" data-end=\"896\">\ud83d\udcb3 Nach Bezahlung:<\/strong><br data-start=\"896\" data-end=\"899\" \/>\ud83d\udcbb Sofortiger Download abspielbar auf PC<br data-start=\"939\" data-end=\"942\" \/>\ud83d\udcf1 Sofortiger Download abspielbar auf Handy<br data-start=\"985\" data-end=\"988\" \/>\ud83d\udda5\ufe0f Sofortiger Download abspielbar auf Tablet<br data-start=\"1033\" data-end=\"1036\" \/>\ud83d\udcda Sofortiger Download abspielbar auf E-Reader<\/p>\n<p data-start=\"1086\" data-end=\"1128\"><strong data-start=\"1086\" data-end=\"1128\">\ud83d\udca5 Einmal gekauft, f\u00fcr immer deins! \ud83d\udca5<\/strong><\/p>","protected":false},"excerpt":{"rendered":"<p>\ud83d\udcda Ebook Krimi: Cossel, Bettina von &#8211; Tod in den D\u00fcnen \ud83d\udcdaInhalt:\u201eTod in den D\u00fcnen\u201c entf\u00fchrt die Leser an die Nordsee, wo ein r\u00e4tselhafter Todesfall in den idyllischen D\u00fcnen das Leben eines kleinen K\u00fcstendorfes auf den Kopf stellt. Als die junge Ermittlerin Anna Linde in dem Fall involviert wird, st\u00f6\u00dft sie auf eine Spur, die [&hellip;]<\/p>\n","protected":false},"featured_media":1157,"comment_status":"open","ping_status":"closed","template":"","meta":[],"product_brand":[],"product_cat":[39],"product_tag":[],"class_list":{"0":"post-1156","1":"product","2":"type-product","3":"status-publish","4":"has-post-thumbnail","6":"product_cat-e-book-krimi","8":"first","9":"instock","10":"sale","11":"virtual","12":"purchasable","13":"product-type-simple"},"jetpack_sharing_enabled":true,"_links":{"self":[{"href":"https:\/\/audiobook-24.com\/en\/wp-json\/wp\/v2\/product\/1156","targetHints":{"allow":["GET"]}}],"collection":[{"href":"https:\/\/audiobook-24.com\/en\/wp-json\/wp\/v2\/product"}],"about":[{"href":"https:\/\/audiobook-24.com\/en\/wp-json\/wp\/v2\/types\/product"}],"replies":[{"embeddable":true,"href":"https:\/\/audiobook-24.com\/en\/wp-json\/wp\/v2\/comments?post=1156"}],"wp:featuredmedia":[{"embeddable":true,"href":"https:\/\/audiobook-24.com\/en\/wp-json\/wp\/v2\/media\/1157"}],"wp:attachment":[{"href":"https:\/\/audiobook-24.com\/en\/wp-json\/wp\/v2\/media?parent=1156"}],"wp:term":[{"taxonomy":"product_brand","embeddable":true,"href":"https:\/\/audiobook-24.com\/en\/wp-json\/wp\/v2\/product_brand?post=1156"},{"taxonomy":"product_cat","embeddable":true,"href":"https:\/\/audiobook-24.com\/en\/wp-json\/wp\/v2\/product_cat?post=1156"},{"taxonomy":"product_tag","embeddable":true,"href":"https:\/\/audiobook-24.com\/en\/wp-json\/wp\/v2\/product_tag?post=1156"}],"curies":[{"name":"wp","href":"https:\/\/api.w.org\/{rel}","templated":true}]}}