{"id":1148,"date":"2025-11-20T09:35:58","date_gmt":"2025-11-20T09:35:58","guid":{"rendered":"https:\/\/audiobook-24.com\/?post_type=product&#038;p=1148"},"modified":"2025-11-20T09:35:58","modified_gmt":"2025-11-20T09:35:58","slug":"%f0%9f%93%9a-ebook-krimi-costello-matthew-cherringham-15-ein-fataler-fall-%f0%9f%93%9a","status":"publish","type":"product","link":"https:\/\/audiobook-24.com\/en\/product\/%f0%9f%93%9a-ebook-krimi-costello-matthew-cherringham-15-ein-fataler-fall-%f0%9f%93%9a\/","title":{"rendered":"\ud83d\udcda Ebook Krimi: Costello, Matthew &#8211; Cherringham 15 &#8211; Ein fataler Fall \ud83d\udcda"},"content":{"rendered":"<p data-start=\"87\" data-end=\"856\"><strong data-start=\"87\" data-end=\"163\">\ud83d\udcda Ebook Krimi: Costello, Matthew &#8211; Cherringham 15 &#8211; Ein fataler Fall \ud83d\udcda<\/strong><br data-start=\"163\" data-end=\"166\" \/><strong data-start=\"166\" data-end=\"177\">Inhalt:<\/strong><br data-start=\"177\" data-end=\"180\" \/>Im 15. Fall der \u201eCherringham\u201c-Reihe sehen sich Jack und Sarah mit einem besonders tragischen Fall konfrontiert: Ein Unfall, der zun\u00e4chst wie ein simples Ungl\u00fcck aussieht, entpuppt sich als etwas weitaus Komplizierteres. Als ein gutbekannter Gesch\u00e4ftsmann unter mysteri\u00f6sen Umst\u00e4nden stirbt, ist schnell klar, dass es keine einfache Erkl\u00e4rung gibt. W\u00e4hrend sie tief in die Vergangenheit des Opfers eintauchen, sto\u00dfen sie auf dunkle Geheimnisse, alte Feindschaften und eine Reihe von undurchsichtigen Verbindungen. Der Fall wird zu einer nervenaufreibenden Jagd nach der Wahrheit, bei der Jack und Sarah feststellen, dass nicht alles so ist, wie es auf den ersten Blick scheint.<\/p>\n<p data-start=\"858\" data-end=\"1068\"><strong data-start=\"858\" data-end=\"880\">\ud83d\udcb3 Nach Bezahlung:<\/strong><br data-start=\"880\" data-end=\"883\" \/>\ud83d\udcbb Sofortiger Download abspielbar auf PC<br data-start=\"923\" data-end=\"926\" \/>\ud83d\udcf1 Sofortiger Download abspielbar auf Handy<br data-start=\"969\" data-end=\"972\" \/>\ud83d\udda5\ufe0f Sofortiger Download abspielbar auf Tablet<br data-start=\"1017\" data-end=\"1020\" \/>\ud83d\udcda Sofortiger Download abspielbar auf E-Reader<\/p>\n<p data-start=\"1070\" data-end=\"1112\"><strong data-start=\"1070\" data-end=\"1112\">\ud83d\udca5 Einmal gekauft, f\u00fcr immer deins! \ud83d\udca5<\/strong><\/p>","protected":false},"excerpt":{"rendered":"<p>\ud83d\udcda Ebook Krimi: Costello, Matthew &#8211; Cherringham 15 &#8211; Ein fataler Fall \ud83d\udcdaInhalt:Im 15. Fall der \u201eCherringham\u201c-Reihe sehen sich Jack und Sarah mit einem besonders tragischen Fall konfrontiert: Ein Unfall, der zun\u00e4chst wie ein simples Ungl\u00fcck aussieht, entpuppt sich als etwas weitaus Komplizierteres. Als ein gutbekannter Gesch\u00e4ftsmann unter mysteri\u00f6sen Umst\u00e4nden stirbt, ist schnell klar, dass [&hellip;]<\/p>\n","protected":false},"featured_media":1149,"comment_status":"open","ping_status":"closed","template":"","meta":[],"product_brand":[],"product_cat":[39],"product_tag":[],"class_list":{"0":"post-1148","1":"product","2":"type-product","3":"status-publish","4":"has-post-thumbnail","6":"product_cat-e-book-krimi","8":"first","9":"instock","10":"sale","11":"virtual","12":"purchasable","13":"product-type-simple"},"jetpack_sharing_enabled":true,"_links":{"self":[{"href":"https:\/\/audiobook-24.com\/en\/wp-json\/wp\/v2\/product\/1148","targetHints":{"allow":["GET"]}}],"collection":[{"href":"https:\/\/audiobook-24.com\/en\/wp-json\/wp\/v2\/product"}],"about":[{"href":"https:\/\/audiobook-24.com\/en\/wp-json\/wp\/v2\/types\/product"}],"replies":[{"embeddable":true,"href":"https:\/\/audiobook-24.com\/en\/wp-json\/wp\/v2\/comments?post=1148"}],"wp:featuredmedia":[{"embeddable":true,"href":"https:\/\/audiobook-24.com\/en\/wp-json\/wp\/v2\/media\/1149"}],"wp:attachment":[{"href":"https:\/\/audiobook-24.com\/en\/wp-json\/wp\/v2\/media?parent=1148"}],"wp:term":[{"taxonomy":"product_brand","embeddable":true,"href":"https:\/\/audiobook-24.com\/en\/wp-json\/wp\/v2\/product_brand?post=1148"},{"taxonomy":"product_cat","embeddable":true,"href":"https:\/\/audiobook-24.com\/en\/wp-json\/wp\/v2\/product_cat?post=1148"},{"taxonomy":"product_tag","embeddable":true,"href":"https:\/\/audiobook-24.com\/en\/wp-json\/wp\/v2\/product_tag?post=1148"}],"curies":[{"name":"wp","href":"https:\/\/api.w.org\/{rel}","templated":true}]}}