{"id":1141,"date":"2025-11-20T09:21:18","date_gmt":"2025-11-20T09:21:18","guid":{"rendered":"https:\/\/audiobook-24.com\/?post_type=product&#038;p=1141"},"modified":"2025-11-20T09:21:18","modified_gmt":"2025-11-20T09:21:18","slug":"%f0%9f%93%9a-ebook-krimi-costello-matthew-cherringham-25-ungebetene-gaeste-%f0%9f%93%9a","status":"publish","type":"product","link":"https:\/\/audiobook-24.com\/en\/product\/%f0%9f%93%9a-ebook-krimi-costello-matthew-cherringham-25-ungebetene-gaeste-%f0%9f%93%9a\/","title":{"rendered":"\ud83d\udcda Ebook Krimi: Costello, Matthew &#8211; Cherringham 25 &#8211; Ungebetene G\u00e4ste \ud83d\udcda"},"content":{"rendered":"<p data-start=\"87\" data-end=\"712\"><strong data-start=\"87\" data-end=\"163\">\ud83d\udcda Ebook Krimi: Costello, Matthew &#8211; Cherringham 25 &#8211; Ungebetene G\u00e4ste \ud83d\udcda<\/strong><br data-start=\"163\" data-end=\"166\" \/><strong data-start=\"166\" data-end=\"177\">Inhalt:<\/strong><br data-start=\"177\" data-end=\"180\" \/>Im 25. Fall der \u201eCherringham\u201c-Reihe stehen Jack und Sarah erneut vor einem r\u00e4tselhaften Verbrechen. Dieses Mal f\u00fchrt die Spur zu einem alten Landhaus, in dem unerw\u00fcnschte G\u00e4ste auf mysteri\u00f6se Weise erscheinen und schnell in ein dunkles Geheimnis verstrickt werden. W\u00e4hrend die Ermittler tief in die Geschichte des Hauses eintauchen, m\u00fcssen sie feststellen, dass nicht nur das Geb\u00e4ude selbst, sondern auch seine Bewohner Geheimnisse haben, die mit Gefahr und Intrigen verbunden sind. Spannung und \u00dcberraschungen sind hier garantiert!<\/p>\n<p data-start=\"714\" data-end=\"924\"><strong data-start=\"714\" data-end=\"736\">\ud83d\udcb3 Nach Bezahlung:<\/strong><br data-start=\"736\" data-end=\"739\" \/>\ud83d\udcbb Sofortiger Download abspielbar auf PC<br data-start=\"779\" data-end=\"782\" \/>\ud83d\udcf1 Sofortiger Download abspielbar auf Handy<br data-start=\"825\" data-end=\"828\" \/>\ud83d\udda5\ufe0f Sofortiger Download abspielbar auf Tablet<br data-start=\"873\" data-end=\"876\" \/>\ud83d\udcda Sofortiger Download abspielbar auf E-Reader<\/p>\n<p data-start=\"926\" data-end=\"968\"><strong data-start=\"926\" data-end=\"968\">\ud83d\udca5 Einmal gekauft, f\u00fcr immer deins! \ud83d\udca5<\/strong><\/p>","protected":false},"excerpt":{"rendered":"<p>\ud83d\udcda Ebook Krimi: Costello, Matthew &#8211; Cherringham 25 &#8211; Ungebetene G\u00e4ste \ud83d\udcdaInhalt:Im 25. Fall der \u201eCherringham\u201c-Reihe stehen Jack und Sarah erneut vor einem r\u00e4tselhaften Verbrechen. Dieses Mal f\u00fchrt die Spur zu einem alten Landhaus, in dem unerw\u00fcnschte G\u00e4ste auf mysteri\u00f6se Weise erscheinen und schnell in ein dunkles Geheimnis verstrickt werden. W\u00e4hrend die Ermittler tief in [&hellip;]<\/p>\n","protected":false},"featured_media":1142,"comment_status":"open","ping_status":"closed","template":"","meta":[],"product_brand":[],"product_cat":[39],"product_tag":[],"class_list":{"0":"post-1141","1":"product","2":"type-product","3":"status-publish","4":"has-post-thumbnail","6":"product_cat-e-book-krimi","8":"first","9":"instock","10":"sale","11":"virtual","12":"purchasable","13":"product-type-simple"},"jetpack_sharing_enabled":true,"_links":{"self":[{"href":"https:\/\/audiobook-24.com\/en\/wp-json\/wp\/v2\/product\/1141","targetHints":{"allow":["GET"]}}],"collection":[{"href":"https:\/\/audiobook-24.com\/en\/wp-json\/wp\/v2\/product"}],"about":[{"href":"https:\/\/audiobook-24.com\/en\/wp-json\/wp\/v2\/types\/product"}],"replies":[{"embeddable":true,"href":"https:\/\/audiobook-24.com\/en\/wp-json\/wp\/v2\/comments?post=1141"}],"wp:featuredmedia":[{"embeddable":true,"href":"https:\/\/audiobook-24.com\/en\/wp-json\/wp\/v2\/media\/1142"}],"wp:attachment":[{"href":"https:\/\/audiobook-24.com\/en\/wp-json\/wp\/v2\/media?parent=1141"}],"wp:term":[{"taxonomy":"product_brand","embeddable":true,"href":"https:\/\/audiobook-24.com\/en\/wp-json\/wp\/v2\/product_brand?post=1141"},{"taxonomy":"product_cat","embeddable":true,"href":"https:\/\/audiobook-24.com\/en\/wp-json\/wp\/v2\/product_cat?post=1141"},{"taxonomy":"product_tag","embeddable":true,"href":"https:\/\/audiobook-24.com\/en\/wp-json\/wp\/v2\/product_tag?post=1141"}],"curies":[{"name":"wp","href":"https:\/\/api.w.org\/{rel}","templated":true}]}}