{"id":1139,"date":"2025-11-20T09:18:03","date_gmt":"2025-11-20T09:18:03","guid":{"rendered":"https:\/\/audiobook-24.com\/?post_type=product&#038;p=1139"},"modified":"2025-11-20T09:18:03","modified_gmt":"2025-11-20T09:18:03","slug":"%f0%9f%93%9a-ebook-krimi-cotterill-colin-dr-siri-01-dr-siri-und-seine-toten-%f0%9f%93%9a","status":"publish","type":"product","link":"https:\/\/audiobook-24.com\/en\/product\/%f0%9f%93%9a-ebook-krimi-cotterill-colin-dr-siri-01-dr-siri-und-seine-toten-%f0%9f%93%9a\/","title":{"rendered":"\ud83d\udcda Ebook Krimi: Cotterill, Colin &#8211; Dr. Siri 01 &#8211; Dr. Siri und seine Toten \ud83d\udcda"},"content":{"rendered":"<p data-start=\"91\" data-end=\"727\"><strong data-start=\"91\" data-end=\"171\">\ud83d\udcda Ebook Krimi: Cotterill, Colin &#8211; Dr. Siri 01 &#8211; Dr. Siri und seine Toten \ud83d\udcda<\/strong><br data-start=\"171\" data-end=\"174\" \/><strong data-start=\"174\" data-end=\"185\">Inhalt:<\/strong><br data-start=\"185\" data-end=\"188\" \/>Dr. Siri Paiboun ist der Staatsgerichtsmediziner in Laos, der kurz vor seiner Pensionierung steht, als er mit einem mysteri\u00f6sen Todesfall konfrontiert wird. Doch es ist nicht nur der tote K\u00f6rper, der ihm Kopfschmerzen bereitet \u2013 es sind auch die Geister, die ihn zu qu\u00e4len beginnen. In diesem ersten Teil der Reihe begibt sich Dr. Siri auf eine spannende und humorvolle Reise, die ihn nicht nur mit \u00fcbernat\u00fcrlichen Ph\u00e4nomenen, sondern auch mit den Herausforderungen eines unerforschten Landes und seiner eigenen Vergangenheit konfrontiert.<\/p>\n<p data-start=\"729\" data-end=\"939\"><strong data-start=\"729\" data-end=\"751\">\ud83d\udcb3 Nach Bezahlung:<\/strong><br data-start=\"751\" data-end=\"754\" \/>\ud83d\udcbb Sofortiger Download abspielbar auf PC<br data-start=\"794\" data-end=\"797\" \/>\ud83d\udcf1 Sofortiger Download abspielbar auf Handy<br data-start=\"840\" data-end=\"843\" \/>\ud83d\udda5\ufe0f Sofortiger Download abspielbar auf Tablet<br data-start=\"888\" data-end=\"891\" \/>\ud83d\udcda Sofortiger Download abspielbar auf E-Reader<\/p>\n<p data-start=\"941\" data-end=\"983\"><strong data-start=\"941\" data-end=\"983\">\ud83d\udca5 Einmal gekauft, f\u00fcr immer deins! \ud83d\udca5<\/strong><\/p>","protected":false},"excerpt":{"rendered":"<p>\ud83d\udcda Ebook Krimi: Cotterill, Colin &#8211; Dr. Siri 01 &#8211; Dr. Siri und seine Toten \ud83d\udcdaInhalt:Dr. Siri Paiboun ist der Staatsgerichtsmediziner in Laos, der kurz vor seiner Pensionierung steht, als er mit einem mysteri\u00f6sen Todesfall konfrontiert wird. Doch es ist nicht nur der tote K\u00f6rper, der ihm Kopfschmerzen bereitet \u2013 es sind auch die Geister, [&hellip;]<\/p>\n","protected":false},"featured_media":1140,"comment_status":"open","ping_status":"closed","template":"","meta":[],"product_brand":[],"product_cat":[39],"product_tag":[],"class_list":{"0":"post-1139","1":"product","2":"type-product","3":"status-publish","4":"has-post-thumbnail","6":"product_cat-e-book-krimi","8":"first","9":"instock","10":"sale","11":"virtual","12":"purchasable","13":"product-type-simple"},"jetpack_sharing_enabled":true,"_links":{"self":[{"href":"https:\/\/audiobook-24.com\/en\/wp-json\/wp\/v2\/product\/1139","targetHints":{"allow":["GET"]}}],"collection":[{"href":"https:\/\/audiobook-24.com\/en\/wp-json\/wp\/v2\/product"}],"about":[{"href":"https:\/\/audiobook-24.com\/en\/wp-json\/wp\/v2\/types\/product"}],"replies":[{"embeddable":true,"href":"https:\/\/audiobook-24.com\/en\/wp-json\/wp\/v2\/comments?post=1139"}],"wp:featuredmedia":[{"embeddable":true,"href":"https:\/\/audiobook-24.com\/en\/wp-json\/wp\/v2\/media\/1140"}],"wp:attachment":[{"href":"https:\/\/audiobook-24.com\/en\/wp-json\/wp\/v2\/media?parent=1139"}],"wp:term":[{"taxonomy":"product_brand","embeddable":true,"href":"https:\/\/audiobook-24.com\/en\/wp-json\/wp\/v2\/product_brand?post=1139"},{"taxonomy":"product_cat","embeddable":true,"href":"https:\/\/audiobook-24.com\/en\/wp-json\/wp\/v2\/product_cat?post=1139"},{"taxonomy":"product_tag","embeddable":true,"href":"https:\/\/audiobook-24.com\/en\/wp-json\/wp\/v2\/product_tag?post=1139"}],"curies":[{"name":"wp","href":"https:\/\/api.w.org\/{rel}","templated":true}]}}