{"id":1137,"date":"2025-11-20T09:14:43","date_gmt":"2025-11-20T09:14:43","guid":{"rendered":"https:\/\/audiobook-24.com\/?post_type=product&#038;p=1137"},"modified":"2025-11-20T09:14:43","modified_gmt":"2025-11-20T09:14:43","slug":"%f0%9f%93%9a-ebook-krimi-cotterill-colin-dr-siri-02-dr-siri-sieht-gespenster-%f0%9f%93%9a","status":"publish","type":"product","link":"https:\/\/audiobook-24.com\/en\/product\/%f0%9f%93%9a-ebook-krimi-cotterill-colin-dr-siri-02-dr-siri-sieht-gespenster-%f0%9f%93%9a\/","title":{"rendered":"\ud83d\udcda Ebook Krimi: Cotterill, Colin &#8211; Dr. Siri 02 &#8211; Dr. Siri sieht Gespenster \ud83d\udcda"},"content":{"rendered":"<p data-start=\"102\" data-end=\"740\"><strong data-start=\"102\" data-end=\"183\">\ud83d\udcda Ebook Krimi: Cotterill, Colin &#8211; Dr. Siri 02 &#8211; Dr. Siri sieht Gespenster \ud83d\udcda<\/strong><br data-start=\"183\" data-end=\"186\" \/><strong data-start=\"186\" data-end=\"197\">Inhalt:<\/strong><br data-start=\"197\" data-end=\"200\" \/>Dr. Siri Paiboun, der etwas ungew\u00f6hnliche Staatsgerichtsmediziner in Laos, muss sich wieder mit mysteri\u00f6sen und \u00fcbernat\u00fcrlichen Ph\u00e4nomenen auseinandersetzen. In dieser Fortsetzung der beliebten Krimi-Reihe geht Dr. Siri einem geheimnisvollen Todesfall nach und begibt sich dabei auf eine Reise, die ihn nicht nur mit einem realen Verbrechen, sondern auch mit Geistern und d\u00fcsteren Ahnenglauben konfrontiert. Der Mix aus humorvollen Momenten, exotischer Kulisse und unerkl\u00e4rlichen Ph\u00e4nomenen macht das Buch zu einem unvergesslichen Erlebnis.<\/p>\n<p data-start=\"742\" data-end=\"952\"><strong data-start=\"742\" data-end=\"764\">\ud83d\udcb3 Nach Bezahlung:<\/strong><br data-start=\"764\" data-end=\"767\" \/>\ud83d\udcbb Sofortiger Download abspielbar auf PC<br data-start=\"807\" data-end=\"810\" \/>\ud83d\udcf1 Sofortiger Download abspielbar auf Handy<br data-start=\"853\" data-end=\"856\" \/>\ud83d\udda5\ufe0f Sofortiger Download abspielbar auf Tablet<br data-start=\"901\" data-end=\"904\" \/>\ud83d\udcda Sofortiger Download abspielbar auf E-Reader<\/p>\n<p data-start=\"954\" data-end=\"996\"><strong data-start=\"954\" data-end=\"996\">\ud83d\udca5 Einmal gekauft, f\u00fcr immer deins! \ud83d\udca5<\/strong><\/p>","protected":false},"excerpt":{"rendered":"<p>\ud83d\udcda Ebook Krimi: Cotterill, Colin &#8211; Dr. Siri 02 &#8211; Dr. Siri sieht Gespenster \ud83d\udcdaInhalt:Dr. Siri Paiboun, der etwas ungew\u00f6hnliche Staatsgerichtsmediziner in Laos, muss sich wieder mit mysteri\u00f6sen und \u00fcbernat\u00fcrlichen Ph\u00e4nomenen auseinandersetzen. In dieser Fortsetzung der beliebten Krimi-Reihe geht Dr. Siri einem geheimnisvollen Todesfall nach und begibt sich dabei auf eine Reise, die ihn nicht [&hellip;]<\/p>\n","protected":false},"featured_media":1138,"comment_status":"open","ping_status":"closed","template":"","meta":[],"product_brand":[],"product_cat":[39],"product_tag":[],"class_list":{"0":"post-1137","1":"product","2":"type-product","3":"status-publish","4":"has-post-thumbnail","6":"product_cat-e-book-krimi","8":"first","9":"instock","10":"sale","11":"virtual","12":"purchasable","13":"product-type-simple"},"jetpack_sharing_enabled":true,"_links":{"self":[{"href":"https:\/\/audiobook-24.com\/en\/wp-json\/wp\/v2\/product\/1137","targetHints":{"allow":["GET"]}}],"collection":[{"href":"https:\/\/audiobook-24.com\/en\/wp-json\/wp\/v2\/product"}],"about":[{"href":"https:\/\/audiobook-24.com\/en\/wp-json\/wp\/v2\/types\/product"}],"replies":[{"embeddable":true,"href":"https:\/\/audiobook-24.com\/en\/wp-json\/wp\/v2\/comments?post=1137"}],"wp:featuredmedia":[{"embeddable":true,"href":"https:\/\/audiobook-24.com\/en\/wp-json\/wp\/v2\/media\/1138"}],"wp:attachment":[{"href":"https:\/\/audiobook-24.com\/en\/wp-json\/wp\/v2\/media?parent=1137"}],"wp:term":[{"taxonomy":"product_brand","embeddable":true,"href":"https:\/\/audiobook-24.com\/en\/wp-json\/wp\/v2\/product_brand?post=1137"},{"taxonomy":"product_cat","embeddable":true,"href":"https:\/\/audiobook-24.com\/en\/wp-json\/wp\/v2\/product_cat?post=1137"},{"taxonomy":"product_tag","embeddable":true,"href":"https:\/\/audiobook-24.com\/en\/wp-json\/wp\/v2\/product_tag?post=1137"}],"curies":[{"name":"wp","href":"https:\/\/api.w.org\/{rel}","templated":true}]}}