{"id":1134,"date":"2025-11-19T17:30:17","date_gmt":"2025-11-19T17:30:17","guid":{"rendered":"https:\/\/audiobook-24.com\/?post_type=product&#038;p=1134"},"modified":"2025-11-19T17:30:18","modified_gmt":"2025-11-19T17:30:18","slug":"das-hoerspiel-juergen-kehrer-wilsberg-kein-fall-fuer-wilsberg","status":"publish","type":"product","link":"https:\/\/audiobook-24.com\/en\/product\/das-hoerspiel-juergen-kehrer-wilsberg-kein-fall-fuer-wilsberg\/","title":{"rendered":"Das H\u00f6rspiel \u201eJ\u00fcrgen Kehrer \u2013 Wilsberg: Kein Fall f\u00fcr Wilsberg"},"content":{"rendered":"<p><strong>Das H\u00f6rspiel \u201eJ\u00fcrgen Kehrer \u2013 Wilsberg: Kein Fall f\u00fcr Wilsberg\u201c<\/strong><\/p>\n<p><strong>Inhalt:<\/strong><br \/>\nPrivatdetektiv Wilsberg bekommt wider Erwarten keinen Auftrag \u2013 oder doch? Ein mysteri\u00f6ser Todesfall wirft Fragen auf, die die Polizei nicht l\u00f6sen kann. Widerwillig ger\u00e4t Wilsberg mitten hinein in ein Netz aus Intrigen, Verwicklungen und undurchsichtigen Machenschaften. Mit seinem scharfen Verstand, einer guten Portion Humor und jeder Menge Cleverness macht er sich daran, die Wahrheit ans Licht zu bringen. Ein spannender Krimi voller R\u00e4tsel, skurriler Charaktere und typischem Wilsberg-Charme.<\/p>\n<hr \/>\n<p>Nach Bezahlung erhalten Sie\u00a0<strong>sofort den Downloadlink<\/strong>\u00a0f\u00fcr:<br \/>\n<strong>PC, Handy, Tablet, MP3-Player, MP4-Player<\/strong><\/p>\n<p><strong>Oder auf allen Ger\u00e4ten gleichzeitig genie\u00dfen \u2013 so oft Sie wollen.<\/strong><\/p>","protected":false},"excerpt":{"rendered":"<p>Das H\u00f6rspiel \u201eJ\u00fcrgen Kehrer \u2013 Wilsberg: Kein Fall f\u00fcr Wilsberg\u201c Inhalt: Privatdetektiv Wilsberg bekommt wider Erwarten keinen Auftrag \u2013 oder doch? Ein mysteri\u00f6ser Todesfall wirft Fragen auf, die die Polizei nicht l\u00f6sen kann. Widerwillig ger\u00e4t Wilsberg mitten hinein in ein Netz aus Intrigen, Verwicklungen und undurchsichtigen Machenschaften. Mit seinem scharfen Verstand, einer guten Portion Humor [&hellip;]<\/p>\n","protected":false},"featured_media":1135,"comment_status":"open","ping_status":"closed","template":"","meta":[],"product_brand":[],"product_cat":[34],"product_tag":[],"class_list":{"0":"post-1134","1":"product","2":"type-product","3":"status-publish","4":"has-post-thumbnail","6":"product_cat-hoerspiel-krimi","8":"first","9":"instock","10":"sale","11":"virtual","12":"purchasable","13":"product-type-simple"},"jetpack_sharing_enabled":true,"_links":{"self":[{"href":"https:\/\/audiobook-24.com\/en\/wp-json\/wp\/v2\/product\/1134","targetHints":{"allow":["GET"]}}],"collection":[{"href":"https:\/\/audiobook-24.com\/en\/wp-json\/wp\/v2\/product"}],"about":[{"href":"https:\/\/audiobook-24.com\/en\/wp-json\/wp\/v2\/types\/product"}],"replies":[{"embeddable":true,"href":"https:\/\/audiobook-24.com\/en\/wp-json\/wp\/v2\/comments?post=1134"}],"wp:featuredmedia":[{"embeddable":true,"href":"https:\/\/audiobook-24.com\/en\/wp-json\/wp\/v2\/media\/1135"}],"wp:attachment":[{"href":"https:\/\/audiobook-24.com\/en\/wp-json\/wp\/v2\/media?parent=1134"}],"wp:term":[{"taxonomy":"product_brand","embeddable":true,"href":"https:\/\/audiobook-24.com\/en\/wp-json\/wp\/v2\/product_brand?post=1134"},{"taxonomy":"product_cat","embeddable":true,"href":"https:\/\/audiobook-24.com\/en\/wp-json\/wp\/v2\/product_cat?post=1134"},{"taxonomy":"product_tag","embeddable":true,"href":"https:\/\/audiobook-24.com\/en\/wp-json\/wp\/v2\/product_tag?post=1134"}],"curies":[{"name":"wp","href":"https:\/\/api.w.org\/{rel}","templated":true}]}}