{"id":1123,"date":"2025-11-19T17:14:03","date_gmt":"2025-11-19T17:14:03","guid":{"rendered":"https:\/\/audiobook-24.com\/?post_type=product&#038;p=1123"},"modified":"2025-11-19T17:14:04","modified_gmt":"2025-11-19T17:14:04","slug":"das-hoerspiel-hamish-macbeth-laesst-sich-nicht-um-den-finger-wickeln","status":"publish","type":"product","link":"https:\/\/audiobook-24.com\/en\/product\/das-hoerspiel-hamish-macbeth-laesst-sich-nicht-um-den-finger-wickeln\/","title":{"rendered":"Das H\u00f6rspiel \u201eHamish Macbeth \u2013 L\u00e4sst sich nicht um den Finger wickeln"},"content":{"rendered":"<p><strong>Das H\u00f6rspiel \u201eHamish Macbeth \u2013 L\u00e4sst sich nicht um den Finger wickeln\u201c<\/strong><\/p>\n<p><strong>Inhalt:<\/strong><br \/>\nIm schottischen Hochland hat Polizist Hamish Macbeth wieder alle H\u00e4nde voll zu tun. Als eine geheimnisvolle Frau ins Dorf zieht und bald darauf merkw\u00fcrdige Vorf\u00e4lle geschehen, ist Hamish sofort misstrauisch. Mit seinem ganz eigenen, gem\u00fctlich-schrulligen Charme versucht er, den Dingen auf den Grund zu gehen \u2013 und deckt dabei Intrigen, L\u00fcgen und versteckte Geheimnisse auf. Ein spannender, humorvoller Krimi mit schottischem Flair, bei dem Hamish einmal mehr beweist, dass er sich nicht so leicht t\u00e4uschen l\u00e4sst.<\/p>\n<hr \/>\n<p>Nach Bezahlung erhalten Sie\u00a0<strong>sofort den Downloadlink<\/strong>\u00a0f\u00fcr:<br \/>\n<strong>PC, Handy, Tablet, MP3-Player, MP4-Player<\/strong><\/p>\n<p><strong>Oder auf allen Ger\u00e4ten gleichzeitig genie\u00dfen \u2013 so oft Sie wollen.<\/strong><\/p>","protected":false},"excerpt":{"rendered":"<p>Das H\u00f6rspiel \u201eHamish Macbeth \u2013 L\u00e4sst sich nicht um den Finger wickeln\u201c Inhalt: Im schottischen Hochland hat Polizist Hamish Macbeth wieder alle H\u00e4nde voll zu tun. Als eine geheimnisvolle Frau ins Dorf zieht und bald darauf merkw\u00fcrdige Vorf\u00e4lle geschehen, ist Hamish sofort misstrauisch. Mit seinem ganz eigenen, gem\u00fctlich-schrulligen Charme versucht er, den Dingen auf den [&hellip;]<\/p>\n","protected":false},"featured_media":1124,"comment_status":"open","ping_status":"closed","template":"","meta":[],"product_brand":[],"product_cat":[34],"product_tag":[],"class_list":{"0":"post-1123","1":"product","2":"type-product","3":"status-publish","4":"has-post-thumbnail","6":"product_cat-hoerspiel-krimi","8":"first","9":"instock","10":"sale","11":"virtual","12":"purchasable","13":"product-type-simple"},"jetpack_sharing_enabled":true,"_links":{"self":[{"href":"https:\/\/audiobook-24.com\/en\/wp-json\/wp\/v2\/product\/1123","targetHints":{"allow":["GET"]}}],"collection":[{"href":"https:\/\/audiobook-24.com\/en\/wp-json\/wp\/v2\/product"}],"about":[{"href":"https:\/\/audiobook-24.com\/en\/wp-json\/wp\/v2\/types\/product"}],"replies":[{"embeddable":true,"href":"https:\/\/audiobook-24.com\/en\/wp-json\/wp\/v2\/comments?post=1123"}],"wp:featuredmedia":[{"embeddable":true,"href":"https:\/\/audiobook-24.com\/en\/wp-json\/wp\/v2\/media\/1124"}],"wp:attachment":[{"href":"https:\/\/audiobook-24.com\/en\/wp-json\/wp\/v2\/media?parent=1123"}],"wp:term":[{"taxonomy":"product_brand","embeddable":true,"href":"https:\/\/audiobook-24.com\/en\/wp-json\/wp\/v2\/product_brand?post=1123"},{"taxonomy":"product_cat","embeddable":true,"href":"https:\/\/audiobook-24.com\/en\/wp-json\/wp\/v2\/product_cat?post=1123"},{"taxonomy":"product_tag","embeddable":true,"href":"https:\/\/audiobook-24.com\/en\/wp-json\/wp\/v2\/product_tag?post=1123"}],"curies":[{"name":"wp","href":"https:\/\/api.w.org\/{rel}","templated":true}]}}