{"id":1117,"date":"2025-11-19T17:06:22","date_gmt":"2025-11-19T17:06:22","guid":{"rendered":"https:\/\/audiobook-24.com\/?post_type=product&#038;p=1117"},"modified":"2025-11-19T17:06:22","modified_gmt":"2025-11-19T17:06:22","slug":"das-hoerspiel-kuesten-krimi-folge-14-bunkerleichen","status":"publish","type":"product","link":"https:\/\/audiobook-24.com\/en\/product\/das-hoerspiel-kuesten-krimi-folge-14-bunkerleichen\/","title":{"rendered":"Das H\u00f6rspiel \u201eK\u00fcsten-Krimi \u2013 Folge 14: Bunkerleichen\u201c"},"content":{"rendered":"<div class=\"row product-container js-product-container\">\n<div class=\"col-md-6\">\n<div class=\"product-information\">\n<div class=\"tabs\">\n<div id=\"tab-content\" class=\"tab-content\">\n<div id=\"description\" class=\"tab-pane fade in active js-product-tab-active\" role=\"tabpanel\">\n<div class=\"product-description\">\n<p><strong>Das H\u00f6rspiel \u201eK\u00fcsten-Krimi \u2013 Folge 14: Bunkerleichen\u201c<\/strong><\/p>\n<p><strong>Inhalt:<\/strong><br \/>\nAn der sturmgepeitschten K\u00fcste wird in einem alten Weltkriegsbunker eine grausige Entdeckung gemacht: Mehrere Leichen, die seit Jahrzehnten unbemerkt dort lagen. Kommissar Jan Petersen und sein Team sto\u00dfen auf ein Geflecht aus verdr\u00e4ngter Vergangenheit, alten Schuldfragen und t\u00f6dlichen Geheimnissen, die bis in die Gegenwart wirken. Doch je tiefer die Ermittler graben, desto gef\u00e4hrlicher wird es \u2013 denn jemand ist bereit, alles zu tun, um die Wahrheit f\u00fcr immer im Dunkeln zu halten.<\/p>\n<hr \/>\n<p>Nach Bezahlung erhalten Sie\u00a0<strong>sofort den Downloadlink<\/strong>\u00a0f\u00fcr:<\/p>\n<ul>\n<li>PC<\/li>\n<li>Handy<\/li>\n<li>Tablet<\/li>\n<li>MP3 Player<\/li>\n<li>MP4 Player<\/li>\n<\/ul>\n<p><strong>Oder auf allen Ger\u00e4ten gleichzeitig genie\u00dfen \u2013 so oft Sie wollen.<\/strong><\/p>\n<\/div>\n<\/div>\n<\/div>\n<\/div>\n<\/div>\n<\/div>\n<\/div>\n<div id=\"product-comments-list-header\">\n<div class=\"comments-nb\"><i class=\"material-icons chat\" data-icon=\"chat\"><\/i>\u00a0Kommentare (0)<\/div>\n<\/div>","protected":false},"excerpt":{"rendered":"<p>Das H\u00f6rspiel \u201eK\u00fcsten-Krimi \u2013 Folge 14: Bunkerleichen\u201c Inhalt: An der sturmgepeitschten K\u00fcste wird in einem alten Weltkriegsbunker eine grausige Entdeckung gemacht: Mehrere Leichen, die seit Jahrzehnten unbemerkt dort lagen. Kommissar Jan Petersen und sein Team sto\u00dfen auf ein Geflecht aus verdr\u00e4ngter Vergangenheit, alten Schuldfragen und t\u00f6dlichen Geheimnissen, die bis in die Gegenwart wirken. Doch je [&hellip;]<\/p>\n","protected":false},"featured_media":1118,"comment_status":"open","ping_status":"closed","template":"","meta":[],"product_brand":[],"product_cat":[34],"product_tag":[],"class_list":{"0":"post-1117","1":"product","2":"type-product","3":"status-publish","4":"has-post-thumbnail","6":"product_cat-hoerspiel-krimi","8":"first","9":"instock","10":"sale","11":"virtual","12":"purchasable","13":"product-type-simple"},"jetpack_sharing_enabled":true,"_links":{"self":[{"href":"https:\/\/audiobook-24.com\/en\/wp-json\/wp\/v2\/product\/1117","targetHints":{"allow":["GET"]}}],"collection":[{"href":"https:\/\/audiobook-24.com\/en\/wp-json\/wp\/v2\/product"}],"about":[{"href":"https:\/\/audiobook-24.com\/en\/wp-json\/wp\/v2\/types\/product"}],"replies":[{"embeddable":true,"href":"https:\/\/audiobook-24.com\/en\/wp-json\/wp\/v2\/comments?post=1117"}],"wp:featuredmedia":[{"embeddable":true,"href":"https:\/\/audiobook-24.com\/en\/wp-json\/wp\/v2\/media\/1118"}],"wp:attachment":[{"href":"https:\/\/audiobook-24.com\/en\/wp-json\/wp\/v2\/media?parent=1117"}],"wp:term":[{"taxonomy":"product_brand","embeddable":true,"href":"https:\/\/audiobook-24.com\/en\/wp-json\/wp\/v2\/product_brand?post=1117"},{"taxonomy":"product_cat","embeddable":true,"href":"https:\/\/audiobook-24.com\/en\/wp-json\/wp\/v2\/product_cat?post=1117"},{"taxonomy":"product_tag","embeddable":true,"href":"https:\/\/audiobook-24.com\/en\/wp-json\/wp\/v2\/product_tag?post=1117"}],"curies":[{"name":"wp","href":"https:\/\/api.w.org\/{rel}","templated":true}]}}