{"id":1115,"date":"2025-11-19T17:04:28","date_gmt":"2025-11-19T17:04:28","guid":{"rendered":"https:\/\/audiobook-24.com\/?post_type=product&#038;p=1115"},"modified":"2025-11-19T17:04:28","modified_gmt":"2025-11-19T17:04:28","slug":"das-hoerspiel-geier-ueber-gotland-kapitel-1","status":"publish","type":"product","link":"https:\/\/audiobook-24.com\/en\/product\/das-hoerspiel-geier-ueber-gotland-kapitel-1\/","title":{"rendered":"Das H\u00f6rspiel \u201eGeier \u00fcber Gotland \u2013 Kapitel 1\u201c"},"content":{"rendered":"<p><strong>Das H\u00f6rspiel \u201eGeier \u00fcber Gotland \u2013 Kapitel 1\u201c<\/strong><\/p>\n<p><strong>Inhalt:<\/strong><br \/>\n\u00dcber der schwedischen Insel Gotland ziehen unheilvolle Schatten auf. Ein r\u00e4tselhafter Mord ersch\u00fcttert die Gemeinschaft, und die Bewohner sprechen von schwarzen Geiern, die das Ungl\u00fcck ank\u00fcndigen. Kommissar Lund ermittelt zwischen K\u00fcstenklippen, alten Mythen und d\u00fcsteren Geheimnissen. Schon bald zeigt sich: Hinter dem Verbrechen steckt weit mehr als ein gew\u00f6hnlicher Mord \u2013 eine t\u00f6dliche Verschw\u00f6rung nimmt ihren Lauf.<\/p>\n<hr \/>\n<p>Nach Bezahlung erhalten Sie\u00a0<strong>sofort den Downloadlink<\/strong>\u00a0f\u00fcr:<\/p>\n<ul>\n<li>PC<\/li>\n<li>Handy<\/li>\n<li>Tablet<\/li>\n<li>MP3 Player<\/li>\n<li>MP4 Player<\/li>\n<\/ul>\n<p><strong>Oder auf allen Ger\u00e4ten gleichzeitig genie\u00dfen \u2013 so oft Sie wollen.<\/strong><\/p>","protected":false},"excerpt":{"rendered":"<p>Das H\u00f6rspiel \u201eGeier \u00fcber Gotland \u2013 Kapitel 1\u201c Inhalt: \u00dcber der schwedischen Insel Gotland ziehen unheilvolle Schatten auf. Ein r\u00e4tselhafter Mord ersch\u00fcttert die Gemeinschaft, und die Bewohner sprechen von schwarzen Geiern, die das Ungl\u00fcck ank\u00fcndigen. Kommissar Lund ermittelt zwischen K\u00fcstenklippen, alten Mythen und d\u00fcsteren Geheimnissen. Schon bald zeigt sich: Hinter dem Verbrechen steckt weit mehr [&hellip;]<\/p>\n","protected":false},"featured_media":1116,"comment_status":"open","ping_status":"closed","template":"","meta":[],"product_brand":[],"product_cat":[34],"product_tag":[],"class_list":{"0":"post-1115","1":"product","2":"type-product","3":"status-publish","4":"has-post-thumbnail","6":"product_cat-hoerspiel-krimi","8":"first","9":"instock","10":"sale","11":"virtual","12":"purchasable","13":"product-type-simple"},"jetpack_sharing_enabled":true,"_links":{"self":[{"href":"https:\/\/audiobook-24.com\/en\/wp-json\/wp\/v2\/product\/1115","targetHints":{"allow":["GET"]}}],"collection":[{"href":"https:\/\/audiobook-24.com\/en\/wp-json\/wp\/v2\/product"}],"about":[{"href":"https:\/\/audiobook-24.com\/en\/wp-json\/wp\/v2\/types\/product"}],"replies":[{"embeddable":true,"href":"https:\/\/audiobook-24.com\/en\/wp-json\/wp\/v2\/comments?post=1115"}],"wp:featuredmedia":[{"embeddable":true,"href":"https:\/\/audiobook-24.com\/en\/wp-json\/wp\/v2\/media\/1116"}],"wp:attachment":[{"href":"https:\/\/audiobook-24.com\/en\/wp-json\/wp\/v2\/media?parent=1115"}],"wp:term":[{"taxonomy":"product_brand","embeddable":true,"href":"https:\/\/audiobook-24.com\/en\/wp-json\/wp\/v2\/product_brand?post=1115"},{"taxonomy":"product_cat","embeddable":true,"href":"https:\/\/audiobook-24.com\/en\/wp-json\/wp\/v2\/product_cat?post=1115"},{"taxonomy":"product_tag","embeddable":true,"href":"https:\/\/audiobook-24.com\/en\/wp-json\/wp\/v2\/product_tag?post=1115"}],"curies":[{"name":"wp","href":"https:\/\/api.w.org\/{rel}","templated":true}]}}