{"id":1113,"date":"2025-11-19T17:00:50","date_gmt":"2025-11-19T17:00:50","guid":{"rendered":"https:\/\/audiobook-24.com\/?post_type=product&#038;p=1113"},"modified":"2025-11-19T17:00:51","modified_gmt":"2025-11-19T17:00:51","slug":"das-hoerspiel-kuesten-krimi-schattenstrand-teil-2-kapitel-1","status":"publish","type":"product","link":"https:\/\/audiobook-24.com\/en\/product\/das-hoerspiel-kuesten-krimi-schattenstrand-teil-2-kapitel-1\/","title":{"rendered":"Das H\u00f6rspiel \u201eK\u00fcsten-Krimi \u2013 Schattenstrand Teil 2: Kapitel 1\u201c"},"content":{"rendered":"<p><strong>Das H\u00f6rspiel \u201eK\u00fcsten-Krimi \u2013 Schattenstrand Teil 2: Kapitel 1\u201c<\/strong><\/p>\n<p><strong>Inhalt:<\/strong><br \/>\nEin nebliger Morgen am Strand enth\u00fcllt ein weiteres schreckliches Verbrechen. Kommissar Jan Petersen und sein Team sto\u00dfen auf neue Spuren, die tief in die dunkle Vergangenheit der K\u00fcste f\u00fchren. W\u00e4hrend sich alte Geheimnisse mit aktuellen Bedrohungen verweben, w\u00e4chst die Gefahr f\u00fcr die Ermittler selbst. Jeder Schritt am Schattenstrand bringt sie n\u00e4her an die Wahrheit \u2013 und gleichzeitig n\u00e4her an den Abgrund.<\/p>\n<hr \/>\n<p>Nach Bezahlung erhalten Sie\u00a0<strong>sofort den Downloadlink<\/strong>\u00a0f\u00fcr:<\/p>\n<ul>\n<li>PC<\/li>\n<li>Handy<\/li>\n<li>Tablet<\/li>\n<li>MP3 Player<\/li>\n<li>MP4 Player<\/li>\n<\/ul>\n<p><strong>Oder auf allen Ger\u00e4ten gleichzeitig genie\u00dfen \u2013 so oft Sie wollen.<\/strong><\/p>","protected":false},"excerpt":{"rendered":"<p>Das H\u00f6rspiel \u201eK\u00fcsten-Krimi \u2013 Schattenstrand Teil 2: Kapitel 1\u201c Inhalt: Ein nebliger Morgen am Strand enth\u00fcllt ein weiteres schreckliches Verbrechen. Kommissar Jan Petersen und sein Team sto\u00dfen auf neue Spuren, die tief in die dunkle Vergangenheit der K\u00fcste f\u00fchren. W\u00e4hrend sich alte Geheimnisse mit aktuellen Bedrohungen verweben, w\u00e4chst die Gefahr f\u00fcr die Ermittler selbst. Jeder [&hellip;]<\/p>\n","protected":false},"featured_media":1114,"comment_status":"open","ping_status":"closed","template":"","meta":[],"product_brand":[],"product_cat":[34],"product_tag":[],"class_list":{"0":"post-1113","1":"product","2":"type-product","3":"status-publish","4":"has-post-thumbnail","6":"product_cat-hoerspiel-krimi","8":"first","9":"instock","10":"sale","11":"virtual","12":"purchasable","13":"product-type-simple"},"jetpack_sharing_enabled":true,"_links":{"self":[{"href":"https:\/\/audiobook-24.com\/en\/wp-json\/wp\/v2\/product\/1113","targetHints":{"allow":["GET"]}}],"collection":[{"href":"https:\/\/audiobook-24.com\/en\/wp-json\/wp\/v2\/product"}],"about":[{"href":"https:\/\/audiobook-24.com\/en\/wp-json\/wp\/v2\/types\/product"}],"replies":[{"embeddable":true,"href":"https:\/\/audiobook-24.com\/en\/wp-json\/wp\/v2\/comments?post=1113"}],"wp:featuredmedia":[{"embeddable":true,"href":"https:\/\/audiobook-24.com\/en\/wp-json\/wp\/v2\/media\/1114"}],"wp:attachment":[{"href":"https:\/\/audiobook-24.com\/en\/wp-json\/wp\/v2\/media?parent=1113"}],"wp:term":[{"taxonomy":"product_brand","embeddable":true,"href":"https:\/\/audiobook-24.com\/en\/wp-json\/wp\/v2\/product_brand?post=1113"},{"taxonomy":"product_cat","embeddable":true,"href":"https:\/\/audiobook-24.com\/en\/wp-json\/wp\/v2\/product_cat?post=1113"},{"taxonomy":"product_tag","embeddable":true,"href":"https:\/\/audiobook-24.com\/en\/wp-json\/wp\/v2\/product_tag?post=1113"}],"curies":[{"name":"wp","href":"https:\/\/api.w.org\/{rel}","templated":true}]}}