{"id":1109,"date":"2025-11-19T16:55:52","date_gmt":"2025-11-19T16:55:52","guid":{"rendered":"https:\/\/audiobook-24.com\/?post_type=product&#038;p=1109"},"modified":"2025-11-19T16:55:52","modified_gmt":"2025-11-19T16:55:52","slug":"das-hoerspiel-kuesten-krimi-folge-15-jagdinstinkt","status":"publish","type":"product","link":"https:\/\/audiobook-24.com\/en\/product\/das-hoerspiel-kuesten-krimi-folge-15-jagdinstinkt\/","title":{"rendered":"Das H\u00f6rspiel \u201eK\u00fcsten-Krimi \u2013 Folge 15: Jagdinstinkt\u201c"},"content":{"rendered":"<p><strong>Das H\u00f6rspiel \u201eK\u00fcsten-Krimi \u2013 Folge 15: Jagdinstinkt\u201c<\/strong><\/p>\n<p><strong>Inhalt:<\/strong><br \/>\nEin brutaler Mord ersch\u00fcttert die Nordseek\u00fcste. Alles deutet darauf hin, dass ein J\u00e4ger nicht nur Wild im Visier hat, sondern auch Menschen. Kommissar Jan Petersen und sein Team sto\u00dfen auf ein Netz aus Habgier, alten Rivalit\u00e4ten und blutigen Geheimnissen. W\u00e4hrend die Spuren in die dunklen W\u00e4lder und einsamen K\u00fcstenlandschaften f\u00fchren, entwickelt sich die Jagd selbst zu einem t\u00f6dlichen Spiel \u2013 bei dem auch die Ermittler zur Beute werden k\u00f6nnten.<\/p>\n<hr \/>\n<p>Nach Bezahlung erhalten Sie\u00a0<strong>sofort den Downloadlink<\/strong>\u00a0f\u00fcr:<\/p>\n<ul>\n<li>PC<\/li>\n<li>Handy<\/li>\n<li>Tablet<\/li>\n<li>MP3 Player<\/li>\n<li>MP4 Player<\/li>\n<\/ul>\n<p><strong>Oder auf allen Ger\u00e4ten gleichzeitig genie\u00dfen \u2013 so oft Sie wollen.<\/strong><\/p>","protected":false},"excerpt":{"rendered":"<p>Das H\u00f6rspiel \u201eK\u00fcsten-Krimi \u2013 Folge 15: Jagdinstinkt\u201c Inhalt: Ein brutaler Mord ersch\u00fcttert die Nordseek\u00fcste. Alles deutet darauf hin, dass ein J\u00e4ger nicht nur Wild im Visier hat, sondern auch Menschen. Kommissar Jan Petersen und sein Team sto\u00dfen auf ein Netz aus Habgier, alten Rivalit\u00e4ten und blutigen Geheimnissen. W\u00e4hrend die Spuren in die dunklen W\u00e4lder und [&hellip;]<\/p>\n","protected":false},"featured_media":1110,"comment_status":"open","ping_status":"closed","template":"","meta":[],"product_brand":[],"product_cat":[34],"product_tag":[],"class_list":{"0":"post-1109","1":"product","2":"type-product","3":"status-publish","4":"has-post-thumbnail","6":"product_cat-hoerspiel-krimi","8":"first","9":"instock","10":"sale","11":"virtual","12":"purchasable","13":"product-type-simple"},"jetpack_sharing_enabled":true,"_links":{"self":[{"href":"https:\/\/audiobook-24.com\/en\/wp-json\/wp\/v2\/product\/1109","targetHints":{"allow":["GET"]}}],"collection":[{"href":"https:\/\/audiobook-24.com\/en\/wp-json\/wp\/v2\/product"}],"about":[{"href":"https:\/\/audiobook-24.com\/en\/wp-json\/wp\/v2\/types\/product"}],"replies":[{"embeddable":true,"href":"https:\/\/audiobook-24.com\/en\/wp-json\/wp\/v2\/comments?post=1109"}],"wp:featuredmedia":[{"embeddable":true,"href":"https:\/\/audiobook-24.com\/en\/wp-json\/wp\/v2\/media\/1110"}],"wp:attachment":[{"href":"https:\/\/audiobook-24.com\/en\/wp-json\/wp\/v2\/media?parent=1109"}],"wp:term":[{"taxonomy":"product_brand","embeddable":true,"href":"https:\/\/audiobook-24.com\/en\/wp-json\/wp\/v2\/product_brand?post=1109"},{"taxonomy":"product_cat","embeddable":true,"href":"https:\/\/audiobook-24.com\/en\/wp-json\/wp\/v2\/product_cat?post=1109"},{"taxonomy":"product_tag","embeddable":true,"href":"https:\/\/audiobook-24.com\/en\/wp-json\/wp\/v2\/product_tag?post=1109"}],"curies":[{"name":"wp","href":"https:\/\/api.w.org\/{rel}","templated":true}]}}