{"id":1107,"date":"2025-11-19T16:52:49","date_gmt":"2025-11-19T16:52:49","guid":{"rendered":"https:\/\/audiobook-24.com\/?post_type=product&#038;p=1107"},"modified":"2025-11-19T16:52:49","modified_gmt":"2025-11-19T16:52:49","slug":"die-ratten-von-nizza","status":"publish","type":"product","link":"https:\/\/audiobook-24.com\/en\/product\/die-ratten-von-nizza\/","title":{"rendered":"Die Ratten von Nizza"},"content":{"rendered":"<p><strong>Das H\u00f6rspiel \u201eDie Ratten von Nizza\u201c<\/strong><\/p>\n<p><strong>Inhalt:<\/strong><br \/>\nIn den verwinkelten Gassen von Nizza geschehen mysteri\u00f6se Morde, die die Stadt in Angst versetzen. Kommissar Moreau st\u00f6\u00dft bei seinen Ermittlungen auf ein Netzwerk aus Intrigen, geheimen Abmachungen und t\u00f6dlichen Rivalit\u00e4ten. Zwischen den glamour\u00f6sen Fassaden der C\u00f4te d\u2019Azur und den dunklen Schatten der Unterwelt muss er das R\u00e4tsel l\u00f6sen \u2013 bevor die n\u00e4chsten Opfer fallen.<\/p>\n<hr \/>\n<p>Nach Bezahlung erhalten Sie\u00a0<strong>sofort den Downloadlink<\/strong>\u00a0f\u00fcr:<\/p>\n<ul>\n<li>PC<\/li>\n<li>Handy<\/li>\n<li>Tablet<\/li>\n<li>MP3 Player<\/li>\n<li>MP4 Player<\/li>\n<\/ul>\n<p><strong>Oder auf allen Ger\u00e4ten gleichzeitig genie\u00dfen \u2013 so oft Sie wollen.<\/strong><\/p>","protected":false},"excerpt":{"rendered":"<p>Das H\u00f6rspiel \u201eDie Ratten von Nizza\u201c Inhalt: In den verwinkelten Gassen von Nizza geschehen mysteri\u00f6se Morde, die die Stadt in Angst versetzen. Kommissar Moreau st\u00f6\u00dft bei seinen Ermittlungen auf ein Netzwerk aus Intrigen, geheimen Abmachungen und t\u00f6dlichen Rivalit\u00e4ten. Zwischen den glamour\u00f6sen Fassaden der C\u00f4te d\u2019Azur und den dunklen Schatten der Unterwelt muss er das R\u00e4tsel [&hellip;]<\/p>\n","protected":false},"featured_media":1108,"comment_status":"open","ping_status":"closed","template":"","meta":[],"product_brand":[],"product_cat":[34],"product_tag":[],"class_list":{"0":"post-1107","1":"product","2":"type-product","3":"status-publish","4":"has-post-thumbnail","6":"product_cat-hoerspiel-krimi","8":"first","9":"instock","10":"sale","11":"virtual","12":"purchasable","13":"product-type-simple"},"jetpack_sharing_enabled":true,"_links":{"self":[{"href":"https:\/\/audiobook-24.com\/en\/wp-json\/wp\/v2\/product\/1107","targetHints":{"allow":["GET"]}}],"collection":[{"href":"https:\/\/audiobook-24.com\/en\/wp-json\/wp\/v2\/product"}],"about":[{"href":"https:\/\/audiobook-24.com\/en\/wp-json\/wp\/v2\/types\/product"}],"replies":[{"embeddable":true,"href":"https:\/\/audiobook-24.com\/en\/wp-json\/wp\/v2\/comments?post=1107"}],"wp:featuredmedia":[{"embeddable":true,"href":"https:\/\/audiobook-24.com\/en\/wp-json\/wp\/v2\/media\/1108"}],"wp:attachment":[{"href":"https:\/\/audiobook-24.com\/en\/wp-json\/wp\/v2\/media?parent=1107"}],"wp:term":[{"taxonomy":"product_brand","embeddable":true,"href":"https:\/\/audiobook-24.com\/en\/wp-json\/wp\/v2\/product_brand?post=1107"},{"taxonomy":"product_cat","embeddable":true,"href":"https:\/\/audiobook-24.com\/en\/wp-json\/wp\/v2\/product_cat?post=1107"},{"taxonomy":"product_tag","embeddable":true,"href":"https:\/\/audiobook-24.com\/en\/wp-json\/wp\/v2\/product_tag?post=1107"}],"curies":[{"name":"wp","href":"https:\/\/api.w.org\/{rel}","templated":true}]}}