{"id":1105,"date":"2025-11-19T16:50:34","date_gmt":"2025-11-19T16:50:34","guid":{"rendered":"https:\/\/audiobook-24.com\/?post_type=product&#038;p=1105"},"modified":"2025-11-19T16:50:35","modified_gmt":"2025-11-19T16:50:35","slug":"das-hoerspiel-die-taten-der-opfer-ein-krimi-aus-suedtirol","status":"publish","type":"product","link":"https:\/\/audiobook-24.com\/en\/product\/das-hoerspiel-die-taten-der-opfer-ein-krimi-aus-suedtirol\/","title":{"rendered":"Das H\u00f6rspiel \u201eDie Taten der Opfer \u2013 Ein Krimi aus S\u00fcdtirol\u201c"},"content":{"rendered":"<p><strong>Das H\u00f6rspiel \u201eDie Taten der Opfer \u2013 Ein Krimi aus S\u00fcdtirol\u201c<\/strong><\/p>\n<p><strong>Inhalt:<\/strong><br \/>\nIn den malerischen, aber verschneiten Bergen S\u00fcdtirols wird ein scheinbar zuf\u00e4lliger Mord ver\u00fcbt. Doch Kommissar Steiner erkennt schnell, dass die Opfer mehr gemeinsam haben, als es zun\u00e4chst scheint. Alte Rivalit\u00e4ten, dunkle Familiengeheimnisse und versteckte Motive kommen ans Licht, w\u00e4hrend die Ermittlungen immer gef\u00e4hrlicher werden. Die Idylle der Alpen tr\u00fcgt \u2013 hinter jeder Ecke lauert das Verbrechen.<\/p>\n<hr \/>\n<p>Nach Bezahlung erhalten Sie\u00a0<strong>sofort den Downloadlink<\/strong>\u00a0f\u00fcr:<\/p>\n<ul>\n<li><strong>PC\u00a0 Handy Tablet MP3 Player MP4 Player<\/strong><\/li>\n<\/ul>\n<p><strong>Oder auf allen Ger\u00e4ten gleichzeitig genie\u00dfen \u2013 so oft Sie wollen.<\/strong><\/p>","protected":false},"excerpt":{"rendered":"<p>Das H\u00f6rspiel \u201eDie Taten der Opfer \u2013 Ein Krimi aus S\u00fcdtirol\u201c Inhalt: In den malerischen, aber verschneiten Bergen S\u00fcdtirols wird ein scheinbar zuf\u00e4lliger Mord ver\u00fcbt. Doch Kommissar Steiner erkennt schnell, dass die Opfer mehr gemeinsam haben, als es zun\u00e4chst scheint. Alte Rivalit\u00e4ten, dunkle Familiengeheimnisse und versteckte Motive kommen ans Licht, w\u00e4hrend die Ermittlungen immer gef\u00e4hrlicher [&hellip;]<\/p>\n","protected":false},"featured_media":1106,"comment_status":"open","ping_status":"closed","template":"","meta":[],"product_brand":[],"product_cat":[34],"product_tag":[],"class_list":{"0":"post-1105","1":"product","2":"type-product","3":"status-publish","4":"has-post-thumbnail","6":"product_cat-hoerspiel-krimi","8":"first","9":"instock","10":"sale","11":"virtual","12":"purchasable","13":"product-type-simple"},"jetpack_sharing_enabled":true,"_links":{"self":[{"href":"https:\/\/audiobook-24.com\/en\/wp-json\/wp\/v2\/product\/1105","targetHints":{"allow":["GET"]}}],"collection":[{"href":"https:\/\/audiobook-24.com\/en\/wp-json\/wp\/v2\/product"}],"about":[{"href":"https:\/\/audiobook-24.com\/en\/wp-json\/wp\/v2\/types\/product"}],"replies":[{"embeddable":true,"href":"https:\/\/audiobook-24.com\/en\/wp-json\/wp\/v2\/comments?post=1105"}],"wp:featuredmedia":[{"embeddable":true,"href":"https:\/\/audiobook-24.com\/en\/wp-json\/wp\/v2\/media\/1106"}],"wp:attachment":[{"href":"https:\/\/audiobook-24.com\/en\/wp-json\/wp\/v2\/media?parent=1105"}],"wp:term":[{"taxonomy":"product_brand","embeddable":true,"href":"https:\/\/audiobook-24.com\/en\/wp-json\/wp\/v2\/product_brand?post=1105"},{"taxonomy":"product_cat","embeddable":true,"href":"https:\/\/audiobook-24.com\/en\/wp-json\/wp\/v2\/product_cat?post=1105"},{"taxonomy":"product_tag","embeddable":true,"href":"https:\/\/audiobook-24.com\/en\/wp-json\/wp\/v2\/product_tag?post=1105"}],"curies":[{"name":"wp","href":"https:\/\/api.w.org\/{rel}","templated":true}]}}