{"id":1101,"date":"2025-11-19T16:42:59","date_gmt":"2025-11-19T16:42:59","guid":{"rendered":"https:\/\/audiobook-24.com\/?post_type=product&#038;p=1101"},"modified":"2025-11-19T16:43:00","modified_gmt":"2025-11-19T16:43:00","slug":"lethal-weapon-3-die-profis-sind-zurueck","status":"publish","type":"product","link":"https:\/\/audiobook-24.com\/en\/product\/lethal-weapon-3-die-profis-sind-zurueck\/","title":{"rendered":"Lethal Weapon 3 \u2013 Die Profis sind zur\u00fcck"},"content":{"rendered":"<h2>Lethal Weapon 3 \u2013 Die Profis sind zur\u00fcck<\/h2>\n<h2>Das Original-H\u00f6rspiel zum Film \u2013 explosiv, witzig, kompromisslos!<\/h2>\n<h2><\/h2>\n<h2>Die Kult-Cops sind wieder im Einsatz! Riggs und Murtaugh, das ungleiche Duo aus Los Angeles, kehrt in \u201eLethal Weapon 3\u201c mit noch mehr Tempo, noch mehr Action \u2013 und noch mehr Chaos zur\u00fcck. Dieses Original-H\u00f6rspiel zum Film bringt die knallharte Buddy-Action direkt in deine Ohren: mit rasanten Verfolgungsjagden, bissigen Spr\u00fcchen und einem Fall, der es in sich hat.<\/h2>\n<h2><\/h2>\n<h2>Ein ehemaliger Polizist dealt mit gestohlenen Waffen \u2013 und Riggs und Murtaugh sind ihm dicht auf den Fersen. Mit dabei: eine taffe interne Ermittlerin, explosive \u00dcberraschungen und jede Menge Schusswechsel. Doch zwischen Kugelhagel und Slapstick bleibt auch Zeit f\u00fcr echte Freundschaft und einen Schuss Gef\u00fchl.<\/h2>\n<h2><\/h2>\n<h2>Mit originalgetreuen Soundeffekten, dynamischer Musik und ikonischen Dialogen wird dieses H\u00f6rspiel zum Kino-Erlebnis f\u00fcr die Ohren \u2013 genau das Richtige f\u00fcr Fans von Spannung, Humor und harter Action.<\/h2>\n<h2><\/h2>\n<h2>Lethal Weapon 3 \u2013 kompromisslos gut.<\/h2>\n<h2><\/h2>\n<h2>\u2705 Nach der Bezahlung:<\/h2>\n<h2>Vielen Dank f\u00fcr Ihren Kauf!<\/h2>\n<h2>Nach erfolgreicher Bezahlung erhalten Sie umgehend den Download-Link zu \u201eLethal Weapon 3 \u2013 Die Profis sind zur\u00fcck \u2013 Das Original-H\u00f6rspiel zum Film\u201c.<\/h2>\n<h2>Einfach herunterladen \u2013 und direkt eintauchen in knallharte Action mit Kultfaktor.<\/h2>\n<h2>Viel Vergn\u00fcgen beim H\u00f6ren!<\/h2>","protected":false},"excerpt":{"rendered":"<p>Lethal Weapon 3 \u2013 Die Profis sind zur\u00fcck Das Original-H\u00f6rspiel zum Film \u2013 explosiv, witzig, kompromisslos! Die Kult-Cops sind wieder im Einsatz! Riggs und Murtaugh, das ungleiche Duo aus Los Angeles, kehrt in \u201eLethal Weapon 3\u201c mit noch mehr Tempo, noch mehr Action \u2013 und noch mehr Chaos zur\u00fcck. Dieses Original-H\u00f6rspiel zum Film bringt die [&hellip;]<\/p>\n","protected":false},"featured_media":1102,"comment_status":"open","ping_status":"closed","template":"","meta":[],"product_brand":[],"product_cat":[21],"product_tag":[],"class_list":{"0":"post-1101","1":"product","2":"type-product","3":"status-publish","4":"has-post-thumbnail","6":"product_cat-hoerspiele","8":"first","9":"instock","10":"sale","11":"virtual","12":"purchasable","13":"product-type-simple"},"jetpack_sharing_enabled":true,"_links":{"self":[{"href":"https:\/\/audiobook-24.com\/en\/wp-json\/wp\/v2\/product\/1101","targetHints":{"allow":["GET"]}}],"collection":[{"href":"https:\/\/audiobook-24.com\/en\/wp-json\/wp\/v2\/product"}],"about":[{"href":"https:\/\/audiobook-24.com\/en\/wp-json\/wp\/v2\/types\/product"}],"replies":[{"embeddable":true,"href":"https:\/\/audiobook-24.com\/en\/wp-json\/wp\/v2\/comments?post=1101"}],"wp:featuredmedia":[{"embeddable":true,"href":"https:\/\/audiobook-24.com\/en\/wp-json\/wp\/v2\/media\/1102"}],"wp:attachment":[{"href":"https:\/\/audiobook-24.com\/en\/wp-json\/wp\/v2\/media?parent=1101"}],"wp:term":[{"taxonomy":"product_brand","embeddable":true,"href":"https:\/\/audiobook-24.com\/en\/wp-json\/wp\/v2\/product_brand?post=1101"},{"taxonomy":"product_cat","embeddable":true,"href":"https:\/\/audiobook-24.com\/en\/wp-json\/wp\/v2\/product_cat?post=1101"},{"taxonomy":"product_tag","embeddable":true,"href":"https:\/\/audiobook-24.com\/en\/wp-json\/wp\/v2\/product_tag?post=1101"}],"curies":[{"name":"wp","href":"https:\/\/api.w.org\/{rel}","templated":true}]}}