{"id":1097,"date":"2025-11-19T16:38:55","date_gmt":"2025-11-19T16:38:55","guid":{"rendered":"https:\/\/audiobook-24.com\/?post_type=product&#038;p=1097"},"modified":"2025-11-19T16:38:55","modified_gmt":"2025-11-19T16:38:55","slug":"stirb-langsam-jetzt-erst-recht-das-original-hoerspiel-zum-film","status":"publish","type":"product","link":"https:\/\/audiobook-24.com\/en\/product\/stirb-langsam-jetzt-erst-recht-das-original-hoerspiel-zum-film\/","title":{"rendered":"Stirb Langsam \u2013 Jetzt erst recht Das Original-H\u00f6rspiel zum Film"},"content":{"rendered":"<h2>Stirb Langsam \u2013 Jetzt erst recht<\/h2>\n<h2>Das Original-H\u00f6rspiel zum Film \u2013 hart, schnell, unerbittlich!<\/h2>\n<h2><\/h2>\n<h2>New York zittert \u2013 nicht vor einem Terroranschlag, sondern vor einem perfiden Spiel. Ein Unbekannter namens Simon zwingt den suspendierten Cop John McClane, eine t\u00f6dliche Schnitzeljagd durch die ganze Stadt zu spielen. Zusammen mit dem misstrauischen Ladenbesitzer Zeus Carver muss McClane R\u00e4tsel l\u00f6sen, Bomben entsch\u00e4rfen \u2013 und gleichzeitig ein wahres Inferno verhindern.<\/h2>\n<h2><\/h2>\n<h2>\u201eStirb Langsam \u2013 Jetzt erst recht\u201c bringt die explosive Action des Kinohits direkt ins Ohr: Mit donnernden Soundeffekten, temporeicher Musik, schlagfertigen Dialogen und nervenzerrei\u00dfender Spannung. McClane ist verletzlicher, w\u00fctender \u2013 aber entschlossener denn je. Und der Gegner? Intelligent. Kaltherzig. Unberechenbar.<\/h2>\n<h2><\/h2>\n<h2>Ein Wettlauf gegen die Zeit \u2013 auf Leben und Tod.<\/h2>\n<h2>Erlebe den dritten Teil der Kultreihe als packendes H\u00f6rspiel-Erlebnis \u2013 intensiv, dramatisch, adrenalingeladen.<\/h2>\n<h2><\/h2>\n<h2>Stirb Langsam 3 \u2013 Wenn die Zeit abl\u00e4uft, z\u00e4hlt nur noch eins: handeln.<\/h2>\n<h2><\/h2>\n<h2>\u2705 Nach der Bezahlung:<\/h2>\n<h2>Vielen Dank f\u00fcr Ihren Kauf!<\/h2>\n<h2>Nach erfolgreicher Bezahlung erhalten Sie sofort den Download-Link zu \u201eStirb Langsam \u2013 Jetzt erst recht \u2013 Das Original-H\u00f6rspiel zum Film\u201c.<\/h2>\n<h2><\/h2>\n<h2>Einfach herunterladen \u2013 und direkt in die Hochspannung eintauchen.<\/h2>\n<h2>Wir w\u00fcnschen ein actionreiches H\u00f6rerlebnis!<\/h2>","protected":false},"excerpt":{"rendered":"<p>Stirb Langsam \u2013 Jetzt erst recht Das Original-H\u00f6rspiel zum Film \u2013 hart, schnell, unerbittlich! New York zittert \u2013 nicht vor einem Terroranschlag, sondern vor einem perfiden Spiel. Ein Unbekannter namens Simon zwingt den suspendierten Cop John McClane, eine t\u00f6dliche Schnitzeljagd durch die ganze Stadt zu spielen. Zusammen mit dem misstrauischen Ladenbesitzer Zeus Carver muss McClane [&hellip;]<\/p>\n","protected":false},"featured_media":1098,"comment_status":"open","ping_status":"closed","template":"","meta":[],"product_brand":[],"product_cat":[21],"product_tag":[],"class_list":{"0":"post-1097","1":"product","2":"type-product","3":"status-publish","4":"has-post-thumbnail","6":"product_cat-hoerspiele","8":"first","9":"instock","10":"sale","11":"virtual","12":"purchasable","13":"product-type-simple"},"jetpack_sharing_enabled":true,"_links":{"self":[{"href":"https:\/\/audiobook-24.com\/en\/wp-json\/wp\/v2\/product\/1097","targetHints":{"allow":["GET"]}}],"collection":[{"href":"https:\/\/audiobook-24.com\/en\/wp-json\/wp\/v2\/product"}],"about":[{"href":"https:\/\/audiobook-24.com\/en\/wp-json\/wp\/v2\/types\/product"}],"replies":[{"embeddable":true,"href":"https:\/\/audiobook-24.com\/en\/wp-json\/wp\/v2\/comments?post=1097"}],"wp:featuredmedia":[{"embeddable":true,"href":"https:\/\/audiobook-24.com\/en\/wp-json\/wp\/v2\/media\/1098"}],"wp:attachment":[{"href":"https:\/\/audiobook-24.com\/en\/wp-json\/wp\/v2\/media?parent=1097"}],"wp:term":[{"taxonomy":"product_brand","embeddable":true,"href":"https:\/\/audiobook-24.com\/en\/wp-json\/wp\/v2\/product_brand?post=1097"},{"taxonomy":"product_cat","embeddable":true,"href":"https:\/\/audiobook-24.com\/en\/wp-json\/wp\/v2\/product_cat?post=1097"},{"taxonomy":"product_tag","embeddable":true,"href":"https:\/\/audiobook-24.com\/en\/wp-json\/wp\/v2\/product_tag?post=1097"}],"curies":[{"name":"wp","href":"https:\/\/api.w.org\/{rel}","templated":true}]}}