{"id":1095,"date":"2025-11-19T16:36:43","date_gmt":"2025-11-19T16:36:43","guid":{"rendered":"https:\/\/audiobook-24.com\/?post_type=product&#038;p=1095"},"modified":"2025-11-19T16:37:04","modified_gmt":"2025-11-19T16:37:04","slug":"lethal-weapon-1-zwei-stahlharte-profis","status":"publish","type":"product","link":"https:\/\/audiobook-24.com\/en\/product\/lethal-weapon-1-zwei-stahlharte-profis\/","title":{"rendered":"Lethal Weapon 1\u2013 Zwei stahlharte Profis"},"content":{"rendered":"<h2>Lethal Weapon \u2013 Zwei stahlharte Profis<\/h2>\n<h2>Das Original-H\u00f6rspiel zum Kultfilm \u2013 knallhart, cool, kompromisslos!<\/h2>\n<h2><\/h2>\n<h2>Zwei Cops \u2013 unterschiedlicher k\u00f6nnten sie kaum sein: Der erfahrene, besonnene Sergeant Roger Murtaugh steht kurz vor der Pension. Der unberechenbare Einzelg\u00e4nger Martin Riggs hat nichts mehr zu verlieren. Als sie gezwungenerma\u00dfen ein Team bilden, fliegen nicht nur die Fetzen \u2013 sie geraten mitten in einen t\u00f6dlichen Fall aus Drogenhandel, Korruption und r\u00fccksichtsloser Gewalt.<\/h2>\n<h2><\/h2>\n<h2>\u201eLethal Weapon \u2013 Zwei stahlharte Profis\u201c bringt den legend\u00e4ren ersten Teil der Actionreihe als explosiv inszeniertes H\u00f6rspiel-H\u00f6rbuch zur\u00fcck: mit dynamischen Soundeffekten, packender Musik und den markanten Dialogen, die das Duo Riggs &amp; Murtaugh unsterblich gemacht haben.<\/h2>\n<h2><\/h2>\n<h2>Zwischen Kugelhagel, bissigen Spr\u00fcchen und menschlichen Abgr\u00fcnden entfaltet sich ein actionreiches, emotionales und humorvolles Abenteuer, das den Begriff \u201eBuddy Cop\u201c neu definiert hat \u2013 und bis heute Ma\u00dfst\u00e4be setzt.<\/h2>\n<h2><\/h2>\n<h2>Ein Muss f\u00fcr Fans harter Action, cooler Helden und zeitloser Klassiker.<\/h2>\n<h2><\/h2>\n<h2>\u2705 Nach der Bezahlung:<\/h2>\n<h2>Vielen Dank f\u00fcr Ihren Kauf!<\/h2>\n<h2>Nach erfolgreicher Bezahlung erhalten Sie sofort den Download-Link zu \u201eLethal Weapon \u2013 Zwei stahlharte Profis\u201c, dem Original-H\u00f6rspiel zum Film.<\/h2>\n<h2><\/h2>\n<h2>Jetzt herunterladen \u2013 und eintauchen in ein kultiges Action-Abenteuer mit zwei der h\u00e4rtesten Cops Hollywoods.<\/h2>\n<h2>Viel Spa\u00df beim H\u00f6ren!<\/h2>","protected":false},"excerpt":{"rendered":"<p>Lethal Weapon \u2013 Zwei stahlharte Profis Das Original-H\u00f6rspiel zum Kultfilm \u2013 knallhart, cool, kompromisslos! Zwei Cops \u2013 unterschiedlicher k\u00f6nnten sie kaum sein: Der erfahrene, besonnene Sergeant Roger Murtaugh steht kurz vor der Pension. Der unberechenbare Einzelg\u00e4nger Martin Riggs hat nichts mehr zu verlieren. Als sie gezwungenerma\u00dfen ein Team bilden, fliegen nicht nur die Fetzen \u2013 [&hellip;]<\/p>\n","protected":false},"featured_media":1096,"comment_status":"open","ping_status":"closed","template":"","meta":[],"product_brand":[],"product_cat":[21],"product_tag":[],"class_list":{"0":"post-1095","1":"product","2":"type-product","3":"status-publish","4":"has-post-thumbnail","6":"product_cat-hoerspiele","8":"first","9":"instock","10":"sale","11":"virtual","12":"purchasable","13":"product-type-simple"},"jetpack_sharing_enabled":true,"_links":{"self":[{"href":"https:\/\/audiobook-24.com\/en\/wp-json\/wp\/v2\/product\/1095","targetHints":{"allow":["GET"]}}],"collection":[{"href":"https:\/\/audiobook-24.com\/en\/wp-json\/wp\/v2\/product"}],"about":[{"href":"https:\/\/audiobook-24.com\/en\/wp-json\/wp\/v2\/types\/product"}],"replies":[{"embeddable":true,"href":"https:\/\/audiobook-24.com\/en\/wp-json\/wp\/v2\/comments?post=1095"}],"wp:featuredmedia":[{"embeddable":true,"href":"https:\/\/audiobook-24.com\/en\/wp-json\/wp\/v2\/media\/1096"}],"wp:attachment":[{"href":"https:\/\/audiobook-24.com\/en\/wp-json\/wp\/v2\/media?parent=1095"}],"wp:term":[{"taxonomy":"product_brand","embeddable":true,"href":"https:\/\/audiobook-24.com\/en\/wp-json\/wp\/v2\/product_brand?post=1095"},{"taxonomy":"product_cat","embeddable":true,"href":"https:\/\/audiobook-24.com\/en\/wp-json\/wp\/v2\/product_cat?post=1095"},{"taxonomy":"product_tag","embeddable":true,"href":"https:\/\/audiobook-24.com\/en\/wp-json\/wp\/v2\/product_tag?post=1095"}],"curies":[{"name":"wp","href":"https:\/\/api.w.org\/{rel}","templated":true}]}}