{"id":1090,"date":"2025-11-19T16:33:24","date_gmt":"2025-11-19T16:33:24","guid":{"rendered":"https:\/\/audiobook-24.com\/?post_type=product&#038;p=1090"},"modified":"2025-11-19T16:33:25","modified_gmt":"2025-11-19T16:33:25","slug":"stirb-langsam-4-0-das-original-hoerspiel-zum-film","status":"publish","type":"product","link":"https:\/\/audiobook-24.com\/en\/product\/stirb-langsam-4-0-das-original-hoerspiel-zum-film\/","title":{"rendered":"Stirb Langsam 4.0 \u2013 Das Original-H\u00f6rspiel zum Film"},"content":{"rendered":"<h2>Stirb Langsam 4.0 \u2013 Das Original-H\u00f6rspiel zum Film<\/h2>\n<h2>Der Krieg hat sich ver\u00e4ndert. Die Gefahr ist digital \u2013 doch John McClane bleibt analog.<\/h2>\n<h2><\/h2>\n<h2>Amerika steht am Rand des digitalen Kollapses. Ein brillanter Hacker will die komplette Infrastruktur der Vereinigten Staaten lahmlegen \u2013 Stromnetze, Finanzsysteme, Verkehrssteuerung. Was wie ein Cyberangriff beginnt, entwickelt sich schnell zu einer nationalen Katastrophe. Nur einer steht zwischen dem Wahnsinn und dem totalen Zusammenbruch: John McClane.<\/h2>\n<h2><\/h2>\n<h2>Ohne Hightech, ohne Backup \u2013 aber mit Mut, Instinkt und jeder Menge Schlagkraft.<\/h2>\n<h2>Zusammen mit einem jungen Hacker, der ins Visier der Angreifer geraten ist, k\u00e4mpft McClane gegen eine Bedrohung, die keine Grenzen kennt. Vom Gro\u00dfstadt-Dschungel bis zu den Servern der Nation liefert \u201eStirb Langsam 4.0\u201c Action pur \u2013 modern, hart, kompromisslos.<\/h2>\n<h2><\/h2>\n<h2>Das Original-H\u00f6rbuch zum Film bringt den vierten Teil der legend\u00e4ren Reihe als fesselndes Audio-Erlebnis: Mit cineastischer Spannung, packenden Ger\u00e4uschen, markanten Stimmen und atemloser Inszenierung.<\/h2>\n<h2><\/h2>\n<h2>McClane ist zur\u00fcck \u2013 \u00e4lter, w\u00fctender, unaufhaltsam.<\/h2>\n<h2><\/h2>\n<h2>\u2705 Nach der Bezahlung:<\/h2>\n<h2>Vielen Dank f\u00fcr Ihren Kauf!<\/h2>\n<h2>Nach erfolgreicher Bezahlung erhalten Sie sofort den Download-Link zu \u201eStirb Langsam 4.0 \u2013 Das Original-H\u00f6rbuch zum Film\u201c.<\/h2>\n<h2><\/h2>\n<h2>Jetzt herunterladen \u2013 und Action auf h\u00f6chstem Level erleben.<\/h2>\n<h2>Viel Vergn\u00fcgen beim H\u00f6ren!<\/h2>","protected":false},"excerpt":{"rendered":"<p>Stirb Langsam 4.0 \u2013 Das Original-H\u00f6rspiel zum Film Der Krieg hat sich ver\u00e4ndert. Die Gefahr ist digital \u2013 doch John McClane bleibt analog. Amerika steht am Rand des digitalen Kollapses. Ein brillanter Hacker will die komplette Infrastruktur der Vereinigten Staaten lahmlegen \u2013 Stromnetze, Finanzsysteme, Verkehrssteuerung. Was wie ein Cyberangriff beginnt, entwickelt sich schnell zu einer [&hellip;]<\/p>\n","protected":false},"featured_media":1092,"comment_status":"open","ping_status":"closed","template":"","meta":[],"product_brand":[],"product_cat":[21],"product_tag":[],"class_list":{"0":"post-1090","1":"product","2":"type-product","3":"status-publish","4":"has-post-thumbnail","6":"product_cat-hoerspiele","8":"first","9":"instock","10":"sale","11":"virtual","12":"purchasable","13":"product-type-simple"},"jetpack_sharing_enabled":true,"_links":{"self":[{"href":"https:\/\/audiobook-24.com\/en\/wp-json\/wp\/v2\/product\/1090","targetHints":{"allow":["GET"]}}],"collection":[{"href":"https:\/\/audiobook-24.com\/en\/wp-json\/wp\/v2\/product"}],"about":[{"href":"https:\/\/audiobook-24.com\/en\/wp-json\/wp\/v2\/types\/product"}],"replies":[{"embeddable":true,"href":"https:\/\/audiobook-24.com\/en\/wp-json\/wp\/v2\/comments?post=1090"}],"wp:featuredmedia":[{"embeddable":true,"href":"https:\/\/audiobook-24.com\/en\/wp-json\/wp\/v2\/media\/1092"}],"wp:attachment":[{"href":"https:\/\/audiobook-24.com\/en\/wp-json\/wp\/v2\/media?parent=1090"}],"wp:term":[{"taxonomy":"product_brand","embeddable":true,"href":"https:\/\/audiobook-24.com\/en\/wp-json\/wp\/v2\/product_brand?post=1090"},{"taxonomy":"product_cat","embeddable":true,"href":"https:\/\/audiobook-24.com\/en\/wp-json\/wp\/v2\/product_cat?post=1090"},{"taxonomy":"product_tag","embeddable":true,"href":"https:\/\/audiobook-24.com\/en\/wp-json\/wp\/v2\/product_tag?post=1090"}],"curies":[{"name":"wp","href":"https:\/\/api.w.org\/{rel}","templated":true}]}}