{"id":1088,"date":"2025-11-19T09:03:39","date_gmt":"2025-11-19T09:03:39","guid":{"rendered":"https:\/\/audiobook-24.com\/?post_type=product&#038;p=1088"},"modified":"2025-11-19T09:03:39","modified_gmt":"2025-11-19T09:03:39","slug":"stirb-langsam-2-das-original-hoerspiel-zum-film","status":"publish","type":"product","link":"https:\/\/audiobook-24.com\/en\/product\/stirb-langsam-2-das-original-hoerspiel-zum-film\/","title":{"rendered":"Stirb Langsam 2 \u2013 Das Original-H\u00f6rspiel zum Film"},"content":{"rendered":"<h2>Stirb Langsam 2 \u2013 Das Original-H\u00f6rspiel zum Film<\/h2>\n<h2>Er ist wieder da. Und dieses Mal k\u00e4mpft er gegen Terror \u2013 mitten im Schneechaos.<\/h2>\n<h2><\/h2>\n<h2>Weihnachten. Schnee. Flughafen. Chaos.<\/h2>\n<h2>Eigentlich wollte John McClane nur seine Frau vom Flughafen abholen \u2013 doch pl\u00f6tzlich verwandelt sich der besinnliche Abend in ein t\u00f6dliches Katz-und-Maus-Spiel. Eine Elite-Truppe von S\u00f6ldnern bringt den Washingtoner Flughafen in ihre Gewalt, um einen inhaftierten Diktator zu befreien. Tausende Passagiere sind in der Luft gefangen \u2013 darunter auch McClanes Frau.<\/h2>\n<h2><\/h2>\n<h2>Was folgt, ist ein gnadenloser Wettlauf gegen die Zeit. In eisiger K\u00e4lte und ohne R\u00fcckendeckung nimmt McClane den Kampf auf \u2013 allein gegen eine perfekt organisierte Milit\u00e4reinheit. Doch wenn einer das Unm\u00f6gliche m\u00f6glich machen kann, dann er\u2026<\/h2>\n<h2><\/h2>\n<h2>\u201eStirb Langsam 2\u201c als Original-H\u00f6rspiel zum Film bietet explosiven Nervenkitzel, realistische Sounds, dynamische Musik und die kultigen One-Liner, die John McClane zur Legende gemacht haben.<\/h2>\n<h2>Ein Muss f\u00fcr alle Action-Fans \u2013 direkt aus dem Kinoklassiker ins Ohr.<\/h2>\n<h2><\/h2>\n<h2>Yippee-Ki-Yay \u2013 der Schnee wird rot!<\/h2>\n<h2><\/h2>\n<h2>\u2705 Nach der Bezahlung:<\/h2>\n<h2>Vielen Dank f\u00fcr Ihren Kauf!<\/h2>\n<h2>Nach erfolgreicher Bezahlung erhalten Sie umgehend den Download-Link zu \u201eStirb Langsam 2 \u2013 Das Original-H\u00f6rspiel zum Film\u201c.<\/h2>\n<h2><\/h2>\n<h2>Jetzt herunterladen \u2013 und eintauchen in ein eiskaltes, hochspannendes Action-Abenteuer mit John McClane.<\/h2>\n<h2>Viel Spa\u00df beim H\u00f6ren!<\/h2>","protected":false},"excerpt":{"rendered":"<p>Stirb Langsam 2 \u2013 Das Original-H\u00f6rspiel zum Film Er ist wieder da. Und dieses Mal k\u00e4mpft er gegen Terror \u2013 mitten im Schneechaos. Weihnachten. Schnee. Flughafen. Chaos. Eigentlich wollte John McClane nur seine Frau vom Flughafen abholen \u2013 doch pl\u00f6tzlich verwandelt sich der besinnliche Abend in ein t\u00f6dliches Katz-und-Maus-Spiel. Eine Elite-Truppe von S\u00f6ldnern bringt den [&hellip;]<\/p>\n","protected":false},"featured_media":1089,"comment_status":"open","ping_status":"closed","template":"","meta":[],"product_brand":[],"product_cat":[21],"product_tag":[],"class_list":{"0":"post-1088","1":"product","2":"type-product","3":"status-publish","4":"has-post-thumbnail","6":"product_cat-hoerspiele","8":"first","9":"instock","10":"sale","11":"virtual","12":"purchasable","13":"product-type-simple"},"jetpack_sharing_enabled":true,"_links":{"self":[{"href":"https:\/\/audiobook-24.com\/en\/wp-json\/wp\/v2\/product\/1088","targetHints":{"allow":["GET"]}}],"collection":[{"href":"https:\/\/audiobook-24.com\/en\/wp-json\/wp\/v2\/product"}],"about":[{"href":"https:\/\/audiobook-24.com\/en\/wp-json\/wp\/v2\/types\/product"}],"replies":[{"embeddable":true,"href":"https:\/\/audiobook-24.com\/en\/wp-json\/wp\/v2\/comments?post=1088"}],"wp:featuredmedia":[{"embeddable":true,"href":"https:\/\/audiobook-24.com\/en\/wp-json\/wp\/v2\/media\/1089"}],"wp:attachment":[{"href":"https:\/\/audiobook-24.com\/en\/wp-json\/wp\/v2\/media?parent=1088"}],"wp:term":[{"taxonomy":"product_brand","embeddable":true,"href":"https:\/\/audiobook-24.com\/en\/wp-json\/wp\/v2\/product_brand?post=1088"},{"taxonomy":"product_cat","embeddable":true,"href":"https:\/\/audiobook-24.com\/en\/wp-json\/wp\/v2\/product_cat?post=1088"},{"taxonomy":"product_tag","embeddable":true,"href":"https:\/\/audiobook-24.com\/en\/wp-json\/wp\/v2\/product_tag?post=1088"}],"curies":[{"name":"wp","href":"https:\/\/api.w.org\/{rel}","templated":true}]}}