{"id":1086,"date":"2025-11-19T09:02:22","date_gmt":"2025-11-19T09:02:22","guid":{"rendered":"https:\/\/audiobook-24.com\/?post_type=product&#038;p=1086"},"modified":"2025-11-19T09:02:22","modified_gmt":"2025-11-19T09:02:22","slug":"%f0%9f%91%bb-ghostbusters-2-das-original-hoerbuch-zum-film","status":"publish","type":"product","link":"https:\/\/audiobook-24.com\/en\/product\/%f0%9f%91%bb-ghostbusters-2-das-original-hoerbuch-zum-film\/","title":{"rendered":"\ud83d\udc7b Ghostbusters 2 \u2013 Das Original-H\u00f6rbuch zum Film"},"content":{"rendered":"<h2>Ghostbusters 2 \u2013 Das Original-H\u00f6rbuch zum Film<\/h2>\n<h2>Sie sind zur\u00fcck \u2013 und diesmal wird\u2019s richtig schleimig!<\/h2>\n<h2><\/h2>\n<h2>F\u00fcnf Jahre ist es her, dass die Ghostbusters New York vor einem \u00fcbernat\u00fcrlichen Chaos gerettet haben. Doch nun kehrt das B\u00f6se zur\u00fcck \u2013 schleichend, unheimlich, und es hat sich unter der Stadt in einer schleimigen Masse gesammelt, die von Hass und Negativit\u00e4t lebt.<\/h2>\n<h2><\/h2>\n<h2>Als ein unheimliches Gem\u00e4lde beginnt, ein eigenes Bewusstsein zu entwickeln und ein d\u00fcsterer Geisterf\u00fcrst nach neuer Macht giert, liegt es an Dr. Venkman, Ray, Egon und Winston, sich erneut Geistern, Schleim und Spuk entgegenzustellen. Und das ausgerechnet zu Weihnachten!<\/h2>\n<h2><\/h2>\n<h2>\u201eGhostbusters 2\u201c als Original-H\u00f6rbuch zum Film bringt die perfekte Mischung aus \u00fcbernat\u00fcrlicher Spannung, cleverem Humor und kultiger 80er-Jahre-Atmosph\u00e4re direkt ins Ohr: mit packender Musik, filmreifen Sounds und den witzigen Spr\u00fcchen der wohl charmantesten Geisterj\u00e4ger der Filmgeschichte.<\/h2>\n<h2><\/h2>\n<h2>Wer ruft man, wenn\u2019s wieder spukt? Die Ghostbusters nat\u00fcrlich \u2013 jetzt zum Anh\u00f6ren!<\/h2>\n<h2><\/h2>\n<h2>\u2705 Nach der Bezahlung:<\/h2>\n<h2>Vielen Dank f\u00fcr Ihren Kauf!<\/h2>\n<h2>Nach erfolgreicher Bezahlung erhalten Sie sofort den Download-Link zu \u201eGhostbusters 2 \u2013 Das Original-H\u00f6rbuch zum Film\u201c.<\/h2>\n<h2><\/h2>\n<h2>Jetzt herunterladen \u2013 und mit den Ghostbusters in ein schleimig-spannendes Abenteuer voller Witz und Geisterjagd eintauchen!<\/h2>\n<h2>Viel Spa\u00df beim H\u00f6ren!<\/h2>","protected":false},"excerpt":{"rendered":"<p>Ghostbusters 2 \u2013 Das Original-H\u00f6rbuch zum Film Sie sind zur\u00fcck \u2013 und diesmal wird\u2019s richtig schleimig! F\u00fcnf Jahre ist es her, dass die Ghostbusters New York vor einem \u00fcbernat\u00fcrlichen Chaos gerettet haben. Doch nun kehrt das B\u00f6se zur\u00fcck \u2013 schleichend, unheimlich, und es hat sich unter der Stadt in einer schleimigen Masse gesammelt, die von [&hellip;]<\/p>\n","protected":false},"featured_media":1087,"comment_status":"open","ping_status":"closed","template":"","meta":[],"product_brand":[],"product_cat":[21],"product_tag":[],"class_list":{"0":"post-1086","1":"product","2":"type-product","3":"status-publish","4":"has-post-thumbnail","6":"product_cat-hoerspiele","8":"first","9":"instock","10":"sale","11":"virtual","12":"purchasable","13":"product-type-simple"},"jetpack_sharing_enabled":true,"_links":{"self":[{"href":"https:\/\/audiobook-24.com\/en\/wp-json\/wp\/v2\/product\/1086","targetHints":{"allow":["GET"]}}],"collection":[{"href":"https:\/\/audiobook-24.com\/en\/wp-json\/wp\/v2\/product"}],"about":[{"href":"https:\/\/audiobook-24.com\/en\/wp-json\/wp\/v2\/types\/product"}],"replies":[{"embeddable":true,"href":"https:\/\/audiobook-24.com\/en\/wp-json\/wp\/v2\/comments?post=1086"}],"wp:featuredmedia":[{"embeddable":true,"href":"https:\/\/audiobook-24.com\/en\/wp-json\/wp\/v2\/media\/1087"}],"wp:attachment":[{"href":"https:\/\/audiobook-24.com\/en\/wp-json\/wp\/v2\/media?parent=1086"}],"wp:term":[{"taxonomy":"product_brand","embeddable":true,"href":"https:\/\/audiobook-24.com\/en\/wp-json\/wp\/v2\/product_brand?post=1086"},{"taxonomy":"product_cat","embeddable":true,"href":"https:\/\/audiobook-24.com\/en\/wp-json\/wp\/v2\/product_cat?post=1086"},{"taxonomy":"product_tag","embeddable":true,"href":"https:\/\/audiobook-24.com\/en\/wp-json\/wp\/v2\/product_tag?post=1086"}],"curies":[{"name":"wp","href":"https:\/\/api.w.org\/{rel}","templated":true}]}}