{"id":1073,"date":"2025-11-19T08:28:06","date_gmt":"2025-11-19T08:28:06","guid":{"rendered":"https:\/\/audiobook-24.com\/?post_type=product&#038;p=1073"},"modified":"2025-11-19T08:28:44","modified_gmt":"2025-11-19T08:28:44","slug":"hoerbuch-liebe-ist-die-halbe-miete-das-original-hoerbuch-zum-film","status":"publish","type":"product","link":"https:\/\/audiobook-24.com\/en\/product\/hoerbuch-liebe-ist-die-halbe-miete-das-original-hoerbuch-zum-film\/","title":{"rendered":"H\u00f6rbuch Liebe ist die halbe Miete \u2013 Das Original H\u00f6rbuch zum Film"},"content":{"rendered":"<h1><b>Liebe ist die halbe Miete \u2013 Das Original H\u00f6rbuch zum Film<\/b><\/h1>\n<p>&nbsp;<\/p>\n<p>&nbsp;<\/p>\n<h1>Inhalt:<\/h1>\n<h1>Als die bodenst\u00e4ndige Anna v\u00f6llig unerwartet ihre Wohnung verliert, bleibt ihr nichts anderes \u00fcbrig, als sich eine WG zu suchen \u2013 mit einem v\u00f6llig Fremden. Doch dieser \u201eFremde\u201c entpuppt sich als Tom: charmant, attraktiv und\u2026 leider genau das Gegenteil von dem, was Anna sich f\u00fcr ihr ruhiges Leben gew\u00fcnscht hat.<\/h1>\n<p>&nbsp;<\/p>\n<h1>Was folgt, ist ein turbulentes Zusammenleben mit Missverst\u00e4ndnissen, emotionalem Chaos und ganz viel Herzklopfen. Zwischen Pasta-Kochabenden, peinlichen Begegnungen und n\u00e4chtlichen Gespr\u00e4chen w\u00e4chst langsam etwas, mit dem keiner gerechnet hat: Gef\u00fchle, die mehr sind als reine Zweckgemeinschaft.<\/h1>\n<p>&nbsp;<\/p>\n<h1>Ein modernes Liebesh\u00f6rspiel \u00fcber N\u00e4he, Vertrauen \u2013 und die wunderbare Erkenntnis, dass wahre Liebe manchmal genau da wohnt, wo man sie nie gesucht hat.<\/h1>\n<p>&nbsp;<\/p>\n<hr align=\"center\" noshade=\"noshade\" size=\"3\" width=\"100%\" \/>\n<h1>\u00a0Ein H\u00f6rspiel voller Witz, Gef\u00fchl und lebensnaher Romantik \u2013 f\u00fcr alle Fans von romantischen Kom\u00f6dien mit Herz.<\/h1>\n<p>&nbsp;<\/p>\n<hr align=\"center\" noshade=\"noshade\" size=\"3\" width=\"100%\" \/>\n<h1>\u00a0Nach der Bezahlung:<\/h1>\n<h1>Herzlichen Dank f\u00fcr Ihre Bestellung!<\/h1>\n<h1>Nach erfolgreicher Bezahlung erhalten Sie\u00a0sofort den Download-Link zum Original-H\u00f6rbuch \u201eLiebe ist die halbe Miete\u201c\u00a0\u2013 direkt als MP3-Datei zum Anh\u00f6ren auf Smartphone, Tablet oder PC.<\/h1>\n<h1>Jetzt downloaden und eintauchen in eine charmante Liebesgeschichte voller Lachen, Liebe und Leben!<\/h1>\n<p>&nbsp;<\/p>\n<h1><\/h1>\n<p>&nbsp;<\/p>","protected":false},"excerpt":{"rendered":"<p>Liebe ist die halbe Miete \u2013 Das Original H\u00f6rbuch zum Film &nbsp; &nbsp; Inhalt: Als die bodenst\u00e4ndige Anna v\u00f6llig unerwartet ihre Wohnung verliert, bleibt ihr nichts anderes \u00fcbrig, als sich eine WG zu suchen \u2013 mit einem v\u00f6llig Fremden. Doch dieser \u201eFremde\u201c entpuppt sich als Tom: charmant, attraktiv und\u2026 leider genau das Gegenteil von dem, [&hellip;]<\/p>\n","protected":false},"featured_media":1074,"comment_status":"open","ping_status":"closed","template":"","meta":[],"product_brand":[],"product_cat":[19],"product_tag":[],"class_list":{"0":"post-1073","1":"product","2":"type-product","3":"status-publish","4":"has-post-thumbnail","6":"product_cat-hoerbuecher","8":"first","9":"instock","10":"sale","11":"virtual","12":"purchasable","13":"product-type-simple"},"jetpack_sharing_enabled":true,"_links":{"self":[{"href":"https:\/\/audiobook-24.com\/en\/wp-json\/wp\/v2\/product\/1073","targetHints":{"allow":["GET"]}}],"collection":[{"href":"https:\/\/audiobook-24.com\/en\/wp-json\/wp\/v2\/product"}],"about":[{"href":"https:\/\/audiobook-24.com\/en\/wp-json\/wp\/v2\/types\/product"}],"replies":[{"embeddable":true,"href":"https:\/\/audiobook-24.com\/en\/wp-json\/wp\/v2\/comments?post=1073"}],"wp:featuredmedia":[{"embeddable":true,"href":"https:\/\/audiobook-24.com\/en\/wp-json\/wp\/v2\/media\/1074"}],"wp:attachment":[{"href":"https:\/\/audiobook-24.com\/en\/wp-json\/wp\/v2\/media?parent=1073"}],"wp:term":[{"taxonomy":"product_brand","embeddable":true,"href":"https:\/\/audiobook-24.com\/en\/wp-json\/wp\/v2\/product_brand?post=1073"},{"taxonomy":"product_cat","embeddable":true,"href":"https:\/\/audiobook-24.com\/en\/wp-json\/wp\/v2\/product_cat?post=1073"},{"taxonomy":"product_tag","embeddable":true,"href":"https:\/\/audiobook-24.com\/en\/wp-json\/wp\/v2\/product_tag?post=1073"}],"curies":[{"name":"wp","href":"https:\/\/api.w.org\/{rel}","templated":true}]}}