{"id":1071,"date":"2025-11-19T08:25:29","date_gmt":"2025-11-19T08:25:29","guid":{"rendered":"https:\/\/audiobook-24.com\/?post_type=product&#038;p=1071"},"modified":"2025-11-19T08:25:29","modified_gmt":"2025-11-19T08:25:29","slug":"hoerbuch-drei-zimmer-kueche-sarg","status":"publish","type":"product","link":"https:\/\/audiobook-24.com\/en\/product\/hoerbuch-drei-zimmer-kueche-sarg\/","title":{"rendered":"H\u00f6rbuch Drei Zimmer, K\u00fcche, Sarg"},"content":{"rendered":"<h1><b>Beschreibung<\/b><\/h1>\n<p>&nbsp;<\/p>\n<p>&nbsp;<\/p>\n<h1><b>\u00a0Drei Zimmer, K\u00fcche, Sarg<br \/>\nDas schaurig-lustige Original-H\u00f6rbuch \u2013 ein Vampirabenteuer der besonderen Art!<\/b><\/h1>\n<p>&nbsp;<\/p>\n<p>&nbsp;<\/p>\n<h1><b>Stell dir vor, du ziehst in eine ganz normale WG \u2013 und pl\u00f6tzlich merkst du, dass deine neuen Mitbewohner\u00a0Vampire\u00a0sind! In dieser urkomischen und zugleich spannenden Geschichte prallen Alltagsprobleme, bissige Pointen und d\u00fcstere Geheimnisse aufeinander. Zwischen blutigen Missverst\u00e4ndnissen, WG-Chaos und n\u00e4chtlichen Eskapaden zeigt sich:\u00a0Das Zusammenleben mit Untoten ist nichts f\u00fcr schwache Nerven \u2013 aber verdammt unterhaltsam!<\/b><\/h1>\n<p>&nbsp;<\/p>\n<p>&nbsp;<\/p>\n<hr align=\"center\" noshade=\"noshade\" size=\"3\" width=\"100%\" \/>\n<h1><b>\u00a0Darum wirst du dieses H\u00f6rspiel lieben:<\/b><\/h1>\n<h1><b>Schwarzer Humor und witzige Alltagsmomente<\/b><\/h1>\n<h1><b>Charmante Vampir-Charaktere mit skurrilen Eigenheiten<\/b><\/h1>\n<h1><b>Eine perfekte Mischung aus Grusel, Komik und Spannung<\/b><\/h1>\n<p>&nbsp;<\/p>\n<p>&nbsp;<\/p>\n<hr align=\"center\" noshade=\"noshade\" size=\"3\" width=\"100%\" \/>\n<h1><b>\u00a0Download-Info:<br \/>\nNach der Bezahlung erhalten Sie\u00a0sofort den Link zum vollst\u00e4ndigen H\u00f6rbuch-Download\u00a0und k\u00f6nnen direkt in diese\u00a0bissige Vampir-WG\u00a0eintauchen!<\/b><\/h1>","protected":false},"excerpt":{"rendered":"<p>Beschreibung &nbsp; &nbsp; \u00a0Drei Zimmer, K\u00fcche, Sarg Das schaurig-lustige Original-H\u00f6rbuch \u2013 ein Vampirabenteuer der besonderen Art! &nbsp; &nbsp; Stell dir vor, du ziehst in eine ganz normale WG \u2013 und pl\u00f6tzlich merkst du, dass deine neuen Mitbewohner\u00a0Vampire\u00a0sind! In dieser urkomischen und zugleich spannenden Geschichte prallen Alltagsprobleme, bissige Pointen und d\u00fcstere Geheimnisse aufeinander. Zwischen blutigen Missverst\u00e4ndnissen, [&hellip;]<\/p>\n","protected":false},"featured_media":1072,"comment_status":"open","ping_status":"closed","template":"","meta":[],"product_brand":[],"product_cat":[19],"product_tag":[],"class_list":{"0":"post-1071","1":"product","2":"type-product","3":"status-publish","4":"has-post-thumbnail","6":"product_cat-hoerbuecher","8":"first","9":"instock","10":"sale","11":"virtual","12":"purchasable","13":"product-type-simple"},"jetpack_sharing_enabled":true,"_links":{"self":[{"href":"https:\/\/audiobook-24.com\/en\/wp-json\/wp\/v2\/product\/1071","targetHints":{"allow":["GET"]}}],"collection":[{"href":"https:\/\/audiobook-24.com\/en\/wp-json\/wp\/v2\/product"}],"about":[{"href":"https:\/\/audiobook-24.com\/en\/wp-json\/wp\/v2\/types\/product"}],"replies":[{"embeddable":true,"href":"https:\/\/audiobook-24.com\/en\/wp-json\/wp\/v2\/comments?post=1071"}],"wp:featuredmedia":[{"embeddable":true,"href":"https:\/\/audiobook-24.com\/en\/wp-json\/wp\/v2\/media\/1072"}],"wp:attachment":[{"href":"https:\/\/audiobook-24.com\/en\/wp-json\/wp\/v2\/media?parent=1071"}],"wp:term":[{"taxonomy":"product_brand","embeddable":true,"href":"https:\/\/audiobook-24.com\/en\/wp-json\/wp\/v2\/product_brand?post=1071"},{"taxonomy":"product_cat","embeddable":true,"href":"https:\/\/audiobook-24.com\/en\/wp-json\/wp\/v2\/product_cat?post=1071"},{"taxonomy":"product_tag","embeddable":true,"href":"https:\/\/audiobook-24.com\/en\/wp-json\/wp\/v2\/product_tag?post=1071"}],"curies":[{"name":"wp","href":"https:\/\/api.w.org\/{rel}","templated":true}]}}