{"id":1069,"date":"2025-11-19T08:09:51","date_gmt":"2025-11-19T08:09:51","guid":{"rendered":"https:\/\/audiobook-24.com\/?post_type=product&#038;p=1069"},"modified":"2025-11-19T08:09:51","modified_gmt":"2025-11-19T08:09:51","slug":"hoerbuch-wickie-und-die-starken-maenner-folge-4","status":"publish","type":"product","link":"https:\/\/audiobook-24.com\/en\/product\/hoerbuch-wickie-und-die-starken-maenner-folge-4\/","title":{"rendered":"H\u00f6rbuch Wickie und die starken M\u00e4nner \u2013 Folge 4"},"content":{"rendered":"<h1><b>Wickie und die starken M\u00e4nner \u2013 Folge 4<\/b><\/h1>\n<p>&nbsp;<\/p>\n<p>&nbsp;<\/p>\n<h1><b>\u00a0Das Original-H\u00f6rspiel zur Serie\/Film<\/b><\/h1>\n<p>&nbsp;<\/p>\n<p>&nbsp;<\/p>\n<h1><b>Ein neues, aufregendes Abenteuer erwartet Wickie und die starken M\u00e4nner! Diesmal geraten Halvar und seine wilde Wikingercrew in ein gef\u00e4hrliches Seeabenteuer, bei dem nur ein k\u00fchler Kopf und Wickies geniale Einf\u00e4lle sie retten k\u00f6nnen. Ob st\u00fcrmische Wellen, listige Gegner oder \u00fcberraschende Wendungen \u2013 hier kommt garantiert keine Langeweile auf!<\/b><\/h1>\n<p>&nbsp;<\/p>\n<p>&nbsp;<\/p>\n<h1><b>Mit viel Humor, spannenden Momenten und den unvergleichlichen Wikinger-Charakteren sorgt dieses Original-H\u00f6rspiel f\u00fcr pures H\u00f6rvergn\u00fcgen und entf\u00fchrt kleine und gro\u00dfe Fans mitten in die faszinierende Welt der Wikinger.<\/b><\/h1>\n<p>&nbsp;<\/p>\n<p>&nbsp;<\/p>\n<hr align=\"center\" noshade=\"noshade\" size=\"3\" width=\"100%\" \/>\n<h1><b>Nach der Bezahlung erhalten Sie sofort den Download und k\u00f6nnen direkt in Wickies neuestes Abenteuer eintauchen!<\/b><\/h1>","protected":false},"excerpt":{"rendered":"<p>Wickie und die starken M\u00e4nner \u2013 Folge 4 &nbsp; &nbsp; \u00a0Das Original-H\u00f6rspiel zur Serie\/Film &nbsp; &nbsp; Ein neues, aufregendes Abenteuer erwartet Wickie und die starken M\u00e4nner! Diesmal geraten Halvar und seine wilde Wikingercrew in ein gef\u00e4hrliches Seeabenteuer, bei dem nur ein k\u00fchler Kopf und Wickies geniale Einf\u00e4lle sie retten k\u00f6nnen. Ob st\u00fcrmische Wellen, listige Gegner [&hellip;]<\/p>\n","protected":false},"featured_media":1070,"comment_status":"open","ping_status":"closed","template":"","meta":[],"product_brand":[],"product_cat":[33,21],"product_tag":[],"class_list":{"0":"post-1069","1":"product","2":"type-product","3":"status-publish","4":"has-post-thumbnail","6":"product_cat-hoerspiel-comics","7":"product_cat-hoerspiele","9":"first","10":"instock","11":"sale","12":"virtual","13":"purchasable","14":"product-type-simple"},"jetpack_sharing_enabled":true,"_links":{"self":[{"href":"https:\/\/audiobook-24.com\/en\/wp-json\/wp\/v2\/product\/1069","targetHints":{"allow":["GET"]}}],"collection":[{"href":"https:\/\/audiobook-24.com\/en\/wp-json\/wp\/v2\/product"}],"about":[{"href":"https:\/\/audiobook-24.com\/en\/wp-json\/wp\/v2\/types\/product"}],"replies":[{"embeddable":true,"href":"https:\/\/audiobook-24.com\/en\/wp-json\/wp\/v2\/comments?post=1069"}],"wp:featuredmedia":[{"embeddable":true,"href":"https:\/\/audiobook-24.com\/en\/wp-json\/wp\/v2\/media\/1070"}],"wp:attachment":[{"href":"https:\/\/audiobook-24.com\/en\/wp-json\/wp\/v2\/media?parent=1069"}],"wp:term":[{"taxonomy":"product_brand","embeddable":true,"href":"https:\/\/audiobook-24.com\/en\/wp-json\/wp\/v2\/product_brand?post=1069"},{"taxonomy":"product_cat","embeddable":true,"href":"https:\/\/audiobook-24.com\/en\/wp-json\/wp\/v2\/product_cat?post=1069"},{"taxonomy":"product_tag","embeddable":true,"href":"https:\/\/audiobook-24.com\/en\/wp-json\/wp\/v2\/product_tag?post=1069"}],"curies":[{"name":"wp","href":"https:\/\/api.w.org\/{rel}","templated":true}]}}