{"id":1064,"date":"2025-11-18T21:10:42","date_gmt":"2025-11-18T21:10:42","guid":{"rendered":"https:\/\/audiobook-24.com\/?post_type=product&#038;p=1064"},"modified":"2025-11-18T21:10:43","modified_gmt":"2025-11-18T21:10:43","slug":"hoerbuch-wickie-und-die-starken-maenner-folge-1","status":"publish","type":"product","link":"https:\/\/audiobook-24.com\/en\/product\/hoerbuch-wickie-und-die-starken-maenner-folge-1\/","title":{"rendered":"H\u00f6rbuch Wickie und die starken M\u00e4nner \u2013 Folge 1"},"content":{"rendered":"<h1><b>Wickie und die starken M\u00e4nner \u2013 Folge 1<\/b><\/h1>\n<h1><b>Das Original-H\u00f6rspiel zur Serie<\/b><\/h1>\n<h1><b>Mutig, clever und immer eine Idee voraus \u2013 das ist Wickie! In dieser ersten Folge der beliebten Wikinger-Abenteuer erleben Wickie und die starken M\u00e4nner aufregende Fahrten \u00fcber st\u00fcrmische Meere und geraten dabei in jede Menge turbulente Situationen. W\u00e4hrend die tapferen, aber etwas tollpatschigen Wikinger oft mit roher Kraft versuchen, ihre Probleme zu l\u00f6sen, zeigt Wickie mit seinem Einfallsreichtum, dass K\u00f6pfchen manchmal st\u00e4rker ist als Muskeln.<\/b><\/h1>\n<p>&nbsp;<\/p>\n<p>&nbsp;<\/p>\n<h1><b>Dieses H\u00f6rspiel bietet spannende Abenteuer, lustige Dialoge und jede Menge Wikingerspa\u00df \u2013 ein perfektes H\u00f6rvergn\u00fcgen f\u00fcr die ganze Familie!<\/b><\/h1>\n<p>&nbsp;<\/p>\n<p>&nbsp;<\/p>\n<hr align=\"center\" noshade=\"noshade\" size=\"3\" width=\"100%\" \/>\n<h1><b>Nach der Bezahlung erhalten Sie sofort den Download und k\u00f6nnen direkt in Wickies spannendes Abenteuer eintauchen.<\/b><\/h1>","protected":false},"excerpt":{"rendered":"<p>Wickie und die starken M\u00e4nner \u2013 Folge 1 Das Original-H\u00f6rspiel zur Serie Mutig, clever und immer eine Idee voraus \u2013 das ist Wickie! In dieser ersten Folge der beliebten Wikinger-Abenteuer erleben Wickie und die starken M\u00e4nner aufregende Fahrten \u00fcber st\u00fcrmische Meere und geraten dabei in jede Menge turbulente Situationen. W\u00e4hrend die tapferen, aber etwas tollpatschigen [&hellip;]<\/p>\n","protected":false},"featured_media":1065,"comment_status":"open","ping_status":"closed","template":"","meta":[],"product_brand":[],"product_cat":[33,21],"product_tag":[],"class_list":{"0":"post-1064","1":"product","2":"type-product","3":"status-publish","4":"has-post-thumbnail","6":"product_cat-hoerspiel-comics","7":"product_cat-hoerspiele","9":"first","10":"instock","11":"sale","12":"virtual","13":"purchasable","14":"product-type-simple"},"jetpack_sharing_enabled":true,"_links":{"self":[{"href":"https:\/\/audiobook-24.com\/en\/wp-json\/wp\/v2\/product\/1064","targetHints":{"allow":["GET"]}}],"collection":[{"href":"https:\/\/audiobook-24.com\/en\/wp-json\/wp\/v2\/product"}],"about":[{"href":"https:\/\/audiobook-24.com\/en\/wp-json\/wp\/v2\/types\/product"}],"replies":[{"embeddable":true,"href":"https:\/\/audiobook-24.com\/en\/wp-json\/wp\/v2\/comments?post=1064"}],"wp:featuredmedia":[{"embeddable":true,"href":"https:\/\/audiobook-24.com\/en\/wp-json\/wp\/v2\/media\/1065"}],"wp:attachment":[{"href":"https:\/\/audiobook-24.com\/en\/wp-json\/wp\/v2\/media?parent=1064"}],"wp:term":[{"taxonomy":"product_brand","embeddable":true,"href":"https:\/\/audiobook-24.com\/en\/wp-json\/wp\/v2\/product_brand?post=1064"},{"taxonomy":"product_cat","embeddable":true,"href":"https:\/\/audiobook-24.com\/en\/wp-json\/wp\/v2\/product_cat?post=1064"},{"taxonomy":"product_tag","embeddable":true,"href":"https:\/\/audiobook-24.com\/en\/wp-json\/wp\/v2\/product_tag?post=1064"}],"curies":[{"name":"wp","href":"https:\/\/api.w.org\/{rel}","templated":true}]}}