{"id":1062,"date":"2025-11-18T21:09:01","date_gmt":"2025-11-18T21:09:01","guid":{"rendered":"https:\/\/audiobook-24.com\/?post_type=product&#038;p=1062"},"modified":"2025-11-18T21:09:01","modified_gmt":"2025-11-18T21:09:01","slug":"hoerbuch-wickie-und-die-starken-maenner-folge-2","status":"publish","type":"product","link":"https:\/\/audiobook-24.com\/en\/product\/hoerbuch-wickie-und-die-starken-maenner-folge-2\/","title":{"rendered":"H\u00f6rbuch Wickie und die starken M\u00e4nner \u2013 Folge 2"},"content":{"rendered":"<h1><strong>\u00a0Wickie und die starken M\u00e4nner \u2013 Folge 2<\/strong><\/h1>\n<p>Das Original-H\u00f6rspiel zur Serie\/Film<\/p>\n<p>Die Abenteuer auf hoher See gehen weiter! In der zweiten Folge von\u00a0Wickie und die starken M\u00e4nner\u00a0st\u00fcrzen sich die mutigen Wikinger erneut in aufregende Erlebnisse. Wenn Halvar und seine starken M\u00e4nner mal wieder nicht weiterwissen, ist es nat\u00fcrlich Wickie, der mit seinen genialen Ideen die brenzligen Situationen meistert. Ob gef\u00e4hrliche Begegnungen auf dem Meer oder knifflige R\u00e4tsel an Land \u2013 Langeweile kommt hier garantiert nicht auf!<a id=\"set-post-thumbnail\" class=\"thickbox\" href=\"https:\/\/audiobook-24.com\/wp-admin\/media-upload.php?post_id=1062&amp;type=image&amp;TB_iframe=1\">Produktbild festlegen<\/a><\/p>\n<p>Dieses Original-H\u00f6rspiel begeistert mit spannenden Geschichten, witzigen Dialogen und echter Wikinger-Atmosph\u00e4re \u2013 perfekt f\u00fcr kleine und gro\u00dfe Abenteurer.<\/p>\n<p>Nach der Bezahlung erhalten Sie sofort den Download und k\u00f6nnen direkt in Wickies spannendes Wikinger-Abenteuer eintauchen.<\/p>\n<p><strong>\u00a0<\/strong><\/p>\n<p><strong>\u00a0<\/strong><\/p>","protected":false},"excerpt":{"rendered":"<p>\u00a0Wickie und die starken M\u00e4nner \u2013 Folge 2 Das Original-H\u00f6rspiel zur Serie\/Film Die Abenteuer auf hoher See gehen weiter! In der zweiten Folge von\u00a0Wickie und die starken M\u00e4nner\u00a0st\u00fcrzen sich die mutigen Wikinger erneut in aufregende Erlebnisse. Wenn Halvar und seine starken M\u00e4nner mal wieder nicht weiterwissen, ist es nat\u00fcrlich Wickie, der mit seinen genialen Ideen [&hellip;]<\/p>\n","protected":false},"featured_media":1063,"comment_status":"open","ping_status":"closed","template":"","meta":[],"product_brand":[],"product_cat":[33,21],"product_tag":[],"class_list":{"0":"post-1062","1":"product","2":"type-product","3":"status-publish","4":"has-post-thumbnail","6":"product_cat-hoerspiel-comics","7":"product_cat-hoerspiele","9":"first","10":"instock","11":"sale","12":"virtual","13":"purchasable","14":"product-type-simple"},"jetpack_sharing_enabled":true,"_links":{"self":[{"href":"https:\/\/audiobook-24.com\/en\/wp-json\/wp\/v2\/product\/1062","targetHints":{"allow":["GET"]}}],"collection":[{"href":"https:\/\/audiobook-24.com\/en\/wp-json\/wp\/v2\/product"}],"about":[{"href":"https:\/\/audiobook-24.com\/en\/wp-json\/wp\/v2\/types\/product"}],"replies":[{"embeddable":true,"href":"https:\/\/audiobook-24.com\/en\/wp-json\/wp\/v2\/comments?post=1062"}],"wp:featuredmedia":[{"embeddable":true,"href":"https:\/\/audiobook-24.com\/en\/wp-json\/wp\/v2\/media\/1063"}],"wp:attachment":[{"href":"https:\/\/audiobook-24.com\/en\/wp-json\/wp\/v2\/media?parent=1062"}],"wp:term":[{"taxonomy":"product_brand","embeddable":true,"href":"https:\/\/audiobook-24.com\/en\/wp-json\/wp\/v2\/product_brand?post=1062"},{"taxonomy":"product_cat","embeddable":true,"href":"https:\/\/audiobook-24.com\/en\/wp-json\/wp\/v2\/product_cat?post=1062"},{"taxonomy":"product_tag","embeddable":true,"href":"https:\/\/audiobook-24.com\/en\/wp-json\/wp\/v2\/product_tag?post=1062"}],"curies":[{"name":"wp","href":"https:\/\/api.w.org\/{rel}","templated":true}]}}