{"id":1060,"date":"2025-11-18T21:06:13","date_gmt":"2025-11-18T21:06:13","guid":{"rendered":"https:\/\/audiobook-24.com\/?post_type=product&#038;p=1060"},"modified":"2025-11-18T21:06:13","modified_gmt":"2025-11-18T21:06:13","slug":"hoerbuch-wickie-und-die-starken-maenner-folge-3","status":"publish","type":"product","link":"https:\/\/audiobook-24.com\/en\/product\/hoerbuch-wickie-und-die-starken-maenner-folge-3\/","title":{"rendered":"H\u00f6rbuch Wickie und die starken M\u00e4nner \u2013 Folge 3"},"content":{"rendered":"<h1><b>Das Original-H\u00f6rspiel zur Serie\/Film<\/b><\/h1>\n<p>&nbsp;<\/p>\n<p>&nbsp;<\/p>\n<h1><b>Neue Abenteuer warten auf Wickie und die Wikinger! In der dritten Folge setzen Halvar und seine tapfere Mannschaft erneut die Segel \u2013 und nat\u00fcrlich ist der schlaue Wickie immer mit dabei. Dieses Mal m\u00fcssen die Wikinger trickreiche Hindernisse \u00fcberwinden, gef\u00e4hrliche Gegner austricksen und beweisen, dass K\u00f6pfchen oft st\u00e4rker ist als Muskelkraft.<\/b><\/h1>\n<p>&nbsp;<\/p>\n<p>&nbsp;<\/p>\n<h1><b>Mit viel Witz, cleveren Ideen und spannenden Wendungen sorgt dieses Original-H\u00f6rspiel f\u00fcr ein echtes Wikinger-Feeling \u2013 perfekt zum Mitfiebern, Lachen und Staunen f\u00fcr die ganze Familie.<\/b><\/h1>\n<p>&nbsp;<\/p>\n<p>&nbsp;<\/p>\n<hr align=\"center\" noshade=\"noshade\" size=\"3\" width=\"100%\" \/>\n<h1><b>Nach der Bezahlung erhalten Sie sofort den Download und k\u00f6nnen direkt in Wickies neues Abenteuer starten!<\/b><\/h1>","protected":false},"excerpt":{"rendered":"<p>Das Original-H\u00f6rspiel zur Serie\/Film &nbsp; &nbsp; Neue Abenteuer warten auf Wickie und die Wikinger! In der dritten Folge setzen Halvar und seine tapfere Mannschaft erneut die Segel \u2013 und nat\u00fcrlich ist der schlaue Wickie immer mit dabei. Dieses Mal m\u00fcssen die Wikinger trickreiche Hindernisse \u00fcberwinden, gef\u00e4hrliche Gegner austricksen und beweisen, dass K\u00f6pfchen oft st\u00e4rker ist [&hellip;]<\/p>\n","protected":false},"featured_media":1061,"comment_status":"open","ping_status":"closed","template":"","meta":[],"product_brand":[],"product_cat":[33,21],"product_tag":[],"class_list":{"0":"post-1060","1":"product","2":"type-product","3":"status-publish","4":"has-post-thumbnail","6":"product_cat-hoerspiel-comics","7":"product_cat-hoerspiele","9":"first","10":"instock","11":"sale","12":"virtual","13":"purchasable","14":"product-type-simple"},"jetpack_sharing_enabled":true,"_links":{"self":[{"href":"https:\/\/audiobook-24.com\/en\/wp-json\/wp\/v2\/product\/1060","targetHints":{"allow":["GET"]}}],"collection":[{"href":"https:\/\/audiobook-24.com\/en\/wp-json\/wp\/v2\/product"}],"about":[{"href":"https:\/\/audiobook-24.com\/en\/wp-json\/wp\/v2\/types\/product"}],"replies":[{"embeddable":true,"href":"https:\/\/audiobook-24.com\/en\/wp-json\/wp\/v2\/comments?post=1060"}],"wp:featuredmedia":[{"embeddable":true,"href":"https:\/\/audiobook-24.com\/en\/wp-json\/wp\/v2\/media\/1061"}],"wp:attachment":[{"href":"https:\/\/audiobook-24.com\/en\/wp-json\/wp\/v2\/media?parent=1060"}],"wp:term":[{"taxonomy":"product_brand","embeddable":true,"href":"https:\/\/audiobook-24.com\/en\/wp-json\/wp\/v2\/product_brand?post=1060"},{"taxonomy":"product_cat","embeddable":true,"href":"https:\/\/audiobook-24.com\/en\/wp-json\/wp\/v2\/product_cat?post=1060"},{"taxonomy":"product_tag","embeddable":true,"href":"https:\/\/audiobook-24.com\/en\/wp-json\/wp\/v2\/product_tag?post=1060"}],"curies":[{"name":"wp","href":"https:\/\/api.w.org\/{rel}","templated":true}]}}