{"id":1058,"date":"2025-11-18T21:03:39","date_gmt":"2025-11-18T21:03:39","guid":{"rendered":"https:\/\/audiobook-24.com\/?post_type=product&#038;p=1058"},"modified":"2025-11-18T21:03:40","modified_gmt":"2025-11-18T21:03:40","slug":"hoerbuch-unexpected-present-ein-gefuehlvolles-hoerbuch-zum-film-von-c-r-scott-romantik-ueberraschungen-grosse-emotionen","status":"publish","type":"product","link":"https:\/\/audiobook-24.com\/en\/product\/hoerbuch-unexpected-present-ein-gefuehlvolles-hoerbuch-zum-film-von-c-r-scott-romantik-ueberraschungen-grosse-emotionen\/","title":{"rendered":"H\u00f6rbuch Unexpected Present Ein gef\u00fchlvolles H\u00f6rbuch zum Film von C. R. Scott \u2013 Romantik, \u00dcberraschungen &#038; gro\u00dfe Emotionen"},"content":{"rendered":"<h1><b>Unexpected Present<br \/>\nEin gef\u00fchlvolles H\u00f6rbuch zum Film von C. R. Scott \u2013 Romantik, \u00dcberraschungen &amp; gro\u00dfe Emotionen!<\/b><\/h1>\n<p>&nbsp;<\/p>\n<p>&nbsp;<\/p>\n<h1><strong>Was, wenn das gr\u00f6\u00dfte Geschenk des Lebens v\u00f6llig unerwartet kommt?<\/strong><br \/>\n<strong>In\u00a0\u201eUnexpected Present\u201c\u00a0erz\u00e4hlt C. R. Scott eine herzerw\u00e4rmende Geschichte \u00fcber Liebe, Verlust und die unerwarteten Wendungen, die das Leben f\u00fcr uns bereith\u00e4lt.<\/strong><\/h1>\n<p>&nbsp;<\/p>\n<p>&nbsp;<\/p>\n<h1><strong>Die junge Protagonistin k\u00e4mpft sich durch einen Winter voller Herausforderungen \u2013 bis ein geheimnisvolles Geschenk auftaucht, das alles ver\u00e4ndert. Zwischen schneebedeckten Stra\u00dfen, verschlossenen Herzen und leiser Hoffnung entfaltet sich eine gef\u00fchlvolle Romanze, die nicht nur das Herz ber\u00fchrt, sondern auch zum Tr\u00e4umen einl\u00e4dt.<\/strong><\/h1>\n<p>&nbsp;<\/p>\n<p>&nbsp;<\/p>\n<hr align=\"center\" noshade=\"noshade\" size=\"3\" width=\"100%\" \/>\n<h1><strong>\u00a0Ein H\u00f6rspiel voller Tiefe und Gef\u00fchl:<\/strong><\/h1>\n<p>&nbsp;<\/p>\n<p>&nbsp;<\/p>\n<h1><strong>\u00b7\u00a0\u00a0\u00a0\u00a0\u00a0\u00a0\u00a0\u00a0Bewegende Handlung mit romantischen H\u00f6hen und emotionalen Tiefen<\/strong><\/h1>\n<p>&nbsp;<\/p>\n<p>&nbsp;<\/p>\n<h1><strong>\u00b7\u00a0\u00a0\u00a0\u00a0\u00a0\u00a0\u00a0\u00a0Liebevoll produzierte H\u00f6rbuchfassung mit einf\u00fchlsamen Stimmen<\/strong><\/h1>\n<p>&nbsp;<\/p>\n<p>&nbsp;<\/p>\n<h1><strong>\u00b7\u00a0\u00a0\u00a0\u00a0\u00a0\u00a0\u00a0\u00a0Ideal f\u00fcr Fans moderner Liebesgeschichten mit unerwartetem Twist<\/strong><\/h1>\n<p>&nbsp;<\/p>\n<p>&nbsp;<\/p>\n<h1><strong>\u00b7\u00a0\u00a0\u00a0\u00a0\u00a0\u00a0\u00a0\u00a0Perfekt f\u00fcr gem\u00fctliche Stunden und H\u00f6rer:innen, die Emotionen lieben<\/strong><\/h1>\n<p>&nbsp;<\/p>\n<p>&nbsp;<\/p>\n<hr align=\"center\" noshade=\"noshade\" size=\"3\" width=\"100%\" \/>\n<h1><strong>\u00a0Download-Info:<\/strong><br \/>\n<strong>Nach der Bezahlung erhalten Sie\u00a0sofort den Zugang zum vollst\u00e4ndigen H\u00f6rbuch-Download. Kein Warten \u2013 einfach zur\u00fccklehnen, Play dr\u00fccken und genie\u00dfen!<\/strong><\/h1>","protected":false},"excerpt":{"rendered":"<p>Unexpected Present Ein gef\u00fchlvolles H\u00f6rbuch zum Film von C. R. Scott \u2013 Romantik, \u00dcberraschungen &amp; gro\u00dfe Emotionen! &nbsp; &nbsp; Was, wenn das gr\u00f6\u00dfte Geschenk des Lebens v\u00f6llig unerwartet kommt? In\u00a0\u201eUnexpected Present\u201c\u00a0erz\u00e4hlt C. R. Scott eine herzerw\u00e4rmende Geschichte \u00fcber Liebe, Verlust und die unerwarteten Wendungen, die das Leben f\u00fcr uns bereith\u00e4lt. &nbsp; &nbsp; Die junge Protagonistin [&hellip;]<\/p>\n","protected":false},"featured_media":1059,"comment_status":"open","ping_status":"closed","template":"","meta":[],"product_brand":[],"product_cat":[21],"product_tag":[],"class_list":{"0":"post-1058","1":"product","2":"type-product","3":"status-publish","4":"has-post-thumbnail","6":"product_cat-hoerspiele","8":"first","9":"instock","10":"sale","11":"virtual","12":"purchasable","13":"product-type-simple"},"jetpack_sharing_enabled":true,"_links":{"self":[{"href":"https:\/\/audiobook-24.com\/en\/wp-json\/wp\/v2\/product\/1058","targetHints":{"allow":["GET"]}}],"collection":[{"href":"https:\/\/audiobook-24.com\/en\/wp-json\/wp\/v2\/product"}],"about":[{"href":"https:\/\/audiobook-24.com\/en\/wp-json\/wp\/v2\/types\/product"}],"replies":[{"embeddable":true,"href":"https:\/\/audiobook-24.com\/en\/wp-json\/wp\/v2\/comments?post=1058"}],"wp:featuredmedia":[{"embeddable":true,"href":"https:\/\/audiobook-24.com\/en\/wp-json\/wp\/v2\/media\/1059"}],"wp:attachment":[{"href":"https:\/\/audiobook-24.com\/en\/wp-json\/wp\/v2\/media?parent=1058"}],"wp:term":[{"taxonomy":"product_brand","embeddable":true,"href":"https:\/\/audiobook-24.com\/en\/wp-json\/wp\/v2\/product_brand?post=1058"},{"taxonomy":"product_cat","embeddable":true,"href":"https:\/\/audiobook-24.com\/en\/wp-json\/wp\/v2\/product_cat?post=1058"},{"taxonomy":"product_tag","embeddable":true,"href":"https:\/\/audiobook-24.com\/en\/wp-json\/wp\/v2\/product_tag?post=1058"}],"curies":[{"name":"wp","href":"https:\/\/api.w.org\/{rel}","templated":true}]}}