{"id":1056,"date":"2025-11-18T21:01:48","date_gmt":"2025-11-18T21:01:48","guid":{"rendered":"https:\/\/audiobook-24.com\/?post_type=product&#038;p=1056"},"modified":"2025-11-18T21:02:01","modified_gmt":"2025-11-18T21:02:01","slug":"hoerbuch-jagd-auf-roter-oktober","status":"publish","type":"product","link":"https:\/\/audiobook-24.com\/en\/product\/hoerbuch-jagd-auf-roter-oktober\/","title":{"rendered":"H\u00f6rbuch Jagd auf Roter Oktober"},"content":{"rendered":"<h1><b>Jagd auf Roter Oktober<\/b><\/h1>\n<h1><b><br \/>\nDas fesselnde Original-H\u00f6rbuch zum weltber\u00fchmten Thriller von Tom Clancy<\/b><\/h1>\n<p>&nbsp;<\/p>\n<p>&nbsp;<\/p>\n<h1><b>Mitten im Kalten Krieg l\u00e4uft ein sowjetisches U-Boot vom Typ \u201eRoter Oktober\u201c mit einer neuartigen Tarntechnologie aus \u2013 unsichtbar f\u00fcr Sonar und gef\u00e4hrlich f\u00fcr die Weltm\u00e4chte. Kommandant\u00a0Marko Ramius\u00a0verfolgt einen geheimen Plan, der das Gleichgewicht der Superm\u00e4chte ins Wanken bringen k\u00f6nnte.<\/b><\/h1>\n<p>&nbsp;<\/p>\n<p>&nbsp;<\/p>\n<h1><b>Die US-Marine und die CIA nehmen die\u00a0Verfolgung auf hoher See\u00a0auf. Ein packendes Katz-und-Maus-Spiel beginnt, bei dem jede Entscheidung \u00fcber Leben und Tod entscheiden kann.<\/b><\/h1>\n<p>&nbsp;<\/p>\n<p>&nbsp;<\/p>\n<hr align=\"center\" noshade=\"noshade\" size=\"3\" width=\"100%\" \/>\n<h1><b>\u00a0Warum dieses H\u00f6rspiel so fesselt:<\/b><\/h1>\n<p>&nbsp;<\/p>\n<p>&nbsp;<\/p>\n<h1>\u00b7\u00a0\u00a0\u00a0\u00a0\u00a0\u00a0\u00a0\u00a0<b>Hochspannung von der ersten bis zur letzten Minute<\/b><\/h1>\n<p>&nbsp;<\/p>\n<p>&nbsp;<\/p>\n<h1>\u00b7\u00a0\u00a0\u00a0\u00a0\u00a0\u00a0\u00a0\u00a0<b>Detailreiche Schilderungen von U-Boot-Action und Geheimdienst-Operationen<\/b><\/h1>\n<p>&nbsp;<\/p>\n<p>&nbsp;<\/p>\n<h1>\u00b7\u00a0\u00a0\u00a0\u00a0\u00a0\u00a0\u00a0\u00a0<b>Kino-Atmosph\u00e4re als H\u00f6rgenuss f\u00fcr alle Thriller- und Milit\u00e4rfans<\/b><\/h1>\n<p>&nbsp;<\/p>\n<p>&nbsp;<\/p>\n<hr align=\"center\" noshade=\"noshade\" size=\"3\" width=\"100%\" \/>\n<h1><b>\u00a0Download-Info:<br \/>\nNach der Bezahlung erhalten Sie\u00a0sofort den Link zum vollst\u00e4ndigen H\u00f6rbuch-Download\u00a0\u2013 tauchen Sie direkt ein in die Welt der Spione, Intrigen und t\u00f6dlichen Geheimnisse.<\/b><\/h1>","protected":false},"excerpt":{"rendered":"<p>Jagd auf Roter Oktober Das fesselnde Original-H\u00f6rbuch zum weltber\u00fchmten Thriller von Tom Clancy &nbsp; &nbsp; Mitten im Kalten Krieg l\u00e4uft ein sowjetisches U-Boot vom Typ \u201eRoter Oktober\u201c mit einer neuartigen Tarntechnologie aus \u2013 unsichtbar f\u00fcr Sonar und gef\u00e4hrlich f\u00fcr die Weltm\u00e4chte. Kommandant\u00a0Marko Ramius\u00a0verfolgt einen geheimen Plan, der das Gleichgewicht der Superm\u00e4chte ins Wanken bringen k\u00f6nnte. [&hellip;]<\/p>\n","protected":false},"featured_media":1057,"comment_status":"open","ping_status":"closed","template":"","meta":[],"product_brand":[],"product_cat":[21],"product_tag":[],"class_list":{"0":"post-1056","1":"product","2":"type-product","3":"status-publish","4":"has-post-thumbnail","6":"product_cat-hoerspiele","8":"first","9":"instock","10":"sale","11":"virtual","12":"purchasable","13":"product-type-simple"},"jetpack_sharing_enabled":true,"_links":{"self":[{"href":"https:\/\/audiobook-24.com\/en\/wp-json\/wp\/v2\/product\/1056","targetHints":{"allow":["GET"]}}],"collection":[{"href":"https:\/\/audiobook-24.com\/en\/wp-json\/wp\/v2\/product"}],"about":[{"href":"https:\/\/audiobook-24.com\/en\/wp-json\/wp\/v2\/types\/product"}],"replies":[{"embeddable":true,"href":"https:\/\/audiobook-24.com\/en\/wp-json\/wp\/v2\/comments?post=1056"}],"wp:featuredmedia":[{"embeddable":true,"href":"https:\/\/audiobook-24.com\/en\/wp-json\/wp\/v2\/media\/1057"}],"wp:attachment":[{"href":"https:\/\/audiobook-24.com\/en\/wp-json\/wp\/v2\/media?parent=1056"}],"wp:term":[{"taxonomy":"product_brand","embeddable":true,"href":"https:\/\/audiobook-24.com\/en\/wp-json\/wp\/v2\/product_brand?post=1056"},{"taxonomy":"product_cat","embeddable":true,"href":"https:\/\/audiobook-24.com\/en\/wp-json\/wp\/v2\/product_cat?post=1056"},{"taxonomy":"product_tag","embeddable":true,"href":"https:\/\/audiobook-24.com\/en\/wp-json\/wp\/v2\/product_tag?post=1056"}],"curies":[{"name":"wp","href":"https:\/\/api.w.org\/{rel}","templated":true}]}}