{"id":1054,"date":"2025-11-18T20:58:41","date_gmt":"2025-11-18T20:58:41","guid":{"rendered":"https:\/\/audiobook-24.com\/?post_type=product&#038;p=1054"},"modified":"2025-11-18T20:58:41","modified_gmt":"2025-11-18T20:58:41","slug":"hoerspiel-wickie-und-die-starken-maenner-folge-5","status":"publish","type":"product","link":"https:\/\/audiobook-24.com\/en\/product\/hoerspiel-wickie-und-die-starken-maenner-folge-5\/","title":{"rendered":"H\u00f6rspiel Wickie und die starken M\u00e4nner \u2013 Folge 5"},"content":{"rendered":"<h1 style=\"font-weight: 400;\"><b><strong>H\u00f6rspiel<\/strong><\/b>\u00a0<b><strong>\u00a0Wickie und die starken M\u00e4nner \u2013 Folge 5<\/strong><\/b><\/h1>\n<p style=\"font-weight: 400;\"><b><strong>\u00a0\u00a0Das Original-H\u00f6rspiel zur Serie\/Film<\/strong><\/b><\/p>\n<p style=\"font-weight: 400;\"><b><strong>Ein neues Abenteuer wartet auf Wickie und die starken M\u00e4nner! Diesmal f\u00fchrt sie ihre Reise in unbekannte Gew\u00e4sser, wo geheimnisvolle Inseln, t\u00fcckische Fallen und listige Gegner lauern. W\u00e4hrend Halvar und seine Mannschaft auf wilde Draufg\u00e4nger setzen, beweist Wickie erneut, dass K\u00f6pfchen oft st\u00e4rker ist als Muskeln.<\/strong><\/b><\/p>\n<p style=\"font-weight: 400;\"><b><strong>Mit viel Witz, packender Spannung und jeder Menge Wikinger-Charme bietet dieses Original-H\u00f6rspiel ein mitrei\u00dfendes H\u00f6rvergn\u00fcgen f\u00fcr die ganze Familie. Ob auf hoher See oder an st\u00fcrmischen K\u00fcsten \u2013 hier ist Abenteuer garantiert!<\/strong><\/b><\/p>\n<p style=\"font-weight: 400;\"><b><strong>Nach der Bezahlung erhalten Sie sofort den Download und k\u00f6nnen direkt in Wickies neueste Geschichte eintauchen!<\/strong><\/b><\/p>\n<p>\u00a0Kommentare (0)<\/p>","protected":false},"excerpt":{"rendered":"<p>H\u00f6rspiel\u00a0\u00a0Wickie und die starken M\u00e4nner \u2013 Folge 5 \u00a0\u00a0Das Original-H\u00f6rspiel zur Serie\/Film Ein neues Abenteuer wartet auf Wickie und die starken M\u00e4nner! Diesmal f\u00fchrt sie ihre Reise in unbekannte Gew\u00e4sser, wo geheimnisvolle Inseln, t\u00fcckische Fallen und listige Gegner lauern. W\u00e4hrend Halvar und seine Mannschaft auf wilde Draufg\u00e4nger setzen, beweist Wickie erneut, dass K\u00f6pfchen oft st\u00e4rker [&hellip;]<\/p>\n","protected":false},"featured_media":1055,"comment_status":"open","ping_status":"closed","template":"","meta":[],"product_brand":[],"product_cat":[33,21],"product_tag":[],"class_list":{"0":"post-1054","1":"product","2":"type-product","3":"status-publish","4":"has-post-thumbnail","6":"product_cat-hoerspiel-comics","7":"product_cat-hoerspiele","9":"first","10":"instock","11":"sale","12":"virtual","13":"purchasable","14":"product-type-simple"},"jetpack_sharing_enabled":true,"_links":{"self":[{"href":"https:\/\/audiobook-24.com\/en\/wp-json\/wp\/v2\/product\/1054","targetHints":{"allow":["GET"]}}],"collection":[{"href":"https:\/\/audiobook-24.com\/en\/wp-json\/wp\/v2\/product"}],"about":[{"href":"https:\/\/audiobook-24.com\/en\/wp-json\/wp\/v2\/types\/product"}],"replies":[{"embeddable":true,"href":"https:\/\/audiobook-24.com\/en\/wp-json\/wp\/v2\/comments?post=1054"}],"wp:featuredmedia":[{"embeddable":true,"href":"https:\/\/audiobook-24.com\/en\/wp-json\/wp\/v2\/media\/1055"}],"wp:attachment":[{"href":"https:\/\/audiobook-24.com\/en\/wp-json\/wp\/v2\/media?parent=1054"}],"wp:term":[{"taxonomy":"product_brand","embeddable":true,"href":"https:\/\/audiobook-24.com\/en\/wp-json\/wp\/v2\/product_brand?post=1054"},{"taxonomy":"product_cat","embeddable":true,"href":"https:\/\/audiobook-24.com\/en\/wp-json\/wp\/v2\/product_cat?post=1054"},{"taxonomy":"product_tag","embeddable":true,"href":"https:\/\/audiobook-24.com\/en\/wp-json\/wp\/v2\/product_tag?post=1054"}],"curies":[{"name":"wp","href":"https:\/\/api.w.org\/{rel}","templated":true}]}}