{"id":1052,"date":"2025-11-18T20:55:18","date_gmt":"2025-11-18T20:55:18","guid":{"rendered":"https:\/\/audiobook-24.com\/?post_type=product&#038;p=1052"},"modified":"2025-11-18T20:55:18","modified_gmt":"2025-11-18T20:55:18","slug":"hoerspiel-wickie-und-die-starken-maenner-folge-6","status":"publish","type":"product","link":"https:\/\/audiobook-24.com\/en\/product\/hoerspiel-wickie-und-die-starken-maenner-folge-6\/","title":{"rendered":"H\u00f6rspiel Wickie und die starken M\u00e4nner \u2013 Folge 6"},"content":{"rendered":"<h2 style=\"font-weight: 400;\"><b><strong>H\u00f6rspiel<\/strong><\/b>\u00a0<b><strong>\u00a0\u00a0Wickie und die starken M\u00e4nner \u2013 Folge 6<\/strong><\/b><\/h2>\n<p style=\"font-weight: 400;\"><b><strong>Das Original-H\u00f6rspiel zur Serie\/Film<\/strong><\/b><\/p>\n<p style=\"font-weight: 400;\">Ein neuer Tag bricht in Flake an, und wieder wartet ein aufregendes Abenteuer auf Wickie und die starken M\u00e4nner! Als ein geheimnisvoller Hilferuf von der K\u00fcste eintrifft, st\u00fcrzt sich die Wikingercrew in ein gef\u00e4hrliches Unterfangen. T\u00fcckische Str\u00f6mungen, ein geheimnisvoller Nebel und unerwartete Gegner stellen Halvar und seine M\u00e4nner vor echte Herausforderungen.<\/p>\n<p style=\"font-weight: 400;\">Nur mit Wickies genialen Einf\u00e4llen und seinem unvergleichlichen Mut kann die Mannschaft diese riskante Mission bestehen. Lustige Momente, spannende Wendungen und echtes Wikinger-Feeling machen dieses H\u00f6rspiel zu einem unvergesslichen Erlebnis f\u00fcr die ganze Familie.<\/p>\n<p style=\"font-weight: 400;\"><b><strong>Nach der Bezahlung erhalten Sie sofort den Download und k\u00f6nnen direkt in Wickies neuestes Abenteuer eintauchen!<\/strong><\/b><\/p>","protected":false},"excerpt":{"rendered":"<p>H\u00f6rspiel\u00a0\u00a0\u00a0Wickie und die starken M\u00e4nner \u2013 Folge 6 Das Original-H\u00f6rspiel zur Serie\/Film Ein neuer Tag bricht in Flake an, und wieder wartet ein aufregendes Abenteuer auf Wickie und die starken M\u00e4nner! Als ein geheimnisvoller Hilferuf von der K\u00fcste eintrifft, st\u00fcrzt sich die Wikingercrew in ein gef\u00e4hrliches Unterfangen. T\u00fcckische Str\u00f6mungen, ein geheimnisvoller Nebel und unerwartete Gegner [&hellip;]<\/p>\n","protected":false},"featured_media":1053,"comment_status":"open","ping_status":"closed","template":"","meta":[],"product_brand":[],"product_cat":[33,21],"product_tag":[],"class_list":{"0":"post-1052","1":"product","2":"type-product","3":"status-publish","4":"has-post-thumbnail","6":"product_cat-hoerspiel-comics","7":"product_cat-hoerspiele","9":"first","10":"instock","11":"sale","12":"virtual","13":"purchasable","14":"product-type-simple"},"jetpack_sharing_enabled":true,"_links":{"self":[{"href":"https:\/\/audiobook-24.com\/en\/wp-json\/wp\/v2\/product\/1052","targetHints":{"allow":["GET"]}}],"collection":[{"href":"https:\/\/audiobook-24.com\/en\/wp-json\/wp\/v2\/product"}],"about":[{"href":"https:\/\/audiobook-24.com\/en\/wp-json\/wp\/v2\/types\/product"}],"replies":[{"embeddable":true,"href":"https:\/\/audiobook-24.com\/en\/wp-json\/wp\/v2\/comments?post=1052"}],"wp:featuredmedia":[{"embeddable":true,"href":"https:\/\/audiobook-24.com\/en\/wp-json\/wp\/v2\/media\/1053"}],"wp:attachment":[{"href":"https:\/\/audiobook-24.com\/en\/wp-json\/wp\/v2\/media?parent=1052"}],"wp:term":[{"taxonomy":"product_brand","embeddable":true,"href":"https:\/\/audiobook-24.com\/en\/wp-json\/wp\/v2\/product_brand?post=1052"},{"taxonomy":"product_cat","embeddable":true,"href":"https:\/\/audiobook-24.com\/en\/wp-json\/wp\/v2\/product_cat?post=1052"},{"taxonomy":"product_tag","embeddable":true,"href":"https:\/\/audiobook-24.com\/en\/wp-json\/wp\/v2\/product_tag?post=1052"}],"curies":[{"name":"wp","href":"https:\/\/api.w.org\/{rel}","templated":true}]}}