{"id":1047,"date":"2025-11-18T20:47:36","date_gmt":"2025-11-18T20:47:36","guid":{"rendered":"https:\/\/audiobook-24.com\/?post_type=product&#038;p=1047"},"modified":"2025-11-18T20:47:37","modified_gmt":"2025-11-18T20:47:37","slug":"hoerspiel-wickie-und-die-starken-maenner-folge-8","status":"publish","type":"product","link":"https:\/\/audiobook-24.com\/en\/product\/hoerspiel-wickie-und-die-starken-maenner-folge-8\/","title":{"rendered":"H\u00f6rspiel Wickie und die starken M\u00e4nner \u2013 Folge 8."},"content":{"rendered":"<p style=\"font-weight: 400;\">H\u00f6rspiel\u00a0<b><strong>Wickie und die starken M\u00e4nner \u2013 Folge 8<\/strong><\/b><\/p>\n<p style=\"font-weight: 400;\"><b><strong>Das Original-H\u00f6rspiel zur Serie\/Film<\/strong><\/b><\/p>\n<p style=\"font-weight: 400;\">Die Wikinger aus Flake machen sich auf, um einen sagenumwobenen Schatz zu finden \u2013 doch das Abenteuer wird gef\u00e4hrlicher als erwartet! Mitten auf dem offenen Meer lauern pl\u00f6tzlich r\u00e4tselhafte Gegner, und ein unheimlicher Nebel bringt die tapferen M\u00e4nner in gro\u00dfe Schwierigkeiten.<\/p>\n<p style=\"font-weight: 400;\">Nur einer kann die Crew retten: Wickie! Mit seinen cleveren Ideen stellt er sich mutig allen Gefahren, trickst Piraten aus und findet \u00fcberraschende L\u00f6sungen, wo alle anderen verzweifeln. Spannung, Witz und pures Wikingerabenteuer erwarten dich in dieser neuen H\u00f6rspielfolge!<\/p>\n<p style=\"font-weight: 400;\"><b><strong>Nach der Bezahlung erhalten Sie sofort den Download und k\u00f6nnen Wickies Abenteuer ohne Verz\u00f6gerung genie\u00dfen!<\/strong><\/b><\/p>","protected":false},"excerpt":{"rendered":"<p>H\u00f6rspiel\u00a0Wickie und die starken M\u00e4nner \u2013 Folge 8 Das Original-H\u00f6rspiel zur Serie\/Film Die Wikinger aus Flake machen sich auf, um einen sagenumwobenen Schatz zu finden \u2013 doch das Abenteuer wird gef\u00e4hrlicher als erwartet! Mitten auf dem offenen Meer lauern pl\u00f6tzlich r\u00e4tselhafte Gegner, und ein unheimlicher Nebel bringt die tapferen M\u00e4nner in gro\u00dfe Schwierigkeiten. Nur einer [&hellip;]<\/p>\n","protected":false},"featured_media":1048,"comment_status":"open","ping_status":"closed","template":"","meta":[],"product_brand":[],"product_cat":[33,21],"product_tag":[],"class_list":{"0":"post-1047","1":"product","2":"type-product","3":"status-publish","4":"has-post-thumbnail","6":"product_cat-hoerspiel-comics","7":"product_cat-hoerspiele","9":"first","10":"instock","11":"sale","12":"virtual","13":"purchasable","14":"product-type-simple"},"jetpack_sharing_enabled":true,"_links":{"self":[{"href":"https:\/\/audiobook-24.com\/en\/wp-json\/wp\/v2\/product\/1047","targetHints":{"allow":["GET"]}}],"collection":[{"href":"https:\/\/audiobook-24.com\/en\/wp-json\/wp\/v2\/product"}],"about":[{"href":"https:\/\/audiobook-24.com\/en\/wp-json\/wp\/v2\/types\/product"}],"replies":[{"embeddable":true,"href":"https:\/\/audiobook-24.com\/en\/wp-json\/wp\/v2\/comments?post=1047"}],"wp:featuredmedia":[{"embeddable":true,"href":"https:\/\/audiobook-24.com\/en\/wp-json\/wp\/v2\/media\/1048"}],"wp:attachment":[{"href":"https:\/\/audiobook-24.com\/en\/wp-json\/wp\/v2\/media?parent=1047"}],"wp:term":[{"taxonomy":"product_brand","embeddable":true,"href":"https:\/\/audiobook-24.com\/en\/wp-json\/wp\/v2\/product_brand?post=1047"},{"taxonomy":"product_cat","embeddable":true,"href":"https:\/\/audiobook-24.com\/en\/wp-json\/wp\/v2\/product_cat?post=1047"},{"taxonomy":"product_tag","embeddable":true,"href":"https:\/\/audiobook-24.com\/en\/wp-json\/wp\/v2\/product_tag?post=1047"}],"curies":[{"name":"wp","href":"https:\/\/api.w.org\/{rel}","templated":true}]}}