{"id":1045,"date":"2025-11-18T20:30:11","date_gmt":"2025-11-18T20:30:11","guid":{"rendered":"https:\/\/audiobook-24.com\/?post_type=product&#038;p=1045"},"modified":"2025-11-18T20:30:11","modified_gmt":"2025-11-18T20:30:11","slug":"hoerspiel-wickie-und-die-starken-maenner-folge-9","status":"publish","type":"product","link":"https:\/\/audiobook-24.com\/en\/product\/hoerspiel-wickie-und-die-starken-maenner-folge-9\/","title":{"rendered":"H\u00f6rspiel Wickie und die starken M\u00e4nner \u2013 Folge 9"},"content":{"rendered":"<h2 style=\"font-weight: 400;\"><b><strong>H\u00f6rspiel\u00a0\u00a0Wickie und die starken M\u00e4nner \u2013 Folge 9<\/strong><\/b><\/h2>\n<p style=\"font-weight: 400;\"><b><strong>Das Original-H\u00f6rspiel zur Serie\/Film<\/strong><\/b><\/p>\n<p style=\"font-weight: 400;\"><b><strong>Ein neues Abenteuer wartet auf Wickie und die tapferen Wikinger aus Flake!<br \/>\nAls ein geheimnisvoller Funkspruch die Mannschaft erreicht, beginnt eine aufregende Reise voller R\u00e4tsel, List und Mut.<br \/>\nUnterwegs treffen die Wikinger auf st\u00fcrmische Gew\u00e4sser, trickreiche Gegner und ein uraltes Geheimnis, das nur mit K\u00f6pfchen gel\u00f6st werden kann.<\/strong><\/b><\/p>\n<p style=\"font-weight: 400;\"><b><strong>Wickie beweist wieder einmal, dass Verstand st\u00e4rker ist als Muskelkraft \u2013 und sorgt mit seinen genialen Einf\u00e4llen f\u00fcr jede Menge Spannung und Spa\u00df!<br \/>\nErlebe ein mitrei\u00dfendes H\u00f6rspiel voller Abenteuer, cleverer Wendungen und witziger Momente.<\/strong><\/b><\/p>\n<p style=\"font-weight: 400;\"><b><strong>Nach der Bezahlung erhalten Sie sofort den Download und k\u00f6nnen Wickies spannendes Abenteuer sofort h\u00f6ren!<\/strong><\/b><\/p>","protected":false},"excerpt":{"rendered":"<p>H\u00f6rspiel\u00a0\u00a0Wickie und die starken M\u00e4nner \u2013 Folge 9 Das Original-H\u00f6rspiel zur Serie\/Film Ein neues Abenteuer wartet auf Wickie und die tapferen Wikinger aus Flake! Als ein geheimnisvoller Funkspruch die Mannschaft erreicht, beginnt eine aufregende Reise voller R\u00e4tsel, List und Mut. Unterwegs treffen die Wikinger auf st\u00fcrmische Gew\u00e4sser, trickreiche Gegner und ein uraltes Geheimnis, das nur [&hellip;]<\/p>\n","protected":false},"featured_media":1046,"comment_status":"open","ping_status":"closed","template":"","meta":[],"product_brand":[],"product_cat":[33,21],"product_tag":[],"class_list":{"0":"post-1045","1":"product","2":"type-product","3":"status-publish","4":"has-post-thumbnail","6":"product_cat-hoerspiel-comics","7":"product_cat-hoerspiele","9":"first","10":"instock","11":"sale","12":"virtual","13":"purchasable","14":"product-type-simple"},"jetpack_sharing_enabled":true,"_links":{"self":[{"href":"https:\/\/audiobook-24.com\/en\/wp-json\/wp\/v2\/product\/1045","targetHints":{"allow":["GET"]}}],"collection":[{"href":"https:\/\/audiobook-24.com\/en\/wp-json\/wp\/v2\/product"}],"about":[{"href":"https:\/\/audiobook-24.com\/en\/wp-json\/wp\/v2\/types\/product"}],"replies":[{"embeddable":true,"href":"https:\/\/audiobook-24.com\/en\/wp-json\/wp\/v2\/comments?post=1045"}],"wp:featuredmedia":[{"embeddable":true,"href":"https:\/\/audiobook-24.com\/en\/wp-json\/wp\/v2\/media\/1046"}],"wp:attachment":[{"href":"https:\/\/audiobook-24.com\/en\/wp-json\/wp\/v2\/media?parent=1045"}],"wp:term":[{"taxonomy":"product_brand","embeddable":true,"href":"https:\/\/audiobook-24.com\/en\/wp-json\/wp\/v2\/product_brand?post=1045"},{"taxonomy":"product_cat","embeddable":true,"href":"https:\/\/audiobook-24.com\/en\/wp-json\/wp\/v2\/product_cat?post=1045"},{"taxonomy":"product_tag","embeddable":true,"href":"https:\/\/audiobook-24.com\/en\/wp-json\/wp\/v2\/product_tag?post=1045"}],"curies":[{"name":"wp","href":"https:\/\/api.w.org\/{rel}","templated":true}]}}