{"id":1035,"date":"2025-11-18T19:59:51","date_gmt":"2025-11-18T19:59:51","guid":{"rendered":"https:\/\/audiobook-24.com\/?post_type=product&#038;p=1035"},"modified":"2025-11-18T19:59:51","modified_gmt":"2025-11-18T19:59:51","slug":"hoerspiel-filmbeschreibung-mortal-engines-krieg-der-staedte","status":"publish","type":"product","link":"https:\/\/audiobook-24.com\/en\/product\/hoerspiel-filmbeschreibung-mortal-engines-krieg-der-staedte\/","title":{"rendered":"H\u00f6rspiel \/ Filmbeschreibung: Mortal Engines \u2013 Krieg der St\u00e4dte"},"content":{"rendered":"<h2 style=\"font-weight: 400;\"><b><strong>\u00a0H\u00f6rspiel \/ Filmbeschreibung: Mortal Engines \u2013 Krieg der St\u00e4dte\u00a0\u00a0<\/strong><\/b><\/h2>\n<p style=\"font-weight: 400;\"><b><strong>\u00a0In einer\u00a0fernliegenden, postapokalyptischen Zukunft\u00a0herrscht das Gesetz der\u00a0beweglichen St\u00e4dte: Gigantische Metropolen rollen auf R\u00e4dern \u00fcber die verw\u00fcstete Erde und\u00a0verschlingen kleinere St\u00e4dte, um an ihre Ressourcen zu gelangen.<br \/>\nDie junge\u00a0Hester Shaw\u00a0tr\u00e4umt von Rache \u2013 denn Londons skrupelloser Anf\u00fchrer\u00a0Thaddeus Valentine\u00a0zerst\u00f6rte einst ihr Leben. Gemeinsam mit dem Historiker\u00a0Tom Natsworthy\u00a0begibt sie sich auf eine\u00a0atemberaubende Flucht \u00fcber die rollenden St\u00e4dte, durch gef\u00e4hrliche Luftpiraten-Reviere und in die Tiefen einer zerst\u00f6rten Welt.<\/strong><\/b><\/p>\n<p style=\"font-weight: 400;\"><b><strong>Doch w\u00e4hrend sich eine\u00a0gigantische Stadt auf den Krieg vorbereitet, h\u00e4ngt das Schicksal der Menschheit an\u00a0einem einzigen Funken Hoffnung\u00a0\u2026<\/strong><\/b><\/p>\n<p style=\"font-weight: 400;\"><b><strong>Warum dieses Abenteuer fesselt:<\/strong><\/b><\/p>\n<ul style=\"font-weight: 400;\">\n<li><b><strong>Atemberaubendes\u00a0Steampunk-Design und gigantische St\u00e4dte<\/strong><\/b><\/li>\n<li><b><strong>Actionreiche Verfolgungsjagden\u00a0quer \u00fcber die endlose Ein\u00f6de<\/strong><\/b><\/li>\n<li><b><strong>Ein\u00a0episches Abenteuer voller Mut, Verrat und Hoffnung<\/strong><\/b><\/li>\n<\/ul>\n<p style=\"font-weight: 400;\"><b><strong>Hinweis zum Download:<br \/>\nNach der Bezahlung erhalten Sie\u00a0den sofortigen Zugriff auf die H\u00f6rspiel-\/Filmversion, um direkt in diese\u00a0packende und einzigartige Welt\u00a0einzutauchen.<\/strong><\/b><\/p>","protected":false},"excerpt":{"rendered":"<p>\u00a0H\u00f6rspiel \/ Filmbeschreibung: Mortal Engines \u2013 Krieg der St\u00e4dte\u00a0\u00a0 \u00a0In einer\u00a0fernliegenden, postapokalyptischen Zukunft\u00a0herrscht das Gesetz der\u00a0beweglichen St\u00e4dte: Gigantische Metropolen rollen auf R\u00e4dern \u00fcber die verw\u00fcstete Erde und\u00a0verschlingen kleinere St\u00e4dte, um an ihre Ressourcen zu gelangen. Die junge\u00a0Hester Shaw\u00a0tr\u00e4umt von Rache \u2013 denn Londons skrupelloser Anf\u00fchrer\u00a0Thaddeus Valentine\u00a0zerst\u00f6rte einst ihr Leben. Gemeinsam mit dem Historiker\u00a0Tom Natsworthy\u00a0begibt sie [&hellip;]<\/p>\n","protected":false},"featured_media":1036,"comment_status":"open","ping_status":"closed","template":"","meta":[],"product_brand":[],"product_cat":[21],"product_tag":[],"class_list":{"0":"post-1035","1":"product","2":"type-product","3":"status-publish","4":"has-post-thumbnail","6":"product_cat-hoerspiele","8":"first","9":"instock","10":"sale","11":"virtual","12":"purchasable","13":"product-type-simple"},"jetpack_sharing_enabled":true,"_links":{"self":[{"href":"https:\/\/audiobook-24.com\/en\/wp-json\/wp\/v2\/product\/1035","targetHints":{"allow":["GET"]}}],"collection":[{"href":"https:\/\/audiobook-24.com\/en\/wp-json\/wp\/v2\/product"}],"about":[{"href":"https:\/\/audiobook-24.com\/en\/wp-json\/wp\/v2\/types\/product"}],"replies":[{"embeddable":true,"href":"https:\/\/audiobook-24.com\/en\/wp-json\/wp\/v2\/comments?post=1035"}],"wp:featuredmedia":[{"embeddable":true,"href":"https:\/\/audiobook-24.com\/en\/wp-json\/wp\/v2\/media\/1036"}],"wp:attachment":[{"href":"https:\/\/audiobook-24.com\/en\/wp-json\/wp\/v2\/media?parent=1035"}],"wp:term":[{"taxonomy":"product_brand","embeddable":true,"href":"https:\/\/audiobook-24.com\/en\/wp-json\/wp\/v2\/product_brand?post=1035"},{"taxonomy":"product_cat","embeddable":true,"href":"https:\/\/audiobook-24.com\/en\/wp-json\/wp\/v2\/product_cat?post=1035"},{"taxonomy":"product_tag","embeddable":true,"href":"https:\/\/audiobook-24.com\/en\/wp-json\/wp\/v2\/product_tag?post=1035"}],"curies":[{"name":"wp","href":"https:\/\/api.w.org\/{rel}","templated":true}]}}