{"id":1032,"date":"2025-11-18T19:56:08","date_gmt":"2025-11-18T19:56:08","guid":{"rendered":"https:\/\/audiobook-24.com\/?post_type=product&#038;p=1032"},"modified":"2025-11-18T19:56:08","modified_gmt":"2025-11-18T19:56:08","slug":"hoerspiel-serienbeschreibung-poker-face-s02e08-the-sleazy-georgian","status":"publish","type":"product","link":"https:\/\/audiobook-24.com\/en\/product\/hoerspiel-serienbeschreibung-poker-face-s02e08-the-sleazy-georgian\/","title":{"rendered":"H\u00f6rspiel \/ Serienbeschreibung: Poker Face \u2013 S02E08 \u201eThe Sleazy Georgian\u201c"},"content":{"rendered":"<h3><b><strong>H\u00f6rspiel \/ Serienbeschreibung: Poker Face \u2013 S02E08 \u201eThe Sleazy Georgian\u201c<\/strong><\/b><\/h3>\n<p style=\"font-weight: 400;\"><b><strong>\u00a0<\/strong><\/b><b><strong>Charlie Cale trifft auf einen charmanten Geldeintreiber namens Guy (John Cho) \u2013 und ist sofort skeptisch. In einem noblen Hotelbar-Setting begegnen wir Regina (Melanie Lynskey), die Gier nach Geld packt und sich mit einem riskanten Deal einl\u00e4sst. Doch als die Situation explosiv eskaliert, zeigt sich: Nichts ist, wie es scheint.<\/strong><\/b><\/p>\n<p style=\"font-weight: 400;\"><b><strong>Pl\u00f6tzlich ist es nicht mehr Charlie, die den Mordfall umrei\u00dft \u2013 diesmal zieht sie selbst den Ermittlungsstrick. Gemeinsam mit Guy f\u00e4llt ihr eine versuchte Revolution in einem Team von Gaunern auf. In einem cleveren Spiegelspiel entlarven sie einen Betrug, bei dem es um\u00a0$20.000 f\u00fcr einen Kinderfonds\u00a0und\u00a0eine Millionenschwindel mit einem Gecko-K\u00f6nigreich\u00a0geht. Ein Plan, der Claudia zufolge nicht nur vergeigt wird \u2013 sondern moralisch ad absurdum gef\u00fchrt wird.<\/strong><\/b><\/p>\n<p style=\"font-weight: 400;\"><b><strong>Am Ende kontert Charlie die Trickdichter mit einem doppelten Bluff: Der gro\u00dfe Coup endet mit einem Auto voller Lebensmittelgutscheine statt Bargeld \u2013 und Charlie sorgt daf\u00fcr, dass das Opfer des Betrugs wenigstens gespendetes Geld erh\u00e4lt.\u00a0Ein Finale, das die f\u00fcr die Serie typische Howcatchem-Struktur gro\u00dfz\u00fcgig auf den Kopf stellt.<\/strong><\/b><\/p>\n<p style=\"font-weight: 400;\"><b><strong>\u00a0Darum fesselt diese Episode:<\/strong><\/b><\/p>\n<ul style=\"font-weight: 400;\">\n<li><b><strong>Genial gebrochenes Format:\u00a0Keine klassische Ermittlungsstruktur, sondern ein cleverer Betrug, der Charlie erst sp\u00e4t ins Visier r\u00fcckt<\/strong><\/b><\/li>\n<li><b><strong>Charaktertiefe in Nebendarstellern:\u00a0Guy und Regina entwachsen ihren stereotyper Rollen durch Wendungen und emotionale Konflikte<\/strong><\/b><\/li>\n<li><b><strong>Scharfsinn und Dunkle Komik:\u00a0Charlie zerpfl\u00fcckt Scheinheiligkeit und \u00fcbertr\u00e4gt den Betrug auf die Betr\u00fcger \u2013 mit investiertem Gewinn f\u00fcr den guten Zweck<\/strong><\/b><\/li>\n<\/ul>\n<p style=\"font-weight: 400;\"><b><strong>\u00a0Download-Info:<\/strong><\/b><\/p>\n<p style=\"font-weight: 400;\"><b><strong>Nach der Bezahlung erh\u00e4ltst du\u00a0sofort den Download-Link\u00a0zur aktuellen Episode. Kein Warten, kein Aufwand \u2013 direkt reinh\u00f6ren und der Spannung freien Lauf lassen!<\/strong><\/b><\/p>","protected":false},"excerpt":{"rendered":"<p>H\u00f6rspiel \/ Serienbeschreibung: Poker Face \u2013 S02E08 \u201eThe Sleazy Georgian\u201c \u00a0Charlie Cale trifft auf einen charmanten Geldeintreiber namens Guy (John Cho) \u2013 und ist sofort skeptisch. In einem noblen Hotelbar-Setting begegnen wir Regina (Melanie Lynskey), die Gier nach Geld packt und sich mit einem riskanten Deal einl\u00e4sst. Doch als die Situation explosiv eskaliert, zeigt sich: [&hellip;]<\/p>\n","protected":false},"featured_media":1033,"comment_status":"open","ping_status":"closed","template":"","meta":[],"product_brand":[],"product_cat":[21],"product_tag":[],"class_list":{"0":"post-1032","1":"product","2":"type-product","3":"status-publish","4":"has-post-thumbnail","6":"product_cat-hoerspiele","8":"first","9":"instock","10":"sale","11":"virtual","12":"purchasable","13":"product-type-simple"},"jetpack_sharing_enabled":true,"_links":{"self":[{"href":"https:\/\/audiobook-24.com\/en\/wp-json\/wp\/v2\/product\/1032","targetHints":{"allow":["GET"]}}],"collection":[{"href":"https:\/\/audiobook-24.com\/en\/wp-json\/wp\/v2\/product"}],"about":[{"href":"https:\/\/audiobook-24.com\/en\/wp-json\/wp\/v2\/types\/product"}],"replies":[{"embeddable":true,"href":"https:\/\/audiobook-24.com\/en\/wp-json\/wp\/v2\/comments?post=1032"}],"wp:featuredmedia":[{"embeddable":true,"href":"https:\/\/audiobook-24.com\/en\/wp-json\/wp\/v2\/media\/1033"}],"wp:attachment":[{"href":"https:\/\/audiobook-24.com\/en\/wp-json\/wp\/v2\/media?parent=1032"}],"wp:term":[{"taxonomy":"product_brand","embeddable":true,"href":"https:\/\/audiobook-24.com\/en\/wp-json\/wp\/v2\/product_brand?post=1032"},{"taxonomy":"product_cat","embeddable":true,"href":"https:\/\/audiobook-24.com\/en\/wp-json\/wp\/v2\/product_cat?post=1032"},{"taxonomy":"product_tag","embeddable":true,"href":"https:\/\/audiobook-24.com\/en\/wp-json\/wp\/v2\/product_tag?post=1032"}],"curies":[{"name":"wp","href":"https:\/\/api.w.org\/{rel}","templated":true}]}}