{"id":1030,"date":"2025-11-18T19:53:26","date_gmt":"2025-11-18T19:53:26","guid":{"rendered":"https:\/\/audiobook-24.com\/?post_type=product&#038;p=1030"},"modified":"2025-11-18T19:53:26","modified_gmt":"2025-11-18T19:53:26","slug":"hoerspiel-filmbeschreibung-berlin-express-1948","status":"publish","type":"product","link":"https:\/\/audiobook-24.com\/en\/product\/hoerspiel-filmbeschreibung-berlin-express-1948\/","title":{"rendered":"H\u00f6rspiel \/ Filmbeschreibung: Berlin Express (1948)."},"content":{"rendered":"<p style=\"font-weight: 400;\"><b><strong>Ein Expresszug von Paris nach Berlin bringt kurz nach Kriegsende eine ungew\u00f6hnliche Gruppe von Passagieren zusammen \u2013 darunter ein amerikanischer Berater, eine franz\u00f6sische Sekret\u00e4rin, ein britischer Lehrer, ein sowjetischer Leutnant und zwei deutsche Pers\u00f6nlichkeiten. Unter ihnen befindet sich Dr. Heinrich Bernhardt, ein bedeutender Friedensaktivist.<\/strong><\/b><\/p>\n<p style=\"font-weight: 400;\"><b><strong>Pl\u00f6tzlich ersch\u00fcttert ein Anschlag den Zug, und es scheint, als sei Bernhardt get\u00f6tet worden. Doch schon bald wird klar: Er lebt, und der Anschlag war nur der Beginn einer gef\u00e4hrlichen Verschw\u00f6rung. Gemeinsam machen sich die unfreiwilligen Verb\u00fcndeten auf die Suche nach ihm \u2013 durch die Ruinen der Nachkriegsst\u00e4dte, verfolgt von Verrat, T\u00e4uschung und t\u00f6dlichen Intrigen.<\/strong><\/b><\/p>\n<p style=\"font-weight: 400;\"><b><strong>\u00a0Download-Hinweis<\/strong><\/b><\/p>\n<p style=\"font-weight: 400;\"><b><strong>Nach erfolgreicher Bezahlung erh\u00e4ltst du\u00a0sofort den Download-Link\u00a0zum gesamten H\u00f6rspiel \u2013 direkt abspielbar und ohne Wartezeit.<\/strong><\/b><\/p>","protected":false},"excerpt":{"rendered":"<p>Ein Expresszug von Paris nach Berlin bringt kurz nach Kriegsende eine ungew\u00f6hnliche Gruppe von Passagieren zusammen \u2013 darunter ein amerikanischer Berater, eine franz\u00f6sische Sekret\u00e4rin, ein britischer Lehrer, ein sowjetischer Leutnant und zwei deutsche Pers\u00f6nlichkeiten. Unter ihnen befindet sich Dr. Heinrich Bernhardt, ein bedeutender Friedensaktivist. Pl\u00f6tzlich ersch\u00fcttert ein Anschlag den Zug, und es scheint, als sei [&hellip;]<\/p>\n","protected":false},"featured_media":1031,"comment_status":"open","ping_status":"closed","template":"","meta":[],"product_brand":[],"product_cat":[18],"product_tag":[],"class_list":{"0":"post-1030","1":"product","2":"type-product","3":"status-publish","4":"has-post-thumbnail","6":"product_cat-unkategorisiert","8":"first","9":"instock","10":"sale","11":"virtual","12":"purchasable","13":"product-type-simple"},"jetpack_sharing_enabled":true,"_links":{"self":[{"href":"https:\/\/audiobook-24.com\/en\/wp-json\/wp\/v2\/product\/1030","targetHints":{"allow":["GET"]}}],"collection":[{"href":"https:\/\/audiobook-24.com\/en\/wp-json\/wp\/v2\/product"}],"about":[{"href":"https:\/\/audiobook-24.com\/en\/wp-json\/wp\/v2\/types\/product"}],"replies":[{"embeddable":true,"href":"https:\/\/audiobook-24.com\/en\/wp-json\/wp\/v2\/comments?post=1030"}],"wp:featuredmedia":[{"embeddable":true,"href":"https:\/\/audiobook-24.com\/en\/wp-json\/wp\/v2\/media\/1031"}],"wp:attachment":[{"href":"https:\/\/audiobook-24.com\/en\/wp-json\/wp\/v2\/media?parent=1030"}],"wp:term":[{"taxonomy":"product_brand","embeddable":true,"href":"https:\/\/audiobook-24.com\/en\/wp-json\/wp\/v2\/product_brand?post=1030"},{"taxonomy":"product_cat","embeddable":true,"href":"https:\/\/audiobook-24.com\/en\/wp-json\/wp\/v2\/product_cat?post=1030"},{"taxonomy":"product_tag","embeddable":true,"href":"https:\/\/audiobook-24.com\/en\/wp-json\/wp\/v2\/product_tag?post=1030"}],"curies":[{"name":"wp","href":"https:\/\/api.w.org\/{rel}","templated":true}]}}