{"id":1028,"date":"2025-11-18T19:50:27","date_gmt":"2025-11-18T19:50:27","guid":{"rendered":"https:\/\/audiobook-24.com\/?post_type=product&#038;p=1028"},"modified":"2025-11-18T19:50:27","modified_gmt":"2025-11-18T19:50:27","slug":"hoerspiel-widows-toedliche-witwen","status":"publish","type":"product","link":"https:\/\/audiobook-24.com\/en\/product\/hoerspiel-widows-toedliche-witwen\/","title":{"rendered":"H\u00f6rspiel Widows \u2013 T\u00f6dliche Witwen"},"content":{"rendered":"<p><b>H\u00f6rspiel Widows \u2013 T\u00f6dliche Witwen<\/b><\/p>\n<p><b>Inhalt<\/b><\/p>\n<p>Vier Frauen, jede mit ihrem eigenen Schicksal, sind pl\u00f6tzlich verbunden durch ein gef\u00e4hrliches Geheimnis. Nachdem ihre Ehem\u00e4nner bei einem missgl\u00fcckten Raub\u00fcberfall ums Leben kommen, bleibt den Witwen nichts anderes \u00fcbrig, als selbst die Initiative zu ergreifen. Sie planen einen riskanten Coup, um Schulden zu begleichen und ihr Leben zur\u00fcckzuerobern. Doch nichts l\u00e4uft wie geplant \u2013 Intrigen, Verrat und t\u00f6dliche Gefahren lauern \u00fcberall. Ein spannendes H\u00f6rspiel voller Nervenkitzel, starken Charakteren und \u00fcberraschenden Wendungen, das dich bis zur letzten Sekunde fesseln wird.<\/p>\n<p>&nbsp;<\/p>\n<div align=\"center\">\n<hr align=\"center\" noshade=\"noshade\" size=\"3\" width=\"100%\" \/>\n<\/div>\n<p><b>\u00a0Sofort-Download<\/b><\/p>\n<p>Nach der Bezahlung erhalten Sie\u00a0<b>den direkten Download-Link<\/b>\u00a0zum kompletten H\u00f6rspiel \u2013 sofort anh\u00f6ren und in die spannende Welt der \u201eT\u00f6dlichen Witwen\u201c eintauchen!<\/p>","protected":false},"excerpt":{"rendered":"<p>H\u00f6rspiel Widows \u2013 T\u00f6dliche Witwen Inhalt Vier Frauen, jede mit ihrem eigenen Schicksal, sind pl\u00f6tzlich verbunden durch ein gef\u00e4hrliches Geheimnis. Nachdem ihre Ehem\u00e4nner bei einem missgl\u00fcckten Raub\u00fcberfall ums Leben kommen, bleibt den Witwen nichts anderes \u00fcbrig, als selbst die Initiative zu ergreifen. Sie planen einen riskanten Coup, um Schulden zu begleichen und ihr Leben zur\u00fcckzuerobern. [&hellip;]<\/p>\n","protected":false},"featured_media":1029,"comment_status":"open","ping_status":"closed","template":"","meta":[],"product_brand":[],"product_cat":[21],"product_tag":[],"class_list":{"0":"post-1028","1":"product","2":"type-product","3":"status-publish","4":"has-post-thumbnail","6":"product_cat-hoerspiele","8":"first","9":"instock","10":"sale","11":"shipping-taxable","12":"purchasable","13":"product-type-simple"},"jetpack_sharing_enabled":true,"_links":{"self":[{"href":"https:\/\/audiobook-24.com\/en\/wp-json\/wp\/v2\/product\/1028","targetHints":{"allow":["GET"]}}],"collection":[{"href":"https:\/\/audiobook-24.com\/en\/wp-json\/wp\/v2\/product"}],"about":[{"href":"https:\/\/audiobook-24.com\/en\/wp-json\/wp\/v2\/types\/product"}],"replies":[{"embeddable":true,"href":"https:\/\/audiobook-24.com\/en\/wp-json\/wp\/v2\/comments?post=1028"}],"wp:featuredmedia":[{"embeddable":true,"href":"https:\/\/audiobook-24.com\/en\/wp-json\/wp\/v2\/media\/1029"}],"wp:attachment":[{"href":"https:\/\/audiobook-24.com\/en\/wp-json\/wp\/v2\/media?parent=1028"}],"wp:term":[{"taxonomy":"product_brand","embeddable":true,"href":"https:\/\/audiobook-24.com\/en\/wp-json\/wp\/v2\/product_brand?post=1028"},{"taxonomy":"product_cat","embeddable":true,"href":"https:\/\/audiobook-24.com\/en\/wp-json\/wp\/v2\/product_cat?post=1028"},{"taxonomy":"product_tag","embeddable":true,"href":"https:\/\/audiobook-24.com\/en\/wp-json\/wp\/v2\/product_tag?post=1028"}],"curies":[{"name":"wp","href":"https:\/\/api.w.org\/{rel}","templated":true}]}}