{"id":1022,"date":"2025-11-18T19:36:14","date_gmt":"2025-11-18T19:36:14","guid":{"rendered":"https:\/\/audiobook-24.com\/?post_type=product&#038;p=1022"},"modified":"2025-11-18T19:36:14","modified_gmt":"2025-11-18T19:36:14","slug":"riel-ane-blutwurst-und-zimtschnecken-ein-moerderisch-humorvoller-wohlfuehlkrimi-aus-dem-norden","status":"publish","type":"product","link":"https:\/\/audiobook-24.com\/en\/product\/riel-ane-blutwurst-und-zimtschnecken-ein-moerderisch-humorvoller-wohlfuehlkrimi-aus-dem-norden\/","title":{"rendered":"Riel Ane \u2013 Blutwurst und Zimtschnecken Ein m\u00f6rderisch humorvoller Wohlf\u00fchlkrimi aus dem Norden!"},"content":{"rendered":"<h3 data-start=\"53\" data-end=\"106\"><strong data-start=\"62\" data-end=\"104\">Riel Ane \u2013 Blutwurst und Zimtschnecken<\/strong><\/h3>\n<p data-start=\"107\" data-end=\"167\"><strong data-start=\"107\" data-end=\"167\">Ein m\u00f6rderisch humorvoller Wohlf\u00fchlkrimi aus dem Norden!<\/strong><\/p>\n<p data-start=\"174\" data-end=\"447\"><strong data-start=\"174\" data-end=\"185\">Inhalt:<\/strong><br data-start=\"185\" data-end=\"188\" \/>In einem kleinen Dorf an der K\u00fcste ist die Welt noch in Ordnung \u2013 oder etwa nicht?<br data-start=\"270\" data-end=\"273\" \/>Als die exzentrische Hobbyb\u00e4ckerin\u00a0<strong data-start=\"308\" data-end=\"324\">Greta Jensen<\/strong>\u00a0zuf\u00e4llig eine Leiche findet (zwischen Blutwurst und Zimtschnecken!), beginnt ein ebenso kurioses wie spannendes Abenteuer.<\/p>\n<p data-start=\"449\" data-end=\"711\">Mit viel Witz, Charme und nordischem Lokalkolorit bringt\u00a0<strong data-start=\"506\" data-end=\"518\">Riel Ane<\/strong>\u00a0einen frischen Wind in die Welt der Cosy-Crime-Romane. Zwischen skurrilen Nachbarn, geheimen Liebschaften und einem alten Familienrezept verbirgt sich mehr, als man auf den ersten Blick ahnt \u2026<\/p>\n<hr data-start=\"713\" data-end=\"716\" \/>\n<p data-start=\"718\" data-end=\"744\"><strong data-start=\"718\" data-end=\"744\">Perfekt f\u00fcr alle, die:<\/strong><\/p>\n<ul data-start=\"746\" data-end=\"869\">\n<li data-start=\"746\" data-end=\"773\">\n<p data-start=\"748\" data-end=\"773\">Krimis mit Humor lieben<\/p>\n<\/li>\n<li data-start=\"774\" data-end=\"826\">\n<p data-start=\"776\" data-end=\"826\">schrullige Charaktere und l\u00e4ndliche Idylle m\u00f6gen<\/p>\n<\/li>\n<li data-start=\"827\" data-end=\"869\">\n<p data-start=\"829\" data-end=\"869\">beim Lesen gern schmunzeln (und r\u00e4tseln)<\/p>\n<\/li>\n<\/ul>\n<hr data-start=\"871\" data-end=\"874\" \/>\n<p data-start=\"876\" data-end=\"1018\">\u2705\u00a0<strong data-start=\"878\" data-end=\"920\">Sofortiger PDF-Download nach Bezahlung<\/strong><br data-start=\"920\" data-end=\"923\" \/>\ud83d\udcf1\ud83d\udcbb\u00a0<strong data-start=\"928\" data-end=\"970\">Kompatibel mit Smartphone, Tablet &amp; PC<\/strong><br data-start=\"970\" data-end=\"973\" \/>\ud83d\udcc4\u00a0<strong data-start=\"976\" data-end=\"1018\">Praktisches PDF-Format \u2013 direkt lesbar<\/strong><\/p>","protected":false},"excerpt":{"rendered":"<p>Riel Ane \u2013 Blutwurst und Zimtschnecken Ein m\u00f6rderisch humorvoller Wohlf\u00fchlkrimi aus dem Norden! Inhalt:In einem kleinen Dorf an der K\u00fcste ist die Welt noch in Ordnung \u2013 oder etwa nicht?Als die exzentrische Hobbyb\u00e4ckerin\u00a0Greta Jensen\u00a0zuf\u00e4llig eine Leiche findet (zwischen Blutwurst und Zimtschnecken!), beginnt ein ebenso kurioses wie spannendes Abenteuer. Mit viel Witz, Charme und nordischem Lokalkolorit [&hellip;]<\/p>\n","protected":false},"featured_media":1023,"comment_status":"open","ping_status":"closed","template":"","meta":[],"product_brand":[],"product_cat":[39,38],"product_tag":[],"class_list":{"0":"post-1022","1":"product","2":"type-product","3":"status-publish","4":"has-post-thumbnail","6":"product_cat-e-book-krimi","7":"product_cat-e-book-comic","9":"first","10":"instock","11":"sale","12":"virtual","13":"purchasable","14":"product-type-simple"},"jetpack_sharing_enabled":true,"_links":{"self":[{"href":"https:\/\/audiobook-24.com\/en\/wp-json\/wp\/v2\/product\/1022","targetHints":{"allow":["GET"]}}],"collection":[{"href":"https:\/\/audiobook-24.com\/en\/wp-json\/wp\/v2\/product"}],"about":[{"href":"https:\/\/audiobook-24.com\/en\/wp-json\/wp\/v2\/types\/product"}],"replies":[{"embeddable":true,"href":"https:\/\/audiobook-24.com\/en\/wp-json\/wp\/v2\/comments?post=1022"}],"wp:featuredmedia":[{"embeddable":true,"href":"https:\/\/audiobook-24.com\/en\/wp-json\/wp\/v2\/media\/1023"}],"wp:attachment":[{"href":"https:\/\/audiobook-24.com\/en\/wp-json\/wp\/v2\/media?parent=1022"}],"wp:term":[{"taxonomy":"product_brand","embeddable":true,"href":"https:\/\/audiobook-24.com\/en\/wp-json\/wp\/v2\/product_brand?post=1022"},{"taxonomy":"product_cat","embeddable":true,"href":"https:\/\/audiobook-24.com\/en\/wp-json\/wp\/v2\/product_cat?post=1022"},{"taxonomy":"product_tag","embeddable":true,"href":"https:\/\/audiobook-24.com\/en\/wp-json\/wp\/v2\/product_tag?post=1022"}],"curies":[{"name":"wp","href":"https:\/\/api.w.org\/{rel}","templated":true}]}}