{"id":1019,"date":"2025-11-18T11:57:12","date_gmt":"2025-11-18T11:57:12","guid":{"rendered":"https:\/\/audiobook-24.com\/?post_type=product&#038;p=1019"},"modified":"2025-11-18T11:57:12","modified_gmt":"2025-11-18T11:57:12","slug":"gabriel-allon-die-loge-ein-fesselnder-spionagethriller-von-daniel-silva","status":"publish","type":"product","link":"https:\/\/audiobook-24.com\/en\/product\/gabriel-allon-die-loge-ein-fesselnder-spionagethriller-von-daniel-silva\/","title":{"rendered":"Gabriel Allon \u2013 Die Loge Ein fesselnder Spionagethriller von Daniel Silva"},"content":{"rendered":"<h3 data-start=\"85\" data-end=\"126\"><strong data-start=\"96\" data-end=\"124\">Gabriel Allon \u2013 Die Loge<\/strong><\/h3>\n<p data-start=\"127\" data-end=\"179\"><strong data-start=\"127\" data-end=\"179\">Ein fesselnder Spionagethriller von Daniel Silva<\/strong><\/p>\n<p data-start=\"186\" data-end=\"318\"><strong data-start=\"186\" data-end=\"197\">nhalt:<\/strong><br data-start=\"197\" data-end=\"200\" \/>Ein verschwundener Journalist. Eine mysteri\u00f6se Machtelite. Und ein t\u00f6dliches Geheimnis, das Europa ersch\u00fcttern k\u00f6nnte.<\/p>\n<p data-start=\"320\" data-end=\"661\">Als der israelische Geheimagent und Kunstrestaurator\u00a0<strong data-start=\"373\" data-end=\"390\">Gabriel Allon<\/strong>\u00a0in den mysteri\u00f6sen Tod eines Enth\u00fcllungsjournalisten hineingezogen wird, st\u00f6\u00dft er auf eine geheime Bruderschaft \u2013\u00a0<strong data-start=\"505\" data-end=\"517\">Die Loge<\/strong>\u00a0\u2013, die sich im Schatten politischer Macht bewegt. Was als Routineermittlung beginnt, f\u00fchrt zu einer globalen Verschw\u00f6rung mit t\u00f6dlichen Folgen.<\/p>\n<p data-start=\"663\" data-end=\"805\">Daniel Silva zeigt einmal mehr, warum er zu den Meistern der modernen Spionageliteratur geh\u00f6rt \u2013\u00a0<strong data-start=\"760\" data-end=\"805\">intelligent, temporeich und brandaktuell.<\/strong><\/p>\n<hr data-start=\"807\" data-end=\"810\" \/>\n<p data-start=\"812\" data-end=\"977\"><strong data-start=\"812\" data-end=\"836\">F\u00fcr Leser*innen von:<\/strong><br data-start=\"836\" data-end=\"839\" \/>\u2714\ufe0f\u00a0Politthrillern mit Tiefgang<br data-start=\"869\" data-end=\"872\" \/>\u2714\ufe0f\u00a0Spannung auf internationalem Parkett<br data-start=\"911\" data-end=\"914\" \/>\u2714\ufe0f\u00a0Serien wie\u00a0<em data-start=\"928\" data-end=\"942\">Jason Bourne<\/em>,\u00a0<em data-start=\"944\" data-end=\"956\">Tom Clancy<\/em>\u00a0oder\u00a0<em data-start=\"962\" data-end=\"977\">John le Carr\u00e9<\/em><\/p>\n<hr data-start=\"979\" data-end=\"982\" \/>\n<p data-start=\"984\" data-end=\"1111\">\ud83d\udcc4\u00a0<strong data-start=\"987\" data-end=\"998\">Format:<\/strong>\u00a0PDF<br data-start=\"1002\" data-end=\"1005\" \/>\ud83d\udcf1\ud83d\udcbb\u00a0<strong data-start=\"1010\" data-end=\"1043\">Lesbar auf Handy, Tablet &amp; PC<\/strong><br data-start=\"1043\" data-end=\"1046\" \/>\u2705\u00a0<strong data-start=\"1048\" data-end=\"1111\">Sofort-Download nach Bezahlung \u2013 keine Zusatzsoftware n\u00f6tig<\/strong><\/p>","protected":false},"excerpt":{"rendered":"<p>Gabriel Allon \u2013 Die Loge Ein fesselnder Spionagethriller von Daniel Silva nhalt:Ein verschwundener Journalist. Eine mysteri\u00f6se Machtelite. Und ein t\u00f6dliches Geheimnis, das Europa ersch\u00fcttern k\u00f6nnte. Als der israelische Geheimagent und Kunstrestaurator\u00a0Gabriel Allon\u00a0in den mysteri\u00f6sen Tod eines Enth\u00fcllungsjournalisten hineingezogen wird, st\u00f6\u00dft er auf eine geheime Bruderschaft \u2013\u00a0Die Loge\u00a0\u2013, die sich im Schatten politischer Macht bewegt. Was [&hellip;]<\/p>\n","protected":false},"featured_media":1020,"comment_status":"open","ping_status":"closed","template":"","meta":[],"product_brand":[],"product_cat":[39],"product_tag":[],"class_list":{"0":"post-1019","1":"product","2":"type-product","3":"status-publish","4":"has-post-thumbnail","6":"product_cat-e-book-krimi","8":"first","9":"instock","10":"sale","11":"virtual","12":"purchasable","13":"product-type-simple"},"jetpack_sharing_enabled":true,"_links":{"self":[{"href":"https:\/\/audiobook-24.com\/en\/wp-json\/wp\/v2\/product\/1019","targetHints":{"allow":["GET"]}}],"collection":[{"href":"https:\/\/audiobook-24.com\/en\/wp-json\/wp\/v2\/product"}],"about":[{"href":"https:\/\/audiobook-24.com\/en\/wp-json\/wp\/v2\/types\/product"}],"replies":[{"embeddable":true,"href":"https:\/\/audiobook-24.com\/en\/wp-json\/wp\/v2\/comments?post=1019"}],"wp:featuredmedia":[{"embeddable":true,"href":"https:\/\/audiobook-24.com\/en\/wp-json\/wp\/v2\/media\/1020"}],"wp:attachment":[{"href":"https:\/\/audiobook-24.com\/en\/wp-json\/wp\/v2\/media?parent=1019"}],"wp:term":[{"taxonomy":"product_brand","embeddable":true,"href":"https:\/\/audiobook-24.com\/en\/wp-json\/wp\/v2\/product_brand?post=1019"},{"taxonomy":"product_cat","embeddable":true,"href":"https:\/\/audiobook-24.com\/en\/wp-json\/wp\/v2\/product_cat?post=1019"},{"taxonomy":"product_tag","embeddable":true,"href":"https:\/\/audiobook-24.com\/en\/wp-json\/wp\/v2\/product_tag?post=1019"}],"curies":[{"name":"wp","href":"https:\/\/api.w.org\/{rel}","templated":true}]}}