{"id":1017,"date":"2025-11-18T11:54:46","date_gmt":"2025-11-18T11:54:46","guid":{"rendered":"https:\/\/audiobook-24.com\/?post_type=product&#038;p=1017"},"modified":"2025-11-18T11:54:46","modified_gmt":"2025-11-18T11:54:46","slug":"e-book-gabriel-allon-01-der-englaender-ein-hochspannender-spionagethriller-von-bestsellerautor-daniel-silva","status":"publish","type":"product","link":"https:\/\/audiobook-24.com\/en\/product\/e-book-gabriel-allon-01-der-englaender-ein-hochspannender-spionagethriller-von-bestsellerautor-daniel-silva\/","title":{"rendered":"E Book Gabriel Allon 01 \u2013 Der Engl\u00e4nder Ein hochspannender Spionagethriller von Bestsellerautor Daniel Silva"},"content":{"rendered":"<h3 data-start=\"78\" data-end=\"127\"><strong data-start=\"89\" data-end=\"125\">Gabriel Allon 01 \u2013 Der Engl\u00e4nder<\/strong><\/h3>\n<p data-start=\"128\" data-end=\"200\"><strong data-start=\"128\" data-end=\"200\">Ein hochspannender Spionagethriller von Bestsellerautor Daniel Silva<\/strong><\/p>\n<p data-start=\"207\" data-end=\"550\"><strong data-start=\"207\" data-end=\"218\">Inhalt:<\/strong><br data-start=\"218\" data-end=\"221\" \/>Gabriel Allon \u2013 Kunstrestaurator, Geheimagent und gebrochener Held \u2013 wird von der Vergangenheit eingeholt, als eine brutale Mordserie an j\u00fcdischen Pers\u00f6nlichkeiten ganz Europa ersch\u00fcttert. Hinter den Attentaten steckt eine eiskalte Terroristin, die einst Allons Leben zerst\u00f6rte \u2013 und jetzt ihre blutige Spur durch die Welt zieht.<\/p>\n<p data-start=\"552\" data-end=\"828\">In\u00a0<strong data-start=\"555\" data-end=\"574\">\u201eDer Engl\u00e4nder\u201c<\/strong>, dem mitrei\u00dfenden Auftakt zur\u00a0<em data-start=\"605\" data-end=\"620\">Gabriel Allon<\/em>-Reihe, entfaltet Daniel Silva ein Netz aus Intrigen, Verrat und internationaler Spionagekunst. Ein Thriller, der mit psychologischem Tiefgang, politischer Brisanz und meisterhaftem Spannungsaufbau \u00fcberzeugt.<\/p>\n<hr data-start=\"830\" data-end=\"833\" \/>\n<p data-start=\"835\" data-end=\"952\"><strong data-start=\"835\" data-end=\"858\">Ideal f\u00fcr Fans von:<\/strong><br data-start=\"858\" data-end=\"861\" \/>\u2714\ufe0f\u00a0John le Carr\u00e9<br data-start=\"877\" data-end=\"880\" \/>\u2714\ufe0f\u00a0Robert Ludlum<br data-start=\"896\" data-end=\"899\" \/>\u2714\ufe0f\u00a0Politisch brisanten und eleganten Spionage-Romanen<\/p>\n<hr data-start=\"954\" data-end=\"957\" \/>\n<p data-start=\"959\" data-end=\"1094\">\ud83d\udcc4\u00a0<strong data-start=\"962\" data-end=\"973\">Format:<\/strong>\u00a0PDF<br data-start=\"977\" data-end=\"980\" \/>\ud83d\udcf1\u00a0<strong data-start=\"983\" data-end=\"1022\">Kompatibel mit Handy, Tablet und PC<\/strong><br data-start=\"1022\" data-end=\"1025\" \/>\u2705\u00a0<strong data-start=\"1027\" data-end=\"1094\">Sofortiger Download nach Bezahlung \u2013 keine Zusatzsoftware n\u00f6tig<\/strong><\/p>","protected":false},"excerpt":{"rendered":"<p>Gabriel Allon 01 \u2013 Der Engl\u00e4nder Ein hochspannender Spionagethriller von Bestsellerautor Daniel Silva Inhalt:Gabriel Allon \u2013 Kunstrestaurator, Geheimagent und gebrochener Held \u2013 wird von der Vergangenheit eingeholt, als eine brutale Mordserie an j\u00fcdischen Pers\u00f6nlichkeiten ganz Europa ersch\u00fcttert. Hinter den Attentaten steckt eine eiskalte Terroristin, die einst Allons Leben zerst\u00f6rte \u2013 und jetzt ihre blutige Spur [&hellip;]<\/p>\n","protected":false},"featured_media":1018,"comment_status":"open","ping_status":"closed","template":"","meta":[],"product_brand":[],"product_cat":[39],"product_tag":[],"class_list":{"0":"post-1017","1":"product","2":"type-product","3":"status-publish","4":"has-post-thumbnail","6":"product_cat-e-book-krimi","8":"first","9":"instock","10":"sale","11":"virtual","12":"purchasable","13":"product-type-simple"},"jetpack_sharing_enabled":true,"_links":{"self":[{"href":"https:\/\/audiobook-24.com\/en\/wp-json\/wp\/v2\/product\/1017","targetHints":{"allow":["GET"]}}],"collection":[{"href":"https:\/\/audiobook-24.com\/en\/wp-json\/wp\/v2\/product"}],"about":[{"href":"https:\/\/audiobook-24.com\/en\/wp-json\/wp\/v2\/types\/product"}],"replies":[{"embeddable":true,"href":"https:\/\/audiobook-24.com\/en\/wp-json\/wp\/v2\/comments?post=1017"}],"wp:featuredmedia":[{"embeddable":true,"href":"https:\/\/audiobook-24.com\/en\/wp-json\/wp\/v2\/media\/1018"}],"wp:attachment":[{"href":"https:\/\/audiobook-24.com\/en\/wp-json\/wp\/v2\/media?parent=1017"}],"wp:term":[{"taxonomy":"product_brand","embeddable":true,"href":"https:\/\/audiobook-24.com\/en\/wp-json\/wp\/v2\/product_brand?post=1017"},{"taxonomy":"product_cat","embeddable":true,"href":"https:\/\/audiobook-24.com\/en\/wp-json\/wp\/v2\/product_cat?post=1017"},{"taxonomy":"product_tag","embeddable":true,"href":"https:\/\/audiobook-24.com\/en\/wp-json\/wp\/v2\/product_tag?post=1017"}],"curies":[{"name":"wp","href":"https:\/\/api.w.org\/{rel}","templated":true}]}}