{"id":1009,"date":"2025-11-18T11:44:36","date_gmt":"2025-11-18T11:44:36","guid":{"rendered":"https:\/\/audiobook-24.com\/?post_type=product&#038;p=1009"},"modified":"2025-11-18T11:44:36","modified_gmt":"2025-11-18T11:44:36","slug":"micky-maus-praesentiert-03-ducktales-das-feuer-von-asmabad-ein-brandheisses-abenteuer-mit-dagobert-tick-trick-track","status":"publish","type":"product","link":"https:\/\/audiobook-24.com\/en\/product\/micky-maus-praesentiert-03-ducktales-das-feuer-von-asmabad-ein-brandheisses-abenteuer-mit-dagobert-tick-trick-track\/","title":{"rendered":"Micky Maus pr\u00e4sentiert \u2013 03: DuckTales \u2013 Das Feuer von Asmabad Ein brandhei\u00dfes Abenteuer mit Dagobert, Tick, Trick &#038; Track!"},"content":{"rendered":"<h3 data-start=\"52\" data-end=\"127\">\u00a0<strong data-start=\"59\" data-end=\"125\">Micky Maus pr\u00e4sentiert \u2013 03: DuckTales \u2013 Das Feuer von Asmabad<\/strong><\/h3>\n<p data-start=\"128\" data-end=\"192\"><strong data-start=\"128\" data-end=\"192\">Ein brandhei\u00dfes Abenteuer mit Dagobert, Tick, Trick &amp; Track!<\/strong><\/p>\n<p data-start=\"199\" data-end=\"467\"><strong data-start=\"199\" data-end=\"210\">Inhalt:<\/strong><br data-start=\"210\" data-end=\"213\" \/>Ein geheimnisvolles Artefakt, eine vergessene Stadt und ein Feuer, das nie erlischt \u2013 Dagobert Duck und seine Neffen brechen auf in ein rasantes Abenteuer nach\u00a0<strong data-start=\"373\" data-end=\"384\">Asmabad<\/strong>! Doch sie sind nicht allein: finstere Schatzj\u00e4ger sind ihnen dicht auf den Fersen.<\/p>\n<p data-start=\"469\" data-end=\"724\">In dieser spannenden DuckTales-Ausgabe geraten unsere Helden in einen Wettlauf gegen die Zeit \u2013 zwischen uralten Fl\u00fcchen, brennenden Tempeln und gef\u00e4hrlichen R\u00e4tseln. Wird Dagobert am Ende wieder einmal der reichste und gerissenste Enterich der Welt sein?<\/p>\n<hr data-start=\"726\" data-end=\"729\" \/>\n<p data-start=\"731\" data-end=\"742\"><strong data-start=\"731\" data-end=\"742\">Erlebe:<\/strong><\/p>\n<ul data-start=\"744\" data-end=\"915\">\n<li data-start=\"744\" data-end=\"796\">\n<p data-start=\"746\" data-end=\"796\">Klassische DuckTales-Spannung mit Humor und Herz<\/p>\n<\/li>\n<li data-start=\"797\" data-end=\"852\">\n<p data-start=\"799\" data-end=\"852\">Detailverliebte Zeichnungen und actionreiche Panels<\/p>\n<\/li>\n<li data-start=\"853\" data-end=\"915\">\n<p data-start=\"855\" data-end=\"915\">Ein Abenteuer f\u00fcr Jung und Alt \u2013 voll Nostalgie und Spannung<\/p>\n<\/li>\n<\/ul>\n<hr data-start=\"917\" data-end=\"920\" \/>\n<p data-start=\"922\" data-end=\"1067\">\u2705\u00a0<strong data-start=\"924\" data-end=\"966\">Sofortiger PDF-Download nach Bezahlung<\/strong><br data-start=\"966\" data-end=\"969\" \/>\ud83d\udcf1\ud83d\udcbb\u00a0<strong data-start=\"974\" data-end=\"1016\">Kompatibel mit Smartphone, Tablet &amp; PC<\/strong><br data-start=\"1016\" data-end=\"1019\" \/>\ud83d\udcc4\u00a0<strong data-start=\"1022\" data-end=\"1067\">Im praktischen PDF-Format \u2013 sofort lesbar<\/strong><\/p>","protected":false},"excerpt":{"rendered":"<p>\u00a0Micky Maus pr\u00e4sentiert \u2013 03: DuckTales \u2013 Das Feuer von Asmabad Ein brandhei\u00dfes Abenteuer mit Dagobert, Tick, Trick &amp; Track! Inhalt:Ein geheimnisvolles Artefakt, eine vergessene Stadt und ein Feuer, das nie erlischt \u2013 Dagobert Duck und seine Neffen brechen auf in ein rasantes Abenteuer nach\u00a0Asmabad! Doch sie sind nicht allein: finstere Schatzj\u00e4ger sind ihnen dicht [&hellip;]<\/p>\n","protected":false},"featured_media":1010,"comment_status":"open","ping_status":"closed","template":"","meta":[],"product_brand":[],"product_cat":[38],"product_tag":[],"class_list":{"0":"post-1009","1":"product","2":"type-product","3":"status-publish","4":"has-post-thumbnail","6":"product_cat-e-book-comic","8":"first","9":"instock","10":"sale","11":"virtual","12":"purchasable","13":"product-type-simple"},"jetpack_sharing_enabled":true,"_links":{"self":[{"href":"https:\/\/audiobook-24.com\/en\/wp-json\/wp\/v2\/product\/1009","targetHints":{"allow":["GET"]}}],"collection":[{"href":"https:\/\/audiobook-24.com\/en\/wp-json\/wp\/v2\/product"}],"about":[{"href":"https:\/\/audiobook-24.com\/en\/wp-json\/wp\/v2\/types\/product"}],"replies":[{"embeddable":true,"href":"https:\/\/audiobook-24.com\/en\/wp-json\/wp\/v2\/comments?post=1009"}],"wp:featuredmedia":[{"embeddable":true,"href":"https:\/\/audiobook-24.com\/en\/wp-json\/wp\/v2\/media\/1010"}],"wp:attachment":[{"href":"https:\/\/audiobook-24.com\/en\/wp-json\/wp\/v2\/media?parent=1009"}],"wp:term":[{"taxonomy":"product_brand","embeddable":true,"href":"https:\/\/audiobook-24.com\/en\/wp-json\/wp\/v2\/product_brand?post=1009"},{"taxonomy":"product_cat","embeddable":true,"href":"https:\/\/audiobook-24.com\/en\/wp-json\/wp\/v2\/product_cat?post=1009"},{"taxonomy":"product_tag","embeddable":true,"href":"https:\/\/audiobook-24.com\/en\/wp-json\/wp\/v2\/product_tag?post=1009"}],"curies":[{"name":"wp","href":"https:\/\/api.w.org\/{rel}","templated":true}]}}