{"id":1007,"date":"2025-11-18T11:43:19","date_gmt":"2025-11-18T11:43:19","guid":{"rendered":"https:\/\/audiobook-24.com\/?post_type=product&#038;p=1007"},"modified":"2025-11-18T11:43:19","modified_gmt":"2025-11-18T11:43:19","slug":"micky-maus-praesentiert-12-der-koenig-der-loewen-ein-zeitloses-disney-meisterwerk-als-comic-abenteuer","status":"publish","type":"product","link":"https:\/\/audiobook-24.com\/en\/product\/micky-maus-praesentiert-12-der-koenig-der-loewen-ein-zeitloses-disney-meisterwerk-als-comic-abenteuer\/","title":{"rendered":"Micky Maus pr\u00e4sentiert \u2013 12: Der K\u00f6nig der L\u00f6wen Ein zeitloses Disney-Meisterwerk als Comic-Abenteuer!"},"content":{"rendered":"<h3 data-start=\"58\" data-end=\"119\"><strong data-start=\"65\" data-end=\"117\">Micky Maus pr\u00e4sentiert \u2013 12: Der K\u00f6nig der L\u00f6wen<\/strong><\/h3>\n<p data-start=\"120\" data-end=\"177\"><strong data-start=\"120\" data-end=\"177\">Ein zeitloses Disney-Meisterwerk als Comic-Abenteuer!<\/strong><\/p>\n<p data-start=\"184\" data-end=\"553\"><strong data-start=\"184\" data-end=\"195\">Inhalt:<\/strong><br data-start=\"195\" data-end=\"198\" \/>In den endlosen Weiten der afrikanischen Savanne wird der kleine L\u00f6wenprinz\u00a0<strong data-start=\"274\" data-end=\"283\">Simba<\/strong>\u00a0geboren. Doch der Weg zum K\u00f6nig ist steinig: Verrat, Verlust und gro\u00dfe Pr\u00fcfungen warten auf ihn.<br data-start=\"380\" data-end=\"383\" \/>Gemeinsam mit seinen Freunden\u00a0<strong data-start=\"413\" data-end=\"422\">Timon<\/strong>\u00a0und\u00a0<strong data-start=\"427\" data-end=\"437\">Pumbaa<\/strong>\u00a0lernt Simba, was es bedeutet, Verantwortung zu \u00fcbernehmen \u2013 und seinem Platz im Kreis des Lebens gerecht zu werden.<\/p>\n<p data-start=\"555\" data-end=\"768\">Diese wundersch\u00f6n illustrierte Comic-Adaption des legend\u00e4ren Disney-Klassikers erz\u00e4hlt die Geschichte von Mut, Freundschaft und Selbstfindung \u2013 f\u00fcr Kinder und Erwachsene gleicherma\u00dfen ein unvergessliches Erlebnis.<\/p>\n<hr data-start=\"770\" data-end=\"773\" \/>\n<p data-start=\"775\" data-end=\"790\"><strong data-start=\"775\" data-end=\"790\">Highlights:<\/strong><\/p>\n<ul data-start=\"792\" data-end=\"959\">\n<li data-start=\"792\" data-end=\"856\">\n<p data-start=\"794\" data-end=\"856\">Die komplette Geschichte von\u00a0<em data-start=\"823\" data-end=\"844\">Der K\u00f6nig der L\u00f6wen<\/em>\u00a0als Comic<\/p>\n<\/li>\n<li data-start=\"857\" data-end=\"910\">\n<p data-start=\"859\" data-end=\"910\">Emotionale Bilder und liebevoll erz\u00e4hlte Handlung<\/p>\n<\/li>\n<li data-start=\"911\" data-end=\"959\">\n<p data-start=\"913\" data-end=\"959\">Ideal f\u00fcr Fans des Films und junge Leser*innen<\/p>\n<\/li>\n<\/ul>\n<hr data-start=\"961\" data-end=\"964\" \/>\n<p data-start=\"966\" data-end=\"1121\">\u2705\u00a0<strong data-start=\"968\" data-end=\"1010\">Sofortiger PDF-Download nach Bezahlung<\/strong><br data-start=\"1010\" data-end=\"1013\" \/>\ud83d\udcf1\ud83d\udcbb\u00a0<strong data-start=\"1018\" data-end=\"1060\">Kompatibel mit Smartphone, Tablet &amp; PC<\/strong><br data-start=\"1060\" data-end=\"1063\" \/>\ud83d\udcc4\u00a0<strong data-start=\"1066\" data-end=\"1121\">Praktisches PDF-Format \u2013 keine Zusatzsoftware n\u00f6tig<\/strong><\/p>","protected":false},"excerpt":{"rendered":"<p>Micky Maus pr\u00e4sentiert \u2013 12: Der K\u00f6nig der L\u00f6wen Ein zeitloses Disney-Meisterwerk als Comic-Abenteuer! Inhalt:In den endlosen Weiten der afrikanischen Savanne wird der kleine L\u00f6wenprinz\u00a0Simba\u00a0geboren. Doch der Weg zum K\u00f6nig ist steinig: Verrat, Verlust und gro\u00dfe Pr\u00fcfungen warten auf ihn.Gemeinsam mit seinen Freunden\u00a0Timon\u00a0und\u00a0Pumbaa\u00a0lernt Simba, was es bedeutet, Verantwortung zu \u00fcbernehmen \u2013 und seinem Platz im [&hellip;]<\/p>\n","protected":false},"featured_media":1008,"comment_status":"open","ping_status":"closed","template":"","meta":[],"product_brand":[],"product_cat":[38],"product_tag":[],"class_list":{"0":"post-1007","1":"product","2":"type-product","3":"status-publish","4":"has-post-thumbnail","6":"product_cat-e-book-comic","8":"first","9":"instock","10":"sale","11":"virtual","12":"purchasable","13":"product-type-simple"},"jetpack_sharing_enabled":true,"_links":{"self":[{"href":"https:\/\/audiobook-24.com\/en\/wp-json\/wp\/v2\/product\/1007","targetHints":{"allow":["GET"]}}],"collection":[{"href":"https:\/\/audiobook-24.com\/en\/wp-json\/wp\/v2\/product"}],"about":[{"href":"https:\/\/audiobook-24.com\/en\/wp-json\/wp\/v2\/types\/product"}],"replies":[{"embeddable":true,"href":"https:\/\/audiobook-24.com\/en\/wp-json\/wp\/v2\/comments?post=1007"}],"wp:featuredmedia":[{"embeddable":true,"href":"https:\/\/audiobook-24.com\/en\/wp-json\/wp\/v2\/media\/1008"}],"wp:attachment":[{"href":"https:\/\/audiobook-24.com\/en\/wp-json\/wp\/v2\/media?parent=1007"}],"wp:term":[{"taxonomy":"product_brand","embeddable":true,"href":"https:\/\/audiobook-24.com\/en\/wp-json\/wp\/v2\/product_brand?post=1007"},{"taxonomy":"product_cat","embeddable":true,"href":"https:\/\/audiobook-24.com\/en\/wp-json\/wp\/v2\/product_cat?post=1007"},{"taxonomy":"product_tag","embeddable":true,"href":"https:\/\/audiobook-24.com\/en\/wp-json\/wp\/v2\/product_tag?post=1007"}],"curies":[{"name":"wp","href":"https:\/\/api.w.org\/{rel}","templated":true}]}}