{"id":1005,"date":"2025-11-18T11:41:44","date_gmt":"2025-11-18T11:41:44","guid":{"rendered":"https:\/\/audiobook-24.com\/?post_type=product&#038;p=1005"},"modified":"2025-11-18T11:41:44","modified_gmt":"2025-11-18T11:41:44","slug":"r-l-stine-gaensehaut-das-geisterauto-wenn-der-motor-heult-ist-es-laengst-zu-spaet","status":"publish","type":"product","link":"https:\/\/audiobook-24.com\/en\/product\/r-l-stine-gaensehaut-das-geisterauto-wenn-der-motor-heult-ist-es-laengst-zu-spaet\/","title":{"rendered":"R. L. Stine \u2013 G\u00e4nsehaut: Das Geisterauto Wenn der Motor heult, ist es l\u00e4ngst zu sp\u00e4t \u2026"},"content":{"rendered":"<h3 data-start=\"53\" data-end=\"108\"><strong data-start=\"62\" data-end=\"106\">R. L. Stine \u2013 G\u00e4nsehaut: Das Geisterauto<\/strong><\/h3>\n<p data-start=\"109\" data-end=\"160\"><strong data-start=\"109\" data-end=\"160\">Wenn der Motor heult, ist es l\u00e4ngst zu sp\u00e4t \u2026<\/strong><\/p>\n<p data-start=\"167\" data-end=\"461\"><strong data-start=\"167\" data-end=\"178\">Inhalt:<\/strong><br data-start=\"178\" data-end=\"181\" \/>Max liebt alte Autos \u2013 bis er dem\u00a0<strong data-start=\"215\" data-end=\"230\">Geisterauto<\/strong>\u00a0begegnet. Ein rostiger, schwarzer Oldtimer, der ohne Fahrer auftaucht \u2026 und wieder verschwindet. Doch was als Neugier beginnt, wird bald zum Albtraum. Denn das Auto hat seinen eigenen Willen \u2013 und es hat\u00a0<strong data-start=\"435\" data-end=\"460\">Max als n\u00e4chstes Ziel<\/strong>.<\/p>\n<p data-start=\"463\" data-end=\"654\">Ein schauriger Thriller aus der beliebten\u00a0<strong data-start=\"505\" data-end=\"524\">G\u00e4nsehaut-Reihe<\/strong>\u00a0von Bestsellerautor\u00a0<strong data-start=\"545\" data-end=\"560\">R. L. Stine<\/strong>. Voller Spannung, \u00fcbernat\u00fcrlicher Ph\u00e4nomene und einem Ende, das du so schnell nicht vergisst!<\/p>\n<hr data-start=\"656\" data-end=\"659\" \/>\n<p data-start=\"661\" data-end=\"675\"><strong data-start=\"661\" data-end=\"675\">Ideal f\u00fcr:<\/strong><\/p>\n<ul data-start=\"676\" data-end=\"843\">\n<li data-start=\"676\" data-end=\"732\">\n<p data-start=\"678\" data-end=\"732\">Fans von G\u00e4nsehaut, Gruselgeschichten &amp; Jugendhorror<\/p>\n<\/li>\n<li data-start=\"733\" data-end=\"800\">\n<p data-start=\"735\" data-end=\"800\">Lesehungrige ab ca. 10 Jahren (und jung gebliebene Erwachsene!)<\/p>\n<\/li>\n<li data-start=\"801\" data-end=\"843\">\n<p data-start=\"803\" data-end=\"843\">Spannende Lesestunden mit Gruselgarantie<\/p>\n<\/li>\n<\/ul>\n<hr data-start=\"845\" data-end=\"848\" \/>\n<p data-start=\"850\" data-end=\"1004\">\u2705\u00a0<strong data-start=\"852\" data-end=\"894\">Sofortiger PDF-Download nach Bezahlung<\/strong><br data-start=\"894\" data-end=\"897\" \/>\ud83d\udcf1\ud83d\udcbb\u00a0<strong data-start=\"902\" data-end=\"944\">Kompatibel mit Smartphone, Tablet &amp; PC<\/strong><br data-start=\"944\" data-end=\"947\" \/>\ud83d\udcc4\u00a0<strong data-start=\"950\" data-end=\"1004\">Im PDF-Format \u2013 direkt lesbar, ohne Zusatzsoftware<\/strong><\/p>","protected":false},"excerpt":{"rendered":"<p>R. L. Stine \u2013 G\u00e4nsehaut: Das Geisterauto Wenn der Motor heult, ist es l\u00e4ngst zu sp\u00e4t \u2026 Inhalt:Max liebt alte Autos \u2013 bis er dem\u00a0Geisterauto\u00a0begegnet. Ein rostiger, schwarzer Oldtimer, der ohne Fahrer auftaucht \u2026 und wieder verschwindet. Doch was als Neugier beginnt, wird bald zum Albtraum. Denn das Auto hat seinen eigenen Willen \u2013 und [&hellip;]<\/p>\n","protected":false},"featured_media":1006,"comment_status":"open","ping_status":"closed","template":"","meta":[],"product_brand":[],"product_cat":[38],"product_tag":[],"class_list":{"0":"post-1005","1":"product","2":"type-product","3":"status-publish","4":"has-post-thumbnail","6":"product_cat-e-book-comic","8":"first","9":"instock","10":"sale","11":"virtual","12":"purchasable","13":"product-type-simple"},"jetpack_sharing_enabled":true,"_links":{"self":[{"href":"https:\/\/audiobook-24.com\/en\/wp-json\/wp\/v2\/product\/1005","targetHints":{"allow":["GET"]}}],"collection":[{"href":"https:\/\/audiobook-24.com\/en\/wp-json\/wp\/v2\/product"}],"about":[{"href":"https:\/\/audiobook-24.com\/en\/wp-json\/wp\/v2\/types\/product"}],"replies":[{"embeddable":true,"href":"https:\/\/audiobook-24.com\/en\/wp-json\/wp\/v2\/comments?post=1005"}],"wp:featuredmedia":[{"embeddable":true,"href":"https:\/\/audiobook-24.com\/en\/wp-json\/wp\/v2\/media\/1006"}],"wp:attachment":[{"href":"https:\/\/audiobook-24.com\/en\/wp-json\/wp\/v2\/media?parent=1005"}],"wp:term":[{"taxonomy":"product_brand","embeddable":true,"href":"https:\/\/audiobook-24.com\/en\/wp-json\/wp\/v2\/product_brand?post=1005"},{"taxonomy":"product_cat","embeddable":true,"href":"https:\/\/audiobook-24.com\/en\/wp-json\/wp\/v2\/product_cat?post=1005"},{"taxonomy":"product_tag","embeddable":true,"href":"https:\/\/audiobook-24.com\/en\/wp-json\/wp\/v2\/product_tag?post=1005"}],"curies":[{"name":"wp","href":"https:\/\/api.w.org\/{rel}","templated":true}]}}