{"id":1001,"date":"2025-11-18T11:37:02","date_gmt":"2025-11-18T11:37:02","guid":{"rendered":"https:\/\/audiobook-24.com\/?post_type=product&#038;p=1001"},"modified":"2025-11-18T11:37:03","modified_gmt":"2025-11-18T11:37:03","slug":"marvel-now-deadpool-05-die-hochzeit-der-tag-an-dem-der-soeldner-mit-der-grossen-klappe-ja-sagt","status":"publish","type":"product","link":"https:\/\/audiobook-24.com\/en\/product\/marvel-now-deadpool-05-die-hochzeit-der-tag-an-dem-der-soeldner-mit-der-grossen-klappe-ja-sagt\/","title":{"rendered":"Marvel Now! \u2013 Deadpool 05: Die Hochzeit Der Tag, an dem der S\u00f6ldner mit der gro\u00dfen Klappe \u201eJa\u201c sagt!"},"content":{"rendered":"<h3 data-start=\"43\" data-end=\"95\"><strong data-start=\"50\" data-end=\"93\">Marvel Now! \u2013 Deadpool 05: Die Hochzeit<\/strong><\/h3>\n<p data-start=\"96\" data-end=\"160\"><strong data-start=\"96\" data-end=\"160\">Der Tag, an dem der S\u00f6ldner mit der gro\u00dfen Klappe \u201eJa\u201c sagt!<\/strong><\/p>\n<p data-start=\"167\" data-end=\"527\"><strong data-start=\"167\" data-end=\"178\">Inhalt:<\/strong><br data-start=\"178\" data-end=\"181\" \/>Man h\u00e4tte es nicht f\u00fcr m\u00f6glich gehalten, aber\u00a0<strong data-start=\"227\" data-end=\"248\">Deadpool heiratet<\/strong>! In diesem besonderen Band wird der wohl verr\u00fcckteste Held des Marvel-Universums Ehemann \u2013 nat\u00fcrlich auf seine ganz eigene, absurde Weise. Freu dich auf ein spektakul\u00e4res, chaotisches Hochzeits-Special voller Gastauftritte, R\u00fcckblicke und einem Schuss Romantik (Deadpool-Style).<\/p>\n<p data-start=\"529\" data-end=\"689\">Neben der eigentlichen Hochzeit gibt\u2019s zahlreiche Bonus-Storys, die tief in Deadpools Vergangenheit eintauchen \u2013 teils witzig, teils d\u00fcster, immer unterhaltsam!<\/p>\n<p data-start=\"691\" data-end=\"698\">Erlebe:<\/p>\n<ul data-start=\"700\" data-end=\"914\">\n<li data-start=\"700\" data-end=\"752\">\n<p data-start=\"702\" data-end=\"752\">Die skurrilste Hochzeit in der Marvel-Geschichte<\/p>\n<\/li>\n<li data-start=\"753\" data-end=\"809\">\n<p data-start=\"755\" data-end=\"809\">Gastauftritte von vielen Marvel-Helden und -Schurken<\/p>\n<\/li>\n<li data-start=\"810\" data-end=\"863\">\n<p data-start=\"812\" data-end=\"863\">Bonusgeschichten mit R\u00fcckblicken und Absurdit\u00e4ten<\/p>\n<\/li>\n<li data-start=\"864\" data-end=\"914\">\n<p data-start=\"866\" data-end=\"914\">Deadpool zwischen Liebe, Wahnsinn und Kugelhagel<\/p>\n<\/li>\n<\/ul>\n<hr data-start=\"916\" data-end=\"919\" \/>\n<p data-start=\"921\" data-end=\"1070\">\u2705\u00a0<strong data-start=\"923\" data-end=\"965\">Sofortiger PDF-Download nach Bezahlung<\/strong><br data-start=\"965\" data-end=\"968\" \/>\ud83d\udcf1\ud83d\udcbb\u00a0<strong data-start=\"973\" data-end=\"1014\">Optimiert f\u00fcr Smartphone, Tablet &amp; PC<\/strong><br data-start=\"1014\" data-end=\"1017\" \/>\ud83d\udcc4\u00a0<strong data-start=\"1020\" data-end=\"1070\">PDF-Format \u2013 sofort lesbar ohne Zusatzsoftware<\/strong><\/p>","protected":false},"excerpt":{"rendered":"<p>Marvel Now! \u2013 Deadpool 05: Die Hochzeit Der Tag, an dem der S\u00f6ldner mit der gro\u00dfen Klappe \u201eJa\u201c sagt! Inhalt:Man h\u00e4tte es nicht f\u00fcr m\u00f6glich gehalten, aber\u00a0Deadpool heiratet! In diesem besonderen Band wird der wohl verr\u00fcckteste Held des Marvel-Universums Ehemann \u2013 nat\u00fcrlich auf seine ganz eigene, absurde Weise. Freu dich auf ein spektakul\u00e4res, chaotisches Hochzeits-Special [&hellip;]<\/p>\n","protected":false},"featured_media":1002,"comment_status":"open","ping_status":"closed","template":"","meta":[],"product_brand":[],"product_cat":[38],"product_tag":[],"class_list":{"0":"post-1001","1":"product","2":"type-product","3":"status-publish","4":"has-post-thumbnail","6":"product_cat-e-book-comic","8":"first","9":"instock","10":"sale","11":"virtual","12":"purchasable","13":"product-type-simple"},"jetpack_sharing_enabled":true,"_links":{"self":[{"href":"https:\/\/audiobook-24.com\/en\/wp-json\/wp\/v2\/product\/1001","targetHints":{"allow":["GET"]}}],"collection":[{"href":"https:\/\/audiobook-24.com\/en\/wp-json\/wp\/v2\/product"}],"about":[{"href":"https:\/\/audiobook-24.com\/en\/wp-json\/wp\/v2\/types\/product"}],"replies":[{"embeddable":true,"href":"https:\/\/audiobook-24.com\/en\/wp-json\/wp\/v2\/comments?post=1001"}],"wp:featuredmedia":[{"embeddable":true,"href":"https:\/\/audiobook-24.com\/en\/wp-json\/wp\/v2\/media\/1002"}],"wp:attachment":[{"href":"https:\/\/audiobook-24.com\/en\/wp-json\/wp\/v2\/media?parent=1001"}],"wp:term":[{"taxonomy":"product_brand","embeddable":true,"href":"https:\/\/audiobook-24.com\/en\/wp-json\/wp\/v2\/product_brand?post=1001"},{"taxonomy":"product_cat","embeddable":true,"href":"https:\/\/audiobook-24.com\/en\/wp-json\/wp\/v2\/product_cat?post=1001"},{"taxonomy":"product_tag","embeddable":true,"href":"https:\/\/audiobook-24.com\/en\/wp-json\/wp\/v2\/product_tag?post=1001"}],"curies":[{"name":"wp","href":"https:\/\/api.w.org\/{rel}","templated":true}]}}