{"id":40,"date":"2025-11-14T15:44:05","date_gmt":"2025-11-14T15:44:05","guid":{"rendered":"https:\/\/audiobook-24.com\/impressum\/"},"modified":"2026-01-31T19:48:47","modified_gmt":"2026-01-31T19:48:47","slug":"impressum","status":"publish","type":"page","link":"https:\/\/audiobook-24.com\/en\/impressum\/","title":{"rendered":"Impressum"},"content":{"rendered":"<div class=\"wp-block-group alignfull has-background-background-color has-background has-global-padding is-layout-constrained wp-container-core-group-is-layout-adba22f5 wp-block-group-is-layout-constrained\" style=\"margin-top:0;margin-bottom:0;padding-top:var(--wp--preset--spacing--60);padding-bottom:var(--wp--preset--spacing--60)\">\n<p class=\"has-medium-font-size\"> <strong>IMPRESSUM<\/strong><br><br> <strong>Website-Betreiber:<\/strong><br> <strong>Audiobook-24.com<\/strong><\/p>\n\n\n\n<p><strong>Rue De La Croix Nivert 200<\/strong><\/p>\n\n\n\n<p><strong>PLZ 75015&nbsp; &nbsp;Paris \/ Frankreich<\/strong><\/p>\n\n\n\n<p><strong>Emaail support@audiobook-24.com<\/strong><br><br> <strong>Kontaktinformationen:<\/strong><br> <strong>Audiobook-24.com<\/strong><strong><\/strong><\/p>\n\n\n\n<p><strong>Email support@audiobook-24.com<\/strong><br><br> <strong>Vertretungsberechtigte Person:<\/strong><br> V. B\u00e4umer <br> (Gesch\u00e4ftsf\u00fchrer\/in)<br><br> <br><br> <strong>Letzte Aktualisierung:<\/strong><br> ((20.10.2015))<\/p>\n\n\n\n<h2 class=\"wp-block-heading\">KONTAKT an UNS<\/h2>\n\n\n<div class=\"wp-block-jetpack-contact-form is-layout-flex wp-container-jetpack-contact-form-is-layout-2b4208ba wp-block-jetpack-contact-form-is-layout-flex\"><a href=\"https:\/\/audiobook-24.com\/en\/impressum\/\" target=\"_blank\" rel=\"noopener noreferrer\">Submit a form.<\/a><\/div><\/div>","protected":false},"excerpt":{"rendered":"<p>IMPRESSUM Website-Betreiber: Audiobook-24.com Rue De La Croix Nivert 200 PLZ 75015&nbsp; &nbsp;Paris \/ Frankreich Emaail support@audiobook-24.com Kontaktinformationen: Audiobook-24.com Email support@audiobook-24.com Vertretungsberechtigte Person: V. B\u00e4umer (Gesch\u00e4ftsf\u00fchrer\/in) Letzte Aktualisierung: ((20.10.2015)) KONTAKT an UNS<\/p>","protected":false},"author":1,"featured_media":0,"parent":0,"menu_order":0,"comment_status":"open","ping_status":"closed","template":"page-with-title","meta":{"footnotes":""},"class_list":["post-40","page","type-page","status-publish","hentry"],"jetpack_sharing_enabled":true,"_links":{"self":[{"href":"https:\/\/audiobook-24.com\/en\/wp-json\/wp\/v2\/pages\/40","targetHints":{"allow":["GET"]}}],"collection":[{"href":"https:\/\/audiobook-24.com\/en\/wp-json\/wp\/v2\/pages"}],"about":[{"href":"https:\/\/audiobook-24.com\/en\/wp-json\/wp\/v2\/types\/page"}],"author":[{"embeddable":true,"href":"https:\/\/audiobook-24.com\/en\/wp-json\/wp\/v2\/users\/1"}],"replies":[{"embeddable":true,"href":"https:\/\/audiobook-24.com\/en\/wp-json\/wp\/v2\/comments?post=40"}],"version-history":[{"count":19,"href":"https:\/\/audiobook-24.com\/en\/wp-json\/wp\/v2\/pages\/40\/revisions"}],"predecessor-version":[{"id":2581,"href":"https:\/\/audiobook-24.com\/en\/wp-json\/wp\/v2\/pages\/40\/revisions\/2581"}],"wp:attachment":[{"href":"https:\/\/audiobook-24.com\/en\/wp-json\/wp\/v2\/media?parent=40"}],"curies":[{"name":"wp","href":"https:\/\/api.w.org\/{rel}","templated":true}]}}