{"id":36,"date":"2025-11-27T22:10:36","date_gmt":"2025-11-27T22:10:36","guid":{"rendered":"https:\/\/audiobook-24.com\/?page_id=36"},"modified":"2025-11-27T22:43:35","modified_gmt":"2025-11-27T22:43:35","slug":"datenschutz","status":"publish","type":"page","link":"https:\/\/audiobook-24.com\/en\/datenschutz\/","title":{"rendered":"Datenschutz."},"content":{"rendered":"<div class=\"wp-block-group alignfull has-background-background-color has-background has-global-padding is-layout-constrained wp-container-core-group-is-layout-7276a2bb wp-block-group-is-layout-constrained\" style=\"margin-top:0;margin-bottom:0;padding-top:var(--wp--preset--spacing--60);padding-right:var(--wp--preset--spacing--30);padding-bottom:var(--wp--preset--spacing--60);padding-left:var(--wp--preset--spacing--30)\">\n<div class=\"wp-block-columns alignwide are-vertically-aligned-center is-layout-flex wp-container-core-columns-is-layout-47c06fe3 wp-block-columns-is-layout-flex\">\n<div class=\"wp-block-column is-vertically-aligned-center is-layout-flow wp-block-column-is-layout-flow\" style=\"flex-basis:33.3%\">\n<h2 class=\"wp-block-heading has-large-font-size\">Entdecken Sie, wie wir Ihre Daten sch\u00fctzen und respektieren.<\/h2>\n\n\n\n<p style=\"margin-top:16px\">Dieser Teil erl\u00e4utert die Grunds\u00e4tze von Audiobook-24, die den verantwortungsvollen Umgang mit Nutzerdaten gew\u00e4hrleisten und den Schutz Ihrer Privatsph\u00e4re sicherstellen.<\/p>\n<\/div>\n\n\n\n<div class=\"wp-block-column is-vertically-aligned-center is-layout-flow wp-container-core-column-is-layout-f5bb311e wp-block-column-is-layout-flow\" style=\"flex-basis:50%\">\n<figure class=\"wp-block-gallery has-nested-images columns-default is-cropped wp-block-gallery-1 is-layout-flex wp-block-gallery-is-layout-flex\">\n<figure class=\"wp-block-image\"><img loading=\"lazy\" decoding=\"async\" width=\"1440\" height=\"960\" data-id=\"1697\" class=\"wp-image-1697\" src=\"https:\/\/audiobook-24.com\/wp-content\/uploads\/2025\/11\/42159e0293fb09d1617b81f3b1e009c39eead6b0.jpg\" alt=\"\" style=\"aspect-ratio:3\/4;object-fit:cover\" srcset=\"https:\/\/audiobook-24.com\/wp-content\/uploads\/2025\/11\/42159e0293fb09d1617b81f3b1e009c39eead6b0.jpg 1440w, https:\/\/audiobook-24.com\/wp-content\/uploads\/2025\/11\/42159e0293fb09d1617b81f3b1e009c39eead6b0-300x200.jpg 300w, https:\/\/audiobook-24.com\/wp-content\/uploads\/2025\/11\/42159e0293fb09d1617b81f3b1e009c39eead6b0-1024x683.jpg 1024w, https:\/\/audiobook-24.com\/wp-content\/uploads\/2025\/11\/42159e0293fb09d1617b81f3b1e009c39eead6b0-768x512.jpg 768w, https:\/\/audiobook-24.com\/wp-content\/uploads\/2025\/11\/42159e0293fb09d1617b81f3b1e009c39eead6b0-600x400.jpg 600w\" sizes=\"auto, (max-width: 1440px) 100vw, 1440px\" \/><\/figure>\n\n\n\n<figure class=\"wp-block-image\"><img loading=\"lazy\" decoding=\"async\" width=\"1440\" height=\"960\" data-id=\"1698\" class=\"wp-image-1698\" src=\"https:\/\/audiobook-24.com\/wp-content\/uploads\/2025\/11\/7b676f8d169b73870aec7bfae60a080095ae7954.jpg\" alt=\"\" style=\"aspect-ratio:3\/4;object-fit:cover\" srcset=\"https:\/\/audiobook-24.com\/wp-content\/uploads\/2025\/11\/7b676f8d169b73870aec7bfae60a080095ae7954.jpg 1440w, https:\/\/audiobook-24.com\/wp-content\/uploads\/2025\/11\/7b676f8d169b73870aec7bfae60a080095ae7954-300x200.jpg 300w, https:\/\/audiobook-24.com\/wp-content\/uploads\/2025\/11\/7b676f8d169b73870aec7bfae60a080095ae7954-1024x683.jpg 1024w, https:\/\/audiobook-24.com\/wp-content\/uploads\/2025\/11\/7b676f8d169b73870aec7bfae60a080095ae7954-768x512.jpg 768w, https:\/\/audiobook-24.com\/wp-content\/uploads\/2025\/11\/7b676f8d169b73870aec7bfae60a080095ae7954-600x400.jpg 600w\" sizes=\"auto, (max-width: 1440px) 100vw, 1440px\" \/><\/figure>\n<\/figure>\n<\/div>\n<\/div>\n<\/div>\n\n\n\n<div class=\"wp-block-group alignfull has-tertiary-background-color has-background has-global-padding is-layout-constrained wp-container-core-group-is-layout-7276a2bb wp-block-group-is-layout-constrained\" style=\"margin-top:0;margin-bottom:0;padding-top:var(--wp--preset--spacing--60);padding-right:var(--wp--preset--spacing--30);padding-bottom:var(--wp--preset--spacing--60);padding-left:var(--wp--preset--spacing--30)\">\n<div class=\"wp-block-group alignwide is-vertical is-layout-flex wp-container-core-group-is-layout-fe9cc265 wp-block-group-is-layout-flex\">\n<div class=\"wp-block-group alignwide has-global-padding is-content-justification-center is-layout-constrained wp-block-group-is-layout-constrained\">\n<h2 class=\"wp-block-heading has-large-font-size\">H\u00e4ufig gestellte Fragen zum Datenschutz<\/h2>\n\n\n\n<p style=\"margin-top:16px\">Hier beantworten wir zentrale Fragen, damit Sie sich \u00fcber unsere Datenschutzpraktiken umfassend informieren k\u00f6nnen.<\/p>\n<\/div>\n<\/div>\n\n\n\n<div class=\"wp-block-columns alignwide is-layout-flex wp-container-core-columns-is-layout-47c06fe3 wp-block-columns-is-layout-flex\">\n<div class=\"wp-block-column is-layout-flow wp-block-column-is-layout-flow\">\n<h3 class=\"wp-block-heading\" style=\"font-size:clamp(14px, 0.875rem + ((1vw - 3.2px) * 0.625), 20px);line-height:1.5\">Welche personenbezogenen Daten werden auf Audiobook-24 erhoben?<\/h3>\n\n\n\n<p class=\"has-small-font-size\" style=\"margin-top:8px\">Wir erfassen nur die Daten, die f\u00fcr die Nutzung unserer Dienste notwendig sind, wie Name und E-Mail-Adresse.<\/p>\n<\/div>\n\n\n\n<div class=\"wp-block-column is-layout-flow wp-block-column-is-layout-flow\">\n<h3 class=\"wp-block-heading\" style=\"font-size:clamp(14px, 0.875rem + ((1vw - 3.2px) * 0.625), 20px);line-height:1.5\">Wie verwendet Audiobook-24 Cookies?<\/h3>\n\n\n\n<p class=\"has-small-font-size\" style=\"margin-top:8px\">Cookies helfen uns, Ihre Pr\u00e4ferenzen zu speichern und die Website-Erfahrung zu verbessern.<\/p>\n<\/div>\n<\/div>\n\n\n\n<div class=\"wp-block-columns alignwide is-layout-flex wp-container-core-columns-is-layout-47c06fe3 wp-block-columns-is-layout-flex\">\n<div class=\"wp-block-column is-layout-flow wp-block-column-is-layout-flow\">\n<h3 class=\"wp-block-heading\" style=\"font-size:clamp(14px, 0.875rem + ((1vw - 3.2px) * 0.625), 20px);line-height:1.5\">Wie sch\u00fctzt Audiobook-24 meine Daten?<\/h3>\n\n\n\n<p class=\"has-small-font-size\" style=\"margin-top:8px\">Wir setzen moderne Sicherheitsma\u00dfnahmen ein, um Ihre Informationen jederzeit zu sch\u00fctzen.<\/p>\n<\/div>\n\n\n\n<div class=\"wp-block-column is-layout-flow wp-block-column-is-layout-flow\">\n<h3 class=\"wp-block-heading\" style=\"font-size:clamp(14px, 0.875rem + ((1vw - 3.2px) * 0.625), 20px);line-height:1.5\">Welche Rechte habe ich bez\u00fcglich meiner Daten?<\/h3>\n\n\n\n<p class=\"has-small-font-size\" style=\"margin-top:8px\">Sie k\u00f6nnen jederzeit Auskunft verlangen, Daten berichtigen lassen oder der Verarbeitung widersprechen.<\/p>\n<\/div>\n<\/div>\n<\/div>\n\n\n\n<div class=\"wp-block-group alignfull has-background-background-color has-background has-global-padding is-layout-constrained wp-container-core-group-is-layout-7276a2bb wp-block-group-is-layout-constrained\" style=\"margin-top:0;margin-bottom:0;padding-top:var(--wp--preset--spacing--60);padding-right:var(--wp--preset--spacing--30);padding-bottom:var(--wp--preset--spacing--60);padding-left:var(--wp--preset--spacing--30)\">\n<div class=\"wp-block-group alignwide is-vertical is-layout-flex wp-container-core-group-is-layout-fe9cc265 wp-block-group-is-layout-flex\">\n<div class=\"wp-block-group has-global-padding is-layout-constrained wp-block-group-is-layout-constrained\">\n<h2 class=\"wp-block-heading has-large-font-size\">Essenzielle Informationen zum Datenschutz bei Audiobook-24<\/h2>\n\n\n\n<p style=\"margin-top:16px\">Hier erfahren Sie, wie Audiobook-24 personenbezogene Daten sch\u00fctzt und verarbeitet.<\/p>\n<\/div>\n<\/div>\n\n\n\n<div class=\"wp-block-columns alignwide are-vertically-aligned-center is-layout-flex wp-container-core-columns-is-layout-28f84493 wp-block-columns-is-layout-flex\">\n<div class=\"wp-block-column is-vertically-aligned-center is-layout-flow wp-block-column-is-layout-flow\">\n<figure class=\"wp-block-image ext-aspect-landscape\"><img loading=\"lazy\" decoding=\"async\" width=\"1440\" height=\"754\" class=\"wp-image-1699\" src=\"https:\/\/audiobook-24.com\/wp-content\/uploads\/2025\/11\/4a02d15e0bb569939c8803257221ad2f624dae2c.jpg\" alt=\"\" style=\"aspect-ratio:4\/3;object-fit:cover\" srcset=\"https:\/\/audiobook-24.com\/wp-content\/uploads\/2025\/11\/4a02d15e0bb569939c8803257221ad2f624dae2c.jpg 1440w, https:\/\/audiobook-24.com\/wp-content\/uploads\/2025\/11\/4a02d15e0bb569939c8803257221ad2f624dae2c-300x157.jpg 300w, https:\/\/audiobook-24.com\/wp-content\/uploads\/2025\/11\/4a02d15e0bb569939c8803257221ad2f624dae2c-1024x536.jpg 1024w, https:\/\/audiobook-24.com\/wp-content\/uploads\/2025\/11\/4a02d15e0bb569939c8803257221ad2f624dae2c-768x402.jpg 768w, https:\/\/audiobook-24.com\/wp-content\/uploads\/2025\/11\/4a02d15e0bb569939c8803257221ad2f624dae2c-600x314.jpg 600w\" sizes=\"auto, (max-width: 1440px) 100vw, 1440px\" \/><\/figure>\n<\/div>\n\n\n\n<div class=\"wp-block-column is-vertically-aligned-center is-layout-flow wp-container-core-column-is-layout-5dafc681 wp-block-column-is-layout-flow\">\n<div class=\"wp-block-columns alignwide is-layout-flex wp-container-core-columns-is-layout-d0846407 wp-block-columns-is-layout-flex\">\n<div class=\"wp-block-column is-layout-flow wp-block-column-is-layout-flow\">\n<h3 class=\"wp-block-heading has-text-align-center has-primary-color has-text-color has-x-large-font-size\">1<\/h3>\n\n\n\n<h3 class=\"wp-block-heading has-text-align-center has-medium-font-size\" style=\"margin-top:16px\">Verantwortlicher<\/h3>\n\n\n\n<p class=\"has-text-align-center has-small-font-size\" style=\"margin-top:8px\">Audiobook-24 ist verantwortlich f\u00fcr den Schutz und die Verarbeitung Ihrer Daten.<\/p>\n<\/div>\n\n\n\n<div class=\"wp-block-column is-layout-flow wp-block-column-is-layout-flow\">\n<h3 class=\"wp-block-heading has-text-align-center has-primary-color has-text-color has-x-large-font-size\">2<\/h3>\n\n\n\n<h3 class=\"wp-block-heading has-text-align-center has-medium-font-size\" style=\"margin-top:16px\">Datenverarbeitung<\/h3>\n\n\n\n<p class=\"has-text-align-center has-small-font-size\" style=\"margin-top:8px\">Wir erl\u00e4utern ausf\u00fchrlich, welche personenbezogenen Daten erhoben und genutzt werden.<\/p>\n<\/div>\n<\/div>\n\n\n\n<div class=\"wp-block-columns alignwide is-layout-flex wp-container-core-columns-is-layout-d0846407 wp-block-columns-is-layout-flex\">\n<div class=\"wp-block-column is-layout-flow wp-block-column-is-layout-flow\">\n<h3 class=\"wp-block-heading has-text-align-center has-primary-color has-text-color has-x-large-font-size\">3<\/h3>\n\n\n\n<h3 class=\"wp-block-heading has-text-align-center has-medium-font-size\" style=\"margin-top:16px\">Nutzerrechte<\/h3>\n\n\n\n<p class=\"has-text-align-center has-small-font-size\" style=\"margin-top:8px\">Sie haben das Recht auf Auskunft, Berichtigung und L\u00f6schung Ihrer Daten.<\/p>\n<\/div>\n\n\n\n<div class=\"wp-block-column is-layout-flow wp-block-column-is-layout-flow\">\n<h3 class=\"wp-block-heading has-text-align-center has-primary-color has-text-color has-x-large-font-size\">4<\/h3>\n\n\n\n<h3 class=\"wp-block-heading has-text-align-center has-medium-font-size\" style=\"margin-top:16px\">Datensicherheit<\/h3>\n\n\n\n<p class=\"has-text-align-center has-small-font-size\" style=\"margin-top:8px\">Audiobook-24 setzt moderne Ma\u00dfnahmen ein, um Ihre Daten zu sch\u00fctzen.<\/p>\n<\/div>\n<\/div>\n<\/div>\n<\/div>\n<\/div>\n\n\n\n<div class=\"wp-block-group alignfull has-tertiary-background-color has-background has-global-padding is-layout-constrained wp-container-core-group-is-layout-7276a2bb wp-block-group-is-layout-constrained\" style=\"margin-top:0;margin-bottom:0;padding-top:var(--wp--preset--spacing--60);padding-right:var(--wp--preset--spacing--30);padding-bottom:var(--wp--preset--spacing--60);padding-left:var(--wp--preset--spacing--30)\">\n<div class=\"wp-block-group alignwide has-global-padding is-content-justification-center is-layout-constrained wp-block-group-is-layout-constrained\">\n<h2 class=\"wp-block-heading has-text-align-center has-large-font-size\">Vertrauen schaffen durch Transparenz und Sicherheit<\/h2>\n\n\n\n<p class=\"has-text-align-center\" style=\"margin-top:16px\">Hier erl\u00e4utern wir unsere Datenschutzstandards, technische Schutzma\u00dfnahmen und branchenspezifische Zertifizierungen, die Ihre Daten sicher bewahren.<\/p>\n<\/div>\n\n\n\n<div class=\"wp-block-columns alignwide is-layout-flex wp-container-core-columns-is-layout-28f84493 wp-block-columns-is-layout-flex\">\n<div class=\"wp-block-column is-layout-flow wp-block-column-is-layout-flow\">\n<div class=\"wp-block-group has-global-padding is-layout-constrained wp-block-group-is-layout-constrained\">\n<div class=\"wp-block-group is-content-justification-center is-nowrap is-layout-flex wp-container-core-group-is-layout-23441af8 wp-block-group-is-layout-flex\">\n<div class=\"wp-block-group wp-container-content-fd3097a4 is-content-justification-center is-nowrap is-layout-flex wp-container-core-group-is-layout-23441af8 wp-block-group-is-layout-flex\" style=\"border-radius:100px;min-height:48px\">\n<figure class=\"wp-block-image aligncenter size-large wp-duotone-secondary-and-primary\"><img decoding=\"async\" src=\"data:image\/svg+xml;base64,PHN2ZyB4bWxucz0iaHR0cDovL3d3dy53My5vcmcvMjAwMC9zdmciIGhlaWdodD0iNDhweCIgdmlld0JveD0iMCAtOTYwIDk2MCA5NjAiIHdpZHRoPSI0OHB4IiBmaWxsPSIjMWUxZTFlIj48cGF0aCBkPSJtMzQ2LTYwLTc2LTEzMC0xNTEtMzEgMTctMTQ3LTk2LTExMiA5Ni0xMTEtMTctMTQ3IDE1MS0zMSA3Ni0xMzEgMTM0IDYyIDEzNC02MiA3NyAxMzEgMTUwIDMxLTE3IDE0NyA5NiAxMTEtOTYgMTEyIDE3IDE0Ny0xNTAgMzEtNzcgMTMwLTEzNC02Mi0xMzQgNjJabTI3LTc5IDEwNy00NSAxMTAgNDUgNjctMTAwIDExNy0zMC0xMi0xMTkgODEtOTItODEtOTQgMTItMTE5LTExNy0yOC02OS0xMDAtMTA4IDQ1LTExMC00NS02NyAxMDAtMTE3IDI4IDEyIDExOS04MSA5NCA4MSA5Mi0xMiAxMjEgMTE3IDI4IDcwIDEwMFptMTA3LTM0MVptLTQzIDEzMyAyMjctMjI1LTQ1LTQxLTE4MiAxODAtOTUtOTktNDYgNDUgMTQxIDE0MFoiLz48L3N2Zz4=\" alt=\"\"\/><\/figure>\n<\/div>\n<\/div>\n\n\n\n<h3 class=\"wp-block-heading has-text-align-center\" style=\"margin-top:24px;font-size:clamp(0.875rem, 0.875rem + ((1vw - 0.2rem) * 0.625), 1.25rem);\">ISO 27001 Zertifizierung<\/h3>\n<\/div>\n<\/div>\n\n\n\n<div class=\"wp-block-column is-layout-flow wp-block-column-is-layout-flow\">\n<div class=\"wp-block-group has-global-padding is-layout-constrained wp-block-group-is-layout-constrained\">\n<div class=\"wp-block-group is-content-justification-center is-nowrap is-layout-flex wp-container-core-group-is-layout-23441af8 wp-block-group-is-layout-flex\">\n<div class=\"wp-block-group wp-container-content-fd3097a4 is-content-justification-center is-nowrap is-layout-flex wp-container-core-group-is-layout-23441af8 wp-block-group-is-layout-flex\" style=\"border-radius:100px;min-height:48px\">\n<figure class=\"wp-block-image aligncenter size-large wp-duotone-secondary-and-primary\"><img decoding=\"async\" src=\"data:image\/svg+xml;base64,PHN2ZyB4bWxucz0iaHR0cDovL3d3dy53My5vcmcvMjAwMC9zdmciIGhlaWdodD0iNDhweCIgdmlld0JveD0iMCAtOTYwIDk2MCA5NjAiIHdpZHRoPSI0OHB4IiBmaWxsPSIjMWUxZTFlIj48cGF0aCBkPSJtNDM2LTM0NyAyMjgtMjI4LTQyLTQxLTE4MyAxODMtMTAxLTEwMS00NCA0NCAxNDIgMTQzWm00NCAyNjZxLTE0MC0zNS0yMzAtMTYyLjVUMTYwLTUyM3YtMjM4bDMyMC0xMjAgMzIwIDEyMHYyMzhxMCAxNTItOTAgMjc5LjVUNDgwLTgxWm0wLTYycTExNS0zOCAxODcuNS0xNDMuNVQ3NDAtNTIzdi0xOTZsLTI2MC05OC0yNjAgOTh2MTk2cTAgMTMxIDcyLjUgMjM2LjVUNDgwLTE0M1ptMC0zMzdaIi8+PC9zdmc+\" alt=\"\"\/><\/figure>\n<\/div>\n<\/div>\n\n\n\n<h3 class=\"wp-block-heading has-text-align-center\" style=\"margin-top:24px;font-size:clamp(0.875rem, 0.875rem + ((1vw - 0.2rem) * 0.625), 1.25rem);\">SSL-Verschl\u00fcsselung<\/h3>\n<\/div>\n<\/div>\n\n\n\n<div class=\"wp-block-column is-layout-flow wp-block-column-is-layout-flow\">\n<div class=\"wp-block-group has-global-padding is-layout-constrained wp-block-group-is-layout-constrained\">\n<div class=\"wp-block-group is-content-justification-center is-nowrap is-layout-flex wp-container-core-group-is-layout-23441af8 wp-block-group-is-layout-flex\">\n<div class=\"wp-block-group wp-container-content-fd3097a4 is-content-justification-center is-nowrap is-layout-flex wp-container-core-group-is-layout-23441af8 wp-block-group-is-layout-flex\" style=\"border-radius:100px;min-height:48px\">\n<figure class=\"wp-block-image aligncenter size-large wp-duotone-secondary-and-primary\"><img decoding=\"async\" src=\"data:image\/svg+xml;base64,PHN2ZyB4bWxucz0iaHR0cDovL3d3dy53My5vcmcvMjAwMC9zdmciIGhlaWdodD0iNDhweCIgdmlld0JveD0iMCAtOTYwIDk2MCA5NjAiIHdpZHRoPSI0OHB4IiBmaWxsPSIjMWUxZTFlIj48cGF0aCBkPSJtMzYzLTMxMCAxMTctNzEgMTE3IDcxLTMxLTEzMyAxMDQtOTAtMTM3LTExLTUzLTEyNi01MyAxMjYtMTM3IDExIDEwNCA5MC0zMSAxMzNaTTQ4MS0yOSAzNDYtMTYwSDE2MHYtMTg2TDI2LTQ4MGwxMzQtMTM0di0xODZoMTg2bDEzNS0xMzQgMTMzIDEzNGgxODZ2MTg2bDEzNCAxMzQtMTM0IDEzNHYxODZINjE0TDQ4MS0yOVptMC04NCAxMDcuOTItMTA3SDc0MHYtMTUxbDEwOS0xMDktMTA5LTEwOXYtMTUxSDU4OUw0ODEtODQ5IDM3MS03NDBIMjIwdjE1MUwxMTEtNDgwbDEwOSAxMDl2MTUxaDE1MGwxMTEgMTA3Wm0wLTM2OFoiLz48L3N2Zz4=\" alt=\"\"\/><\/figure>\n<\/div>\n<\/div>\n\n\n\n<h3 class=\"wp-block-heading has-text-align-center\" style=\"margin-top:24px;font-size:clamp(0.875rem, 0.875rem + ((1vw - 0.2rem) * 0.625), 1.25rem);\">Datenschutzkonforme Zahlungsabwicklung<\/h3>\n<\/div>\n<\/div>\n\n\n\n<div class=\"wp-block-column is-layout-flow wp-block-column-is-layout-flow\">\n<div class=\"wp-block-group has-global-padding is-layout-constrained wp-block-group-is-layout-constrained\">\n<div class=\"wp-block-group is-content-justification-center is-nowrap is-layout-flex wp-container-core-group-is-layout-23441af8 wp-block-group-is-layout-flex\">\n<div class=\"wp-block-group wp-container-content-fd3097a4 is-content-justification-center is-nowrap is-layout-flex wp-container-core-group-is-layout-23441af8 wp-block-group-is-layout-flex\" style=\"border-radius:100px;min-height:48px\">\n<figure class=\"wp-block-image aligncenter size-large wp-duotone-secondary-and-primary\"><img decoding=\"async\" src=\"data:image\/svg+xml;base64,PHN2ZyB4bWxucz0iaHR0cDovL3d3dy53My5vcmcvMjAwMC9zdmciIGhlaWdodD0iNDhweCIgdmlld0JveD0iMCAtOTYwIDk2MCA5NjAiIHdpZHRoPSI0OHB4IiBmaWxsPSIjMWUxZTFlIj48cGF0aCBkPSJtMzIzLTI0NSAxNTctOTQgMTU3IDk1LTQyLTE3OCAxMzgtMTIwLTE4Mi0xNi03MS0xNjgtNzEgMTY3LTE4MiAxNiAxMzggMTIwLTQyIDE3OFptLTkwIDEyNSA2NS0yODFMODAtNTkwbDI4OC0yNSAxMTItMjY1IDExMiAyNjUgMjg4IDI1LTIxOCAxODkgNjUgMjgxLTI0Ny0xNDktMjQ3IDE0OVptNDU3LTU2MCAyMS04OS03MS01OSA5NC04IDM2LTg0IDM2IDg0IDk0IDgtNzEgNTkgMjEgODktODAtNDctODAgNDdaTTQ4MC00ODVaIi8+PC9zdmc+\" alt=\"\"\/><\/figure>\n<\/div>\n<\/div>\n\n\n\n<h3 class=\"wp-block-heading has-text-align-center\" style=\"margin-top:24px;font-size:clamp(0.875rem, 0.875rem + ((1vw - 0.2rem) * 0.625), 1.25rem);\">Regelm\u00e4\u00dfige Sicherheits-Audits<\/h3>\n<\/div>\n<\/div>\n<\/div>\n<\/div>\n\n\n\n<div class=\"wp-block-group alignfull has-background-background-color has-background has-global-padding is-layout-constrained wp-container-core-group-is-layout-7276a2bb wp-block-group-is-layout-constrained\" style=\"margin-top:0;margin-bottom:0;padding-top:var(--wp--preset--spacing--60);padding-right:var(--wp--preset--spacing--30);padding-bottom:var(--wp--preset--spacing--60);padding-left:var(--wp--preset--spacing--30)\">\n<div class=\"wp-block-group alignwide is-vertical is-layout-flex wp-container-core-group-is-layout-fe9cc265 wp-block-group-is-layout-flex\">\n<div class=\"wp-block-group has-global-padding is-layout-constrained wp-block-group-is-layout-constrained\">\n<h2 class=\"wp-block-heading has-large-font-size\">Informieren Sie sich \u00fcber den Schutz Ihrer Daten.<\/h2>\n\n\n\n<p style=\"margin-top:16px\">In diesem Abschnitt erfahren Sie detailliert, wie Audiobook-24 personenbezogene Daten verarbeitet und sch\u00fctzt, um Ihre Privatsph\u00e4re zu gew\u00e4hrleisten.<\/p>\n<\/div>\n<\/div>\n\n\n\n<div class=\"wp-block-columns alignwide is-layout-flex wp-container-core-columns-is-layout-a88a3fd8 wp-block-columns-is-layout-flex\">\n<div class=\"wp-block-column is-layout-flow wp-block-column-is-layout-flow\">\n<figure class=\"wp-block-image ext-aspect-landscape\"><img loading=\"lazy\" decoding=\"async\" width=\"1440\" height=\"961\" class=\"wp-image-1700\" src=\"https:\/\/audiobook-24.com\/wp-content\/uploads\/2025\/11\/099470b2c0af45c172e0f1310b7c5e6c7ae8d3ac.jpg\" alt=\"\" style=\"aspect-ratio:4\/3;object-fit:cover\" srcset=\"https:\/\/audiobook-24.com\/wp-content\/uploads\/2025\/11\/099470b2c0af45c172e0f1310b7c5e6c7ae8d3ac.jpg 1440w, https:\/\/audiobook-24.com\/wp-content\/uploads\/2025\/11\/099470b2c0af45c172e0f1310b7c5e6c7ae8d3ac-300x200.jpg 300w, https:\/\/audiobook-24.com\/wp-content\/uploads\/2025\/11\/099470b2c0af45c172e0f1310b7c5e6c7ae8d3ac-1024x683.jpg 1024w, https:\/\/audiobook-24.com\/wp-content\/uploads\/2025\/11\/099470b2c0af45c172e0f1310b7c5e6c7ae8d3ac-768x513.jpg 768w, https:\/\/audiobook-24.com\/wp-content\/uploads\/2025\/11\/099470b2c0af45c172e0f1310b7c5e6c7ae8d3ac-600x400.jpg 600w\" sizes=\"auto, (max-width: 1440px) 100vw, 1440px\" \/><\/figure>\n\n\n\n<h3 class=\"wp-block-heading\" style=\"margin-top:24px;font-size:clamp(14px, 0.875rem + ((1vw - 3.2px) * 0.625), 20px);line-height:1.5\">Datenverarbeitung<\/h3>\n\n\n\n<p class=\"has-small-font-size\" style=\"margin-top:8px\">Hier erkl\u00e4ren wir die Grundlagen der Erfassung und Nutzung Ihrer pers\u00f6nlichen Informationen.<\/p>\n\n\n\n<div class=\"wp-block-buttons is-layout-flex wp-block-buttons-is-layout-flex\">\n<div class=\"wp-block-button\"><a class=\"wp-block-button__link has-small-font-size has-custom-font-size wp-element-button\" href=\"#\">Mehr erfahren<\/a><\/div>\n<\/div>\n<\/div>\n\n\n\n<div class=\"wp-block-column is-layout-flow wp-block-column-is-layout-flow\">\n<figure class=\"wp-block-image ext-aspect-landscape\"><img loading=\"lazy\" decoding=\"async\" width=\"1440\" height=\"754\" class=\"wp-image-1699\" src=\"https:\/\/audiobook-24.com\/wp-content\/uploads\/2025\/11\/4a02d15e0bb569939c8803257221ad2f624dae2c.jpg\" alt=\"\" style=\"aspect-ratio:4\/3;object-fit:cover\" srcset=\"https:\/\/audiobook-24.com\/wp-content\/uploads\/2025\/11\/4a02d15e0bb569939c8803257221ad2f624dae2c.jpg 1440w, https:\/\/audiobook-24.com\/wp-content\/uploads\/2025\/11\/4a02d15e0bb569939c8803257221ad2f624dae2c-300x157.jpg 300w, https:\/\/audiobook-24.com\/wp-content\/uploads\/2025\/11\/4a02d15e0bb569939c8803257221ad2f624dae2c-1024x536.jpg 1024w, https:\/\/audiobook-24.com\/wp-content\/uploads\/2025\/11\/4a02d15e0bb569939c8803257221ad2f624dae2c-768x402.jpg 768w, https:\/\/audiobook-24.com\/wp-content\/uploads\/2025\/11\/4a02d15e0bb569939c8803257221ad2f624dae2c-600x314.jpg 600w\" sizes=\"auto, (max-width: 1440px) 100vw, 1440px\" \/><\/figure>\n\n\n\n<h3 class=\"wp-block-heading\" style=\"margin-top:24px;font-size:clamp(14px, 0.875rem + ((1vw - 3.2px) * 0.625), 20px);line-height:1.5\">Nutzerrechte<\/h3>\n\n\n\n<p class=\"has-small-font-size\" style=\"margin-top:8px\">Dieser Teil informiert Sie \u00fcber Ihre Rechte hinsichtlich der Datenverarbeitung auf unserer Website.<\/p>\n\n\n\n<div class=\"wp-block-buttons is-layout-flex wp-block-buttons-is-layout-flex\">\n<div class=\"wp-block-button\"><a class=\"wp-block-button__link has-small-font-size has-custom-font-size wp-element-button\" href=\"#\">Jetzt entdecken<\/a><\/div>\n<\/div>\n<\/div>\n\n\n\n<div class=\"wp-block-column is-layout-flow wp-block-column-is-layout-flow\">\n<figure class=\"wp-block-image ext-aspect-landscape\"><img loading=\"lazy\" decoding=\"async\" width=\"1440\" height=\"961\" class=\"wp-image-1701\" src=\"https:\/\/audiobook-24.com\/wp-content\/uploads\/2025\/11\/26b1fc2312c7ab6538ba4db1cda1620098456cf0.jpg\" alt=\"\" style=\"aspect-ratio:4\/3;object-fit:cover\" srcset=\"https:\/\/audiobook-24.com\/wp-content\/uploads\/2025\/11\/26b1fc2312c7ab6538ba4db1cda1620098456cf0.jpg 1440w, https:\/\/audiobook-24.com\/wp-content\/uploads\/2025\/11\/26b1fc2312c7ab6538ba4db1cda1620098456cf0-300x200.jpg 300w, https:\/\/audiobook-24.com\/wp-content\/uploads\/2025\/11\/26b1fc2312c7ab6538ba4db1cda1620098456cf0-1024x683.jpg 1024w, https:\/\/audiobook-24.com\/wp-content\/uploads\/2025\/11\/26b1fc2312c7ab6538ba4db1cda1620098456cf0-768x513.jpg 768w, https:\/\/audiobook-24.com\/wp-content\/uploads\/2025\/11\/26b1fc2312c7ab6538ba4db1cda1620098456cf0-600x400.jpg 600w\" sizes=\"auto, (max-width: 1440px) 100vw, 1440px\" \/><\/figure>\n\n\n\n<h3 class=\"wp-block-heading\" style=\"margin-top:24px;font-size:clamp(14px, 0.875rem + ((1vw - 3.2px) * 0.625), 20px);line-height:1.5\">Sicherheit<\/h3>\n\n\n\n<p class=\"has-small-font-size\" style=\"margin-top:8px\">Erfahren Sie, welche Ma\u00dfnahmen Audiobook-24 zum Schutz Ihrer Daten ergreift.<\/p>\n\n\n\n<div class=\"wp-block-buttons is-layout-flex wp-block-buttons-is-layout-flex\">\n<div class=\"wp-block-button\"><a class=\"wp-block-button__link has-small-font-size has-custom-font-size wp-element-button\" href=\"#\">Details ansehen<\/a><\/div>\n<\/div>\n<\/div>\n<\/div>\n<\/div>","protected":false},"excerpt":{"rendered":"<p>Entdecken Sie, wie wir Ihre Daten sch\u00fctzen und respektieren. Dieser Teil erl\u00e4utert die Grunds\u00e4tze von Audiobook-24, die den verantwortungsvollen Umgang mit Nutzerdaten gew\u00e4hrleisten und den Schutz Ihrer Privatsph\u00e4re sicherstellen. H\u00e4ufig gestellte Fragen zum Datenschutz Hier beantworten wir zentrale Fragen, damit Sie sich \u00fcber unsere Datenschutzpraktiken umfassend informieren k\u00f6nnen. Welche personenbezogenen Daten werden auf Audiobook-24 erhoben? [&hellip;]<\/p>\n","protected":false},"author":1,"featured_media":0,"parent":0,"menu_order":0,"comment_status":"closed","ping_status":"closed","template":"page-with-title","meta":{"footnotes":""},"class_list":["post-36","page","type-page","status-publish","hentry"],"jetpack_sharing_enabled":true,"_links":{"self":[{"href":"https:\/\/audiobook-24.com\/en\/wp-json\/wp\/v2\/pages\/36","targetHints":{"allow":["GET"]}}],"collection":[{"href":"https:\/\/audiobook-24.com\/en\/wp-json\/wp\/v2\/pages"}],"about":[{"href":"https:\/\/audiobook-24.com\/en\/wp-json\/wp\/v2\/types\/page"}],"author":[{"embeddable":true,"href":"https:\/\/audiobook-24.com\/en\/wp-json\/wp\/v2\/users\/1"}],"replies":[{"embeddable":true,"href":"https:\/\/audiobook-24.com\/en\/wp-json\/wp\/v2\/comments?post=36"}],"version-history":[{"count":4,"href":"https:\/\/audiobook-24.com\/en\/wp-json\/wp\/v2\/pages\/36\/revisions"}],"predecessor-version":[{"id":1702,"href":"https:\/\/audiobook-24.com\/en\/wp-json\/wp\/v2\/pages\/36\/revisions\/1702"}],"wp:attachment":[{"href":"https:\/\/audiobook-24.com\/en\/wp-json\/wp\/v2\/media?parent=36"}],"curies":[{"name":"wp","href":"https:\/\/api.w.org\/{rel}","templated":true}]}}